{"id":102,"date":"2016-03-09T17:01:40","date_gmt":"2016-03-09T15:01:40","guid":{"rendered":"http:\/\/saksa.tln.edu.ee\/de\/?page_id=102"},"modified":"2026-02-09T21:02:34","modified_gmt":"2026-02-09T19:02:34","slug":"siebte-klasse","status":"publish","type":"page","link":"https:\/\/saksa.tln.edu.ee\/de\/unsere-schule\/aufnahme-neuer-schueler\/siebte-klasse\/","title":{"rendered":"Die siebte Klasse (DA)"},"content":{"rendered":"<p><span data-mce-type=\"bookmark\" style=\"width: 0px;overflow: hidden;line-height: 0\" class=\"mce_SELRES_start\">\ufeff<\/span>\n<style type=\"text\/css\" data-created_by=\"avia_inline_auto\" id=\"style-css-av-2owk1i-d639c02f6081cd6b288d1fe7bfa0187f\">\n.flex_column.av-2owk1i-d639c02f6081cd6b288d1fe7bfa0187f{\nborder-radius:0px 0px 0px 0px;\npadding:0px 0px 0px 0px;\n}\n<\/style>\n<div  class='flex_column av-2owk1i-d639c02f6081cd6b288d1fe7bfa0187f av_one_full  avia-builder-el-0  el_before_av_one_full  avia-builder-el-first  first flex_column_div av-zero-column-padding  '     ><p>\n<style type=\"text\/css\" data-created_by=\"avia_inline_auto\" id=\"style-css-av-914jy-7e6c56e8d90f012c0a23d62ee5bb4b5c\">\n#top .av-special-heading.av-914jy-7e6c56e8d90f012c0a23d62ee5bb4b5c{\npadding-bottom:10px;\n}\nbody .av-special-heading.av-914jy-7e6c56e8d90f012c0a23d62ee5bb4b5c .av-special-heading-tag .heading-char{\nfont-size:25px;\n}\n.av-special-heading.av-914jy-7e6c56e8d90f012c0a23d62ee5bb4b5c .av-subheading{\nfont-size:15px;\n}\n<\/style>\n<div  class='av-special-heading av-914jy-7e6c56e8d90f012c0a23d62ee5bb4b5c av-special-heading-h1  avia-builder-el-1  el_before_av_textblock  avia-builder-el-first '><h1 class='av-special-heading-tag '  itemprop=\"headline\"  >Aufnahme in die 7. Klasse der Deutschsprachigen Abteilung<\/h1><div class=\"special-heading-border\"><div class=\"special-heading-inner-border\"><\/div><\/div><\/div><br \/>\n<section  class='av_textblock_section av-2c2g8m-404d425b48e07cf2943a252c9a4ba9ca '   itemscope=\"itemscope\" itemtype=\"https:\/\/schema.org\/CreativeWork\" ><div class='avia_textblock'  itemprop=\"text\" ><p>In die 7. Klasse werden Sch\u00fcler aufgenommen, die Deutsch als 1. Fremdsprache und Englisch als 2. Fremdsprache gelernt haben. Sch\u00fcler, die nicht Deutsch als 1. Fremdsprache gelernt haben, k\u00f6nnen ebenfalls aufgenommen werden, wenn sie gute Deutschkenntnisse haben.<\/p>\n<p><strong><span style=\"color: #ff0000\">Die Bewerbungsfrist endet am 13.M\u00e4rz 2026.<\/span><\/strong><\/p>\n<p><strong><span style=\"color: #ff00ff\">Die n\u00e4chsten Aufnahmepr\u00fcfungen finden am 20. und 23.M\u00e4rz 2026 statt. (Es wird auch einen Nachholtermin geben).<\/span><\/strong><\/p>\n<p>Alle wichtigen Termine finde Sie hier: <a href=\"https:\/\/saksa.tln.edu.ee\/de\/wp-content\/uploads\/sites\/2\/2026\/02\/Vastuv6tt-7a-2026_EST_DEU.pdf\" target=\"_blank\" rel=\"noopener\">Vastuvott_2026<\/a><\/p>\n<p>Normalerweise gibt es von der Abteilungsleitung einen Info-Elternabend. <a href=\"https:\/\/saksa.tln.edu.ee\/de\/wp-content\/uploads\/sites\/2\/2023\/02\/PPT_Warum-Deutsch.pdf\" target=\"_blank\" rel=\"noopener\">HIER<\/a> k\u00f6nnen Sie die Pr\u00e4sentation anschauen.<\/p>\n<div><strong>Aufnahmekriterien<\/strong> sind:<\/div>\n<div>\n<ul>\n<li>das Erfolgreiche Bestehen schriftlicher Tests in den F\u00e4chern Deutsch, Mathematik und Englisch<\/li>\n<li>das F\u00fchren eines Gespr\u00e4chs in deutscher Sprache<\/li>\n<li>gute bis sehr gute Leistungen in den ersten drei Quartalen des sechsten Schuljahrs<\/li>\n<\/ul>\n<p>Laden Sie hier das erforderliche <strong>Dokument<\/strong>\u00a0herunter (estnisch <em>oder<\/em> deutsch):<\/p>\n<p><em>Selbstauskunft auf Estnisch:<\/em><\/p>\n<p><a href=\"https:\/\/saksa.tln.edu.ee\/de\/wp-content\/uploads\/sites\/2\/2026\/02\/Enesetutvustuse_EST.pdf\">Enesetutvustuse_EST<\/a><\/p>\n<p><em>Selbstauskunft auf Deutsch:<\/em><\/p>\n<p><a href=\"https:\/\/saksa.tln.edu.ee\/de\/wp-content\/uploads\/sites\/2\/2026\/02\/Selbstauskunft_DE.pdf\">Selbstauskunft_DE<\/a><\/p>\n<p><strong>Kontakt<\/strong> f\u00fcr R\u00fcckfragen:<\/p>\n<p>Leitung der Deutschsprachigen Abteilung<\/p>\n<p>E-Mail: <a href=\"ma&#105;&#108;&#x74;&#x6f;&#x3a;&#x64;ps&#46;&#98;&#x2e;&#x74;&#x61;&#x6c;li&#110;&#110;&#64;&#x61;&#x75;&#x73;&#x6c;an&#100;&#115;&#x73;&#x63;&#x68;&#x75;lw&#101;&#115;&#x65;&#x6e;&#x2e;&#x64;e\">dps&#46;&#98;&#46;&#116;&#97;&#108;&#108;&#105;&#x6e;&#x6e;&#x40;&#x61;&#x75;&#x73;&#x6c;&#x61;&#x6e;dssc&#104;&#117;&#108;&#119;&#101;&#115;&#101;&#x6e;&#x2e;&#x64;&#x65;<\/a><\/p>\n<p><strong>Wir freuen uns \u00fcber Deine Bewerbung!<\/strong><\/p>\n<p>Hast du Fragen zur Deutschsprachigen Abteilung? Dann gehe zur folgenden Seite:<\/p>\n<\/div>\n<\/div><\/section><br \/>\n<div  class='avia-button-wrap av-le2glsuz-9d329210c42ac6ae7f731ec328396d05-wrap avia-button-center  avia-builder-el-3  el_after_av_textblock  avia-builder-el-last '><a href='https:\/\/saksa.tln.edu.ee\/de\/faqs\/'  class='avia-button av-le2glsuz-9d329210c42ac6ae7f731ec328396d05 av-link-btn avia-icon_select-yes-left-icon avia-size-x-large avia-position-center avia-color-theme-color'  target=\"_blank\"  rel=\"noopener noreferrer\"  aria-label=\"Frequently Asked Questions (FAQs)\"><span class='avia_button_icon avia_button_icon_left avia-iconfont avia-font-entypo-fontello' data-av_icon='\ue81d' data-av_iconfont='entypo-fontello' ><\/span><span class='avia_iconbox_title' >Frequently Asked Questions (FAQs)<\/span><\/a><\/div><\/p><\/div><span data-mce-type=\"bookmark\" style=\"width: 0px;overflow: hidden;line-height: 0\" class=\"mce_SELRES_end\">\ufeff<\/span>\n<style type=\"text\/css\" data-created_by=\"avia_inline_auto\" id=\"style-css-av-24s292-9e98e1dd952687f31240fe27cc437fcb\">\n.flex_column.av-24s292-9e98e1dd952687f31240fe27cc437fcb{\nborder-radius:0px 0px 0px 0px;\npadding:0px 0px 0px 0px;\n}\n<\/style>\n<div  class='flex_column av-24s292-9e98e1dd952687f31240fe27cc437fcb av_one_full  avia-builder-el-4  el_after_av_one_full  avia-builder-el-last  first flex_column_div av-zero-column-padding  column-top-margin'     ><div  class='avia-logo-element-container av-1u9nke-8a05e188f8041270c292e268dc386ae4 av-border-deactivate avia-logo-grid avia-content-slider avia-smallarrow-slider avia-content-grid-active noHover avia-content-slider-odd  avia-builder-el-5  avia-builder-el-no-sibling  avia-content-slider1' ><div class='avia-smallarrow-slider-heading  no-logo-slider-heading '><div class='new-special-heading'>&nbsp;<\/div><\/div><div class=\"avia-content-slider-inner\"><div class=\"slide-entry-wrap\"><div  class='slide-entry av-1p27vq-aa9af35cd4d7c2810aa65f38489708dc flex_column no_margin av_one_fifth real-thumbnail post-entry slide-entry-overview slide-loop-1 slide-parity-odd  first'><a href=\"http:\/\/www.tallinn.diplo.de\/Vertretung\/tallinn\/de\/Startseite.html\" data-rel='slide-1' class='slide-image' title=''  target=\"_blank\"  rel=\"noopener noreferrer\"><span class='av-partner-fake-img' style='padding-bottom:44.333333333333%; background-image:url(https:\/\/saksa.tln.edu.ee\/de\/wp-content\/uploads\/sites\/2\/2017\/03\/Tallinn_deut_o_c-300x133.jpg);'><\/span><\/a><\/div><div  class='slide-entry av-1lpahi-bea9bb89d86cf3b6912f6c9240703aff flex_column no_margin av_one_fifth real-thumbnail post-entry slide-entry-overview slide-loop-2 slide-parity-even  '><a href=\"http:\/\/www.bva.bund.de\/DE\/Organisation\/Abteilungen\/Abteilung_ZfA\/DieZfA\/node.html\" data-rel='slide-1' class='slide-image' title=''  target=\"_blank\"  rel=\"noopener noreferrer\"><span class='av-partner-fake-img' style='padding-bottom:44.333333333333%; background-image:url(https:\/\/saksa.tln.edu.ee\/de\/wp-content\/uploads\/sites\/2\/2016\/03\/zfa.jpg);'><\/span><\/a><\/div><div  class='slide-entry av-1dc0t2-7caad72322c3f7508fb434cd7896f0e0 flex_column no_margin av_one_fifth real-thumbnail post-entry slide-entry-overview slide-loop-3 slide-parity-odd  '><a href=\"http:\/\/www.bva.bund.de\/DE\/Organisation\/Abteilungen\/Abteilung_ZfA\/Auslandsschularbeit\/Schulen_im_Ausland\/Deutsch-Profil-Schulen\/node.html\" data-rel='slide-1' class='slide-image' title=''  target=\"_blank\"  rel=\"noopener noreferrer\"><span class='av-partner-fake-img' style='padding-bottom:44.333333333333%; background-image:url(https:\/\/saksa.tln.edu.ee\/de\/wp-content\/uploads\/sites\/2\/2016\/03\/Logo_DPS.png);'><\/span><\/a><\/div><div  class='slide-entry av-16qmie-c6302662716cfae8fd782ef6bdd9dfd1 flex_column no_margin av_one_fifth real-thumbnail post-entry slide-entry-overview slide-loop-4 slide-parity-even  '><a href=\"http:\/\/www.pasch-net.de\/de\/index.html\" data-rel='slide-1' class='slide-image' title=''  target=\"_blank\"  rel=\"noopener noreferrer\"><span class='av-partner-fake-img' style='padding-bottom:44.333333333333%; background-image:url(https:\/\/saksa.tln.edu.ee\/de\/wp-content\/uploads\/sites\/2\/2016\/03\/partner_der_zukunft.jpg);'><\/span><\/a><\/div><div  class='slide-entry av-14bpni-2e9100541a1e416bbb654d1c69553959 flex_column no_margin av_one_fifth real-thumbnail post-entry slide-entry-overview slide-loop-5 slide-parity-odd  '><a href=\"https:\/\/www.kmk.org\" data-rel='slide-1' class='slide-image' title='' ><span class='av-partner-fake-img' style='padding-bottom:44.333333333333%; background-image:url(https:\/\/saksa.tln.edu.ee\/de\/wp-content\/uploads\/sites\/2\/2017\/05\/kmk-logo.png);'><\/span><\/a><\/div><\/div><div class=\"slide-entry-wrap\"><div  class='slide-entry av-3i3fi-d30a484c8b465d07686e9112151ea6fb flex_column no_margin av_one_fifth real-thumbnail post-entry slide-entry-overview slide-loop-6 slide-parity-odd  first'><a href=\"https:\/\/www.goethe.de\/ins\/ee\/de\/index.html\" data-rel='slide-1' class='slide-image' title=''  target=\"_blank\"  rel=\"noopener noreferrer\"><span class='av-partner-fake-img' style='padding-bottom:44.333333333333%; background-image:url(https:\/\/saksa.tln.edu.ee\/de\/wp-content\/uploads\/sites\/2\/2017\/10\/GoetheInstitut201709-300x141.png);'><\/span><\/a><\/div><div  class='slide-entry av-ozv52-6a6dff54ae811b4c38f7b12dfb917aff flex_column no_margin av_one_fifth real-thumbnail post-entry slide-entry-overview slide-loop-7 slide-parity-even  '><a href=\"http:\/\/www.planpolitik.de\/projekt\/erasmus-projekt-imteam4eu\/\" data-rel='slide-1' class='slide-image' title=''  target=\"_blank\"  rel=\"noopener noreferrer\"><span class='av-partner-fake-img' style='padding-bottom:44.333333333333%; background-image:url(https:\/\/saksa.tln.edu.ee\/de\/wp-content\/uploads\/sites\/2\/2016\/03\/ImTeam4EU-v.png);'><\/span><\/a><\/div><div  class='slide-entry av-mfhiu-ffa2b6981a384e995f679670ae54e4c7 flex_column no_margin av_one_fifth real-thumbnail post-entry slide-entry-overview slide-loop-8 slide-parity-odd  '><a href=\"https:\/\/ec.europa.eu\/programmes\/erasmus-plus\/node_en\" data-rel='slide-1' class='slide-image' title=''  target=\"_blank\"  rel=\"noopener noreferrer\"><span class='av-partner-fake-img' style='padding-bottom:44.333333333333%; background-image:url(https:\/\/saksa.tln.edu.ee\/de\/wp-content\/uploads\/sites\/2\/2016\/03\/EUflag-Erasmus-vv.png);'><\/span><\/a><\/div><div  class='slide-entry av-eymie-7f24915f99adf0bd61b67e5a2ea18930 flex_column no_margin av_one_fifth real-thumbnail post-entry slide-entry-overview slide-loop-9 slide-parity-even  '><a href=\"http:\/\/www.edlv.ee\/www4\/\" data-rel='slide-1' class='slide-image' title=''  target=\"_blank\"  rel=\"noopener noreferrer\"><span class='av-partner-fake-img' style='padding-bottom:44.333333333333%; background-image:url(https:\/\/saksa.tln.edu.ee\/de\/wp-content\/uploads\/sites\/2\/2016\/03\/EstnischerDeutschlehrerverband-300x119.jpg);'><\/span><\/a><\/div><div  class='slide-entry av-6vx8e-cca50fc103c39feb5d1674c22f7f5aa7 flex_column no_margin av_one_fifth real-thumbnail post-entry slide-entry-overview slide-loop-10 slide-parity-odd post-entry-last '><a href=\"http:\/\/deutsch.ee\/de\/\" data-rel='slide-1' class='slide-image' title='' ><span class='av-partner-fake-img' style='padding-bottom:44.333333333333%; background-image:url(https:\/\/saksa.tln.edu.ee\/de\/wp-content\/uploads\/sites\/2\/2016\/03\/DeutschesKulturinstitut-300x45.png);'><\/span><\/a><\/div><\/div><\/div><\/div><\/div><\/p>\n","protected":false},"excerpt":{"rendered":"<p>\ufeff\ufeff<\/p>\n","protected":false},"author":1,"featured_media":0,"parent":92,"menu_order":0,"comment_status":"closed","ping_status":"closed","template":"","meta":{"footnotes":""},"class_list":["post-102","page","type-page","status-publish","hentry"],"yoast_head":"<!-- This site is optimized with the Yoast SEO plugin v26.7 - https:\/\/yoast.com\/wordpress\/plugins\/seo\/ -->\n<title>Die siebte Klasse (DA) - Tallinna Saksa G\u00fcmnaasium - Deutsches Gymnasium Tallinn<\/title>\n<meta name=\"robots\" content=\"index, follow, max-snippet:-1, max-image-preview:large, max-video-preview:-1\" \/>\n<link rel=\"canonical\" href=\"https:\/\/saksa.tln.edu.ee\/de\/unsere-schule\/aufnahme-neuer-schueler\/siebte-klasse\/\" \/>\n<meta property=\"og:locale\" content=\"de_DE\" \/>\n<meta property=\"og:type\" content=\"article\" \/>\n<meta property=\"og:title\" content=\"Die siebte Klasse (DA) - Tallinna Saksa G\u00fcmnaasium - Deutsches Gymnasium Tallinn\" \/>\n<meta property=\"og:description\" content=\"\ufeff\ufeff\" \/>\n<meta property=\"og:url\" content=\"https:\/\/saksa.tln.edu.ee\/de\/unsere-schule\/aufnahme-neuer-schueler\/siebte-klasse\/\" \/>\n<meta property=\"og:site_name\" content=\"Tallinna Saksa G\u00fcmnaasium - Deutsches Gymnasium Tallinn\" \/>\n<meta property=\"article:publisher\" content=\"https:\/\/www.facebook.com\/tallinnasaksagymnaasium\" \/>\n<meta property=\"article:modified_time\" content=\"2026-02-09T19:02:34+00:00\" \/>\n<meta name=\"twitter:card\" content=\"summary_large_image\" \/>\n<meta name=\"twitter:label1\" content=\"Gesch\u00e4tzte Lesezeit\" \/>\n\t<meta name=\"twitter:data1\" content=\"1\u00a0Minute\" \/>\n<script type=\"application\/ld+json\" class=\"yoast-schema-graph\">{\"@context\":\"https:\/\/schema.org\",\"@graph\":[{\"@type\":\"WebPage\",\"@id\":\"https:\/\/saksa.tln.edu.ee\/de\/unsere-schule\/aufnahme-neuer-schueler\/siebte-klasse\/\",\"url\":\"https:\/\/saksa.tln.edu.ee\/de\/unsere-schule\/aufnahme-neuer-schueler\/siebte-klasse\/\",\"name\":\"Die siebte Klasse (DA) - Tallinna Saksa G\u00fcmnaasium - Deutsches Gymnasium Tallinn\",\"isPartOf\":{\"@id\":\"https:\/\/saksa.tln.edu.ee\/de\/#website\"},\"datePublished\":\"2016-03-09T15:01:40+00:00\",\"dateModified\":\"2026-02-09T19:02:34+00:00\",\"breadcrumb\":{\"@id\":\"https:\/\/saksa.tln.edu.ee\/de\/unsere-schule\/aufnahme-neuer-schueler\/siebte-klasse\/#breadcrumb\"},\"inLanguage\":\"de\",\"potentialAction\":[{\"@type\":\"ReadAction\",\"target\":[\"https:\/\/saksa.tln.edu.ee\/de\/unsere-schule\/aufnahme-neuer-schueler\/siebte-klasse\/\"]}]},{\"@type\":\"BreadcrumbList\",\"@id\":\"https:\/\/saksa.tln.edu.ee\/de\/unsere-schule\/aufnahme-neuer-schueler\/siebte-klasse\/#breadcrumb\",\"itemListElement\":[{\"@type\":\"ListItem\",\"position\":1,\"name\":\"Home\",\"item\":\"https:\/\/saksa.tln.edu.ee\/de\/\"},{\"@type\":\"ListItem\",\"position\":2,\"name\":\"Deutschsprachige Abteilung\",\"item\":\"https:\/\/saksa.tln.edu.ee\/de\/\"},{\"@type\":\"ListItem\",\"position\":3,\"name\":\"Aufnahme neuer Sch\u00fcler:innen\",\"item\":\"https:\/\/saksa.tln.edu.ee\/de\/unsere-schule\/aufnahme-neuer-schueler\/\"},{\"@type\":\"ListItem\",\"position\":4,\"name\":\"Die siebte Klasse (DA)\"}]},{\"@type\":\"WebSite\",\"@id\":\"https:\/\/saksa.tln.edu.ee\/de\/#website\",\"url\":\"https:\/\/saksa.tln.edu.ee\/de\/\",\"name\":\"Tallinna Saksa G\u00fcmnaasium - Deutsches Gymnasium Tallinn\",\"description\":\"DPS-Schule | Deutsch-Profil-Schule in Estlands Hauptstadt Tallinn\",\"publisher\":{\"@id\":\"https:\/\/saksa.tln.edu.ee\/de\/#organization\"},\"potentialAction\":[{\"@type\":\"SearchAction\",\"target\":{\"@type\":\"EntryPoint\",\"urlTemplate\":\"https:\/\/saksa.tln.edu.ee\/de\/?s={search_term_string}\"},\"query-input\":{\"@type\":\"PropertyValueSpecification\",\"valueRequired\":true,\"valueName\":\"search_term_string\"}}],\"inLanguage\":\"de\"},{\"@type\":\"Organization\",\"@id\":\"https:\/\/saksa.tln.edu.ee\/de\/#organization\",\"name\":\"Tallinna Saksa G\u00fcmnaasium\",\"url\":\"https:\/\/saksa.tln.edu.ee\/de\/\",\"logo\":{\"@type\":\"ImageObject\",\"inLanguage\":\"de\",\"@id\":\"https:\/\/saksa.tln.edu.ee\/de\/#\/schema\/logo\/image\/\",\"url\":\"https:\/\/saksa.tln.edu.ee\/de\/wp-content\/uploads\/sites\/2\/2020\/09\/tsg.png\",\"contentUrl\":\"https:\/\/saksa.tln.edu.ee\/de\/wp-content\/uploads\/sites\/2\/2020\/09\/tsg.png\",\"width\":261,\"height\":278,\"caption\":\"Tallinna Saksa G\u00fcmnaasium\"},\"image\":{\"@id\":\"https:\/\/saksa.tln.edu.ee\/de\/#\/schema\/logo\/image\/\"},\"sameAs\":[\"https:\/\/www.facebook.com\/tallinnasaksagymnaasium\",\"https:\/\/www.instagram.com\/tallinnasaksagymnaasium\/\",\"https:\/\/www.youtube.com\/user\/TSGVideoTV\",\"https:\/\/et.wikipedia.org\/wiki\/Tallinna_Saksa_G\u00fcmnaasium\"]}]}<\/script>\n<!-- \/ Yoast SEO plugin. -->","yoast_head_json":{"title":"Die siebte Klasse (DA) - Tallinna Saksa G\u00fcmnaasium - Deutsches Gymnasium Tallinn","robots":{"index":"index","follow":"follow","max-snippet":"max-snippet:-1","max-image-preview":"max-image-preview:large","max-video-preview":"max-video-preview:-1"},"canonical":"https:\/\/saksa.tln.edu.ee\/de\/unsere-schule\/aufnahme-neuer-schueler\/siebte-klasse\/","og_locale":"de_DE","og_type":"article","og_title":"Die siebte Klasse (DA) - Tallinna Saksa G\u00fcmnaasium - Deutsches Gymnasium Tallinn","og_description":"\ufeff\ufeff","og_url":"https:\/\/saksa.tln.edu.ee\/de\/unsere-schule\/aufnahme-neuer-schueler\/siebte-klasse\/","og_site_name":"Tallinna Saksa G\u00fcmnaasium - Deutsches Gymnasium Tallinn","article_publisher":"https:\/\/www.facebook.com\/tallinnasaksagymnaasium","article_modified_time":"2026-02-09T19:02:34+00:00","twitter_card":"summary_large_image","twitter_misc":{"Gesch\u00e4tzte Lesezeit":"1\u00a0Minute"},"schema":{"@context":"https:\/\/schema.org","@graph":[{"@type":"WebPage","@id":"https:\/\/saksa.tln.edu.ee\/de\/unsere-schule\/aufnahme-neuer-schueler\/siebte-klasse\/","url":"https:\/\/saksa.tln.edu.ee\/de\/unsere-schule\/aufnahme-neuer-schueler\/siebte-klasse\/","name":"Die siebte Klasse (DA) - Tallinna Saksa G\u00fcmnaasium - Deutsches Gymnasium Tallinn","isPartOf":{"@id":"https:\/\/saksa.tln.edu.ee\/de\/#website"},"datePublished":"2016-03-09T15:01:40+00:00","dateModified":"2026-02-09T19:02:34+00:00","breadcrumb":{"@id":"https:\/\/saksa.tln.edu.ee\/de\/unsere-schule\/aufnahme-neuer-schueler\/siebte-klasse\/#breadcrumb"},"inLanguage":"de","potentialAction":[{"@type":"ReadAction","target":["https:\/\/saksa.tln.edu.ee\/de\/unsere-schule\/aufnahme-neuer-schueler\/siebte-klasse\/"]}]},{"@type":"BreadcrumbList","@id":"https:\/\/saksa.tln.edu.ee\/de\/unsere-schule\/aufnahme-neuer-schueler\/siebte-klasse\/#breadcrumb","itemListElement":[{"@type":"ListItem","position":1,"name":"Home","item":"https:\/\/saksa.tln.edu.ee\/de\/"},{"@type":"ListItem","position":2,"name":"Deutschsprachige Abteilung","item":"https:\/\/saksa.tln.edu.ee\/de\/"},{"@type":"ListItem","position":3,"name":"Aufnahme neuer Sch\u00fcler:innen","item":"https:\/\/saksa.tln.edu.ee\/de\/unsere-schule\/aufnahme-neuer-schueler\/"},{"@type":"ListItem","position":4,"name":"Die siebte Klasse (DA)"}]},{"@type":"WebSite","@id":"https:\/\/saksa.tln.edu.ee\/de\/#website","url":"https:\/\/saksa.tln.edu.ee\/de\/","name":"Tallinna Saksa G\u00fcmnaasium - Deutsches Gymnasium Tallinn","description":"DPS-Schule | Deutsch-Profil-Schule in Estlands Hauptstadt Tallinn","publisher":{"@id":"https:\/\/saksa.tln.edu.ee\/de\/#organization"},"potentialAction":[{"@type":"SearchAction","target":{"@type":"EntryPoint","urlTemplate":"https:\/\/saksa.tln.edu.ee\/de\/?s={search_term_string}"},"query-input":{"@type":"PropertyValueSpecification","valueRequired":true,"valueName":"search_term_string"}}],"inLanguage":"de"},{"@type":"Organization","@id":"https:\/\/saksa.tln.edu.ee\/de\/#organization","name":"Tallinna Saksa G\u00fcmnaasium","url":"https:\/\/saksa.tln.edu.ee\/de\/","logo":{"@type":"ImageObject","inLanguage":"de","@id":"https:\/\/saksa.tln.edu.ee\/de\/#\/schema\/logo\/image\/","url":"https:\/\/saksa.tln.edu.ee\/de\/wp-content\/uploads\/sites\/2\/2020\/09\/tsg.png","contentUrl":"https:\/\/saksa.tln.edu.ee\/de\/wp-content\/uploads\/sites\/2\/2020\/09\/tsg.png","width":261,"height":278,"caption":"Tallinna Saksa G\u00fcmnaasium"},"image":{"@id":"https:\/\/saksa.tln.edu.ee\/de\/#\/schema\/logo\/image\/"},"sameAs":["https:\/\/www.facebook.com\/tallinnasaksagymnaasium","https:\/\/www.instagram.com\/tallinnasaksagymnaasium\/","https:\/\/www.youtube.com\/user\/TSGVideoTV","https:\/\/et.wikipedia.org\/wiki\/Tallinna_Saksa_G\u00fcmnaasium"]}]}},"_links":{"self":[{"href":"https:\/\/saksa.tln.edu.ee\/de\/wp-json\/wp\/v2\/pages\/102","targetHints":{"allow":["GET"]}}],"collection":[{"href":"https:\/\/saksa.tln.edu.ee\/de\/wp-json\/wp\/v2\/pages"}],"about":[{"href":"https:\/\/saksa.tln.edu.ee\/de\/wp-json\/wp\/v2\/types\/page"}],"author":[{"embeddable":true,"href":"https:\/\/saksa.tln.edu.ee\/de\/wp-json\/wp\/v2\/users\/1"}],"replies":[{"embeddable":true,"href":"https:\/\/saksa.tln.edu.ee\/de\/wp-json\/wp\/v2\/comments?post=102"}],"version-history":[{"count":5,"href":"https:\/\/saksa.tln.edu.ee\/de\/wp-json\/wp\/v2\/pages\/102\/revisions"}],"predecessor-version":[{"id":9321,"href":"https:\/\/saksa.tln.edu.ee\/de\/wp-json\/wp\/v2\/pages\/102\/revisions\/9321"}],"up":[{"embeddable":true,"href":"https:\/\/saksa.tln.edu.ee\/de\/wp-json\/wp\/v2\/pages\/92"}],"wp:attachment":[{"href":"https:\/\/saksa.tln.edu.ee\/de\/wp-json\/wp\/v2\/media?parent=102"}],"curies":[{"name":"wp","href":"https:\/\/api.w.org\/{rel}","templated":true}]}}