{"id":113,"date":"2016-03-14T10:13:34","date_gmt":"2016-03-14T08:13:34","guid":{"rendered":"http:\/\/saksa.tln.edu.ee\/de\/?page_id=113"},"modified":"2026-02-09T17:16:31","modified_gmt":"2026-02-09T15:16:31","slug":"zehnte-klasse","status":"publish","type":"page","link":"https:\/\/saksa.tln.edu.ee\/de\/unsere-schule\/aufnahme-neuer-schueler\/zehnte-klasse\/","title":{"rendered":"Die zehnte Klasse (DA)"},"content":{"rendered":"\n<style type=\"text\/css\" data-created_by=\"avia_inline_auto\" id=\"style-css-av-2q6g21-1c8543d61fbd37de17885690ea9ae754\">\n.flex_column.av-2q6g21-1c8543d61fbd37de17885690ea9ae754{\nborder-radius:0px 0px 0px 0px;\npadding:0px 0px 0px 0px;\n}\n<\/style>\n<div  class='flex_column av-2q6g21-1c8543d61fbd37de17885690ea9ae754 av_one_full  avia-builder-el-0  el_before_av_four_fifth  avia-builder-el-first  first flex_column_div av-zero-column-padding  '     ><p>\n<style type=\"text\/css\" data-created_by=\"avia_inline_auto\" id=\"style-css-av-8b0qx-576991189c938bf82e63992616c1c5dd\">\n#top .av-special-heading.av-8b0qx-576991189c938bf82e63992616c1c5dd{\npadding-bottom:10px;\n}\nbody .av-special-heading.av-8b0qx-576991189c938bf82e63992616c1c5dd .av-special-heading-tag .heading-char{\nfont-size:25px;\n}\n.av-special-heading.av-8b0qx-576991189c938bf82e63992616c1c5dd .av-subheading{\nfont-size:15px;\n}\n<\/style>\n<div  class='av-special-heading av-8b0qx-576991189c938bf82e63992616c1c5dd av-special-heading-h1  avia-builder-el-1  el_before_av_textblock  avia-builder-el-first '><h1 class='av-special-heading-tag '  itemprop=\"headline\"  >Aufnahme in die 10. Klasse der DA<\/h1><div class=\"special-heading-border\"><div class=\"special-heading-inner-border\"><\/div><\/div><\/div><br \/>\n<section  class='av_textblock_section av-2dbzwp-658d629debdefc64eca724752f9d5995 '   itemscope=\"itemscope\" itemtype=\"https:\/\/schema.org\/CreativeWork\" ><div class='avia_textblock'  itemprop=\"text\" ><p>In den Klassen 10, 11 und 12 bereiten sich die Sch\u00fclerinnen und Sch\u00fcler der Deutsch\u00adsprachigen Abteilung auf die estnischen <u>und<\/u> die deutschen Abschlusspr\u00fcfungen vor. <strong>Deutsch, Mathematik, Biologie, Geschichte und Physik<\/strong> werden in deutscher Sprache unterrichtet. Deutsch, Mathematik und ein drittes Fach werden in deutscher Sprache nach Vorgaben aus Deutschland gepr\u00fcft. Die Absolventen der Abteilung erwerben so neben dem <strong>estnischen Abschluss<\/strong> (<em>riigieksamtunnistus<\/em>) auch das<strong> deutsche Abitur<\/strong>, das zum Studium in Deutschland berechtigt. Das ist ein einzigartiges Angebot im Baltikum!<\/p>\n<p>Der Besuch der Abteilung bietet gro\u00dfe Chancen: Vertiefe Kenntnisse der deutschen Kultur, Geschichte und Schulkultur, ausgezeichneten Unterricht, viele interessante Projekte und die Chance, Deutsch als Wissenschaftssprache zu lernen.<\/p>\n<p>Die zweisprachige Ausbildung ist eine Herausforderung und verlangt von den Sch\u00fclern einen gro\u00dfen Einsatz. F\u00fcr die Aufnahme in die 10. Klasse gibt es diese Anforderungen:<\/p>\n<ul>\n<li>die Anmeldung an der Schule (<a href=\"https:\/\/sisseastumine.ee\/tlnsaksagymnaasium\" target=\"_blank\" rel=\"noopener\">Avaldus<\/a>)<\/li>\n<li>ein Bewerbungsschreiben<\/li>\n<li>Deutschkenntnisse auf dem Niveau B1 (DSD I oder Goethe-Zertifikat)<\/li>\n<li>gute Kenntnisse in Mathematik<\/li>\n<li>gute Leistungen in den deutschsprachigen F\u00e4chern oder eine Aufnahmepr\u00fcfung in Deutsch und Mathematik (ausw\u00e4rtige Bewerber)<\/li>\n<\/ul>\n<p>Ausw\u00e4rtige Bewerber werden vor der Aufnahmepr\u00fcfung zu einem Bewerbungsgespr\u00e4ch mit dem Leiter der Deutschsprachigen Abteilung eingeladen. F\u00fcr Interessenten von deutschsprachigen Schulen ist das letzte Versetzungszeugnis ma\u00dfgebend.<\/p>\n<p>Wir freuen uns auf Euch, es lohnt sich! F\u00fcr R\u00fcckfragen stehen wir gerne zur Verf\u00fcgung.<\/p>\n<p><em>Claudia Host, LDA und<\/em><\/p>\n<p><em>die Lehrerinnen und Lehrer der Deutschsprachigen Abteilung<\/em><\/p>\n<p><em>\u00a0<\/em><\/p>\n<p><strong>Kontakt:<\/strong><\/p>\n<p>&#x64;&#x70;&#x73;&#46;&#98;&#46;ta&#x6c;&#x6c;&#x69;&#x6e;&#110;&#64;au&#x73;&#x6c;&#x61;&#x6e;&#100;&#115;sc&#x68;&#x75;&#x6c;&#x77;&#101;&#115;&#101;n&#46;&#x64;&#x65;<\/p>\n<p>Die Informationen zur Aufnahme in die zehnte Klasse hier als pdf:<\/p>\n<p><a href=\"https:\/\/saksa.tln.edu.ee\/de\/wp-content\/uploads\/sites\/2\/2026\/02\/Aufnahme-in-Klasse-10a-2026.pdf\" target=\"_blank\" rel=\"noopener\">Aufnahme in Klasse 10 der DA<\/a><\/p>\n<\/div><\/section><\/p><\/div>\n<style type=\"text\/css\" data-created_by=\"avia_inline_auto\" id=\"style-css-av-20es81-046588c062d82786992f3545eeaba900\">\n.flex_column.av-20es81-046588c062d82786992f3545eeaba900{\nborder-radius:0px 0px 0px 0px;\npadding:0px 0px 0px 0px;\n}\n<\/style>\n<div  class='flex_column av-20es81-046588c062d82786992f3545eeaba900 av_four_fifth  avia-builder-el-3  el_after_av_one_full  avia-builder-el-last  first flex_column_div av-zero-column-padding  column-top-margin'     ><div  class='avia-logo-element-container av-1yukax-fff3c3441e78d789483161c0676b33c7 av-border-deactivate avia-logo-grid avia-content-slider avia-smallarrow-slider avia-content-grid-active noHover avia-content-slider-odd  avia-builder-el-4  avia-builder-el-no-sibling  avia-content-slider1' ><div class='avia-smallarrow-slider-heading  no-logo-slider-heading '><div class='new-special-heading'>&nbsp;<\/div><\/div><div class=\"avia-content-slider-inner\"><div class=\"slide-entry-wrap\"><div  class='slide-entry av-1op0kx-70030e2cf103f975c76046e234a697bc flex_column no_margin av_one_fifth real-thumbnail post-entry slide-entry-overview slide-loop-1 slide-parity-odd  first'><a href=\"http:\/\/www.tallinn.diplo.de\/Vertretung\/tallinn\/de\/Startseite.html\" data-rel='slide-1' class='slide-image' title=''  target=\"_blank\"  rel=\"noopener noreferrer\"><span class='av-partner-fake-img' style='padding-bottom:44.333333333333%; background-image:url(https:\/\/saksa.tln.edu.ee\/de\/wp-content\/uploads\/sites\/2\/2017\/03\/Tallinn_deut_o_c-300x133.jpg);'><\/span><\/a><\/div><div  class='slide-entry av-1mm3tl-83488efd0a3f96958919fbdd7eeb3f6a flex_column no_margin av_one_fifth real-thumbnail post-entry slide-entry-overview slide-loop-2 slide-parity-even  '><a href=\"http:\/\/www.bva.bund.de\/DE\/Organisation\/Abteilungen\/Abteilung_ZfA\/DieZfA\/node.html\" data-rel='slide-1' class='slide-image' title=''  target=\"_blank\"  rel=\"noopener noreferrer\"><span class='av-partner-fake-img' style='padding-bottom:44.333333333333%; background-image:url(https:\/\/saksa.tln.edu.ee\/de\/wp-content\/uploads\/sites\/2\/2016\/03\/zfa.jpg);'><\/span><\/a><\/div><div  class='slide-entry av-1fr65t-dbd97805c15d3e5c3794ee7a554ec565 flex_column no_margin av_one_fifth real-thumbnail post-entry slide-entry-overview slide-loop-3 slide-parity-odd  '><a href=\"http:\/\/www.bva.bund.de\/DE\/Organisation\/Abteilungen\/Abteilung_ZfA\/Auslandsschularbeit\/Schulen_im_Ausland\/Deutsch-Profil-Schulen\/node.html\" data-rel='slide-1' class='slide-image' title=''  target=\"_blank\"  rel=\"noopener noreferrer\"><span class='av-partner-fake-img' style='padding-bottom:44.333333333333%; background-image:url(https:\/\/saksa.tln.edu.ee\/de\/wp-content\/uploads\/sites\/2\/2016\/03\/Logo_DPS.png);'><\/span><\/a><\/div><div  class='slide-entry av-1945zt-3446ff051a700ace81544a862957437b flex_column no_margin av_one_fifth real-thumbnail post-entry slide-entry-overview slide-loop-4 slide-parity-even  '><a href=\"http:\/\/www.pasch-net.de\/de\/index.html\" data-rel='slide-1' class='slide-image' title=''  target=\"_blank\"  rel=\"noopener noreferrer\"><span class='av-partner-fake-img' style='padding-bottom:44.333333333333%; background-image:url(https:\/\/saksa.tln.edu.ee\/de\/wp-content\/uploads\/sites\/2\/2016\/03\/partner_der_zukunft.jpg);'><\/span><\/a><\/div><div  class='slide-entry av-1418ch-099a7871288870607e8e4d2a53057a16 flex_column no_margin av_one_fifth real-thumbnail post-entry slide-entry-overview slide-loop-5 slide-parity-odd  '><a href=\"https:\/\/www.kmk.org\" data-rel='slide-1' class='slide-image' title='' ><span class='av-partner-fake-img' style='padding-bottom:44.333333333333%; background-image:url(https:\/\/saksa.tln.edu.ee\/de\/wp-content\/uploads\/sites\/2\/2017\/05\/kmk-logo.png);'><\/span><\/a><\/div><\/div><div class=\"slide-entry-wrap\"><div  class='slide-entry av-uyi01-3ebba0a6b777bf36c2a52757be0c9566 flex_column no_margin av_one_fifth real-thumbnail post-entry slide-entry-overview slide-loop-6 slide-parity-odd  first'><a href=\"https:\/\/www.goethe.de\/ins\/ee\/de\/index.html\" data-rel='slide-1' class='slide-image' title=''  target=\"_blank\"  rel=\"noopener noreferrer\"><span class='av-partner-fake-img' style='padding-bottom:44.333333333333%; background-image:url(https:\/\/saksa.tln.edu.ee\/de\/wp-content\/uploads\/sites\/2\/2017\/10\/GoetheInstitut201709-300x141.png);'><\/span><\/a><\/div><div  class='slide-entry av-skm6h-8aa90f21595b9d843b62258500c6c6e6 flex_column no_margin av_one_fifth real-thumbnail post-entry slide-entry-overview slide-loop-7 slide-parity-even  '><a href=\"http:\/\/www.planpolitik.de\/projekt\/erasmus-projekt-imteam4eu\/\" data-rel='slide-1' class='slide-image' title=''  target=\"_blank\"  rel=\"noopener noreferrer\"><span class='av-partner-fake-img' style='padding-bottom:44.333333333333%; background-image:url(https:\/\/saksa.tln.edu.ee\/de\/wp-content\/uploads\/sites\/2\/2016\/03\/ImTeam4EU-v.png);'><\/span><\/a><\/div><div  class='slide-entry av-ngto1-a0d0ca4a2a52c4e05a88a5be517aaea6 flex_column no_margin av_one_fifth real-thumbnail post-entry slide-entry-overview slide-loop-8 slide-parity-odd  '><a href=\"https:\/\/ec.europa.eu\/programmes\/erasmus-plus\/node_en\" data-rel='slide-1' class='slide-image' title=''  target=\"_blank\"  rel=\"noopener noreferrer\"><span class='av-partner-fake-img' style='padding-bottom:44.333333333333%; background-image:url(https:\/\/saksa.tln.edu.ee\/de\/wp-content\/uploads\/sites\/2\/2016\/03\/EUflag-Erasmus-vv.png);'><\/span><\/a><\/div><div  class='slide-entry av-hl8dt-81234af5221d544d09529911f1b27e18 flex_column no_margin av_one_fifth real-thumbnail post-entry slide-entry-overview slide-loop-9 slide-parity-even  '><a href=\"http:\/\/www.edlv.ee\/www4\/\" data-rel='slide-1' class='slide-image' title=''  target=\"_blank\"  rel=\"noopener noreferrer\"><span class='av-partner-fake-img' style='padding-bottom:44.333333333333%; background-image:url(https:\/\/saksa.tln.edu.ee\/de\/wp-content\/uploads\/sites\/2\/2016\/03\/EstnischerDeutschlehrerverband-300x119.jpg);'><\/span><\/a><\/div><div  class='slide-entry av-6n7yx-5c30320e64a3a4640c6b33b9d18f7cd8 flex_column no_margin av_one_fifth real-thumbnail post-entry slide-entry-overview slide-loop-10 slide-parity-odd post-entry-last '><a href=\"http:\/\/deutsch.ee\/de\/\" data-rel='slide-1' class='slide-image' title='' ><span class='av-partner-fake-img' style='padding-bottom:44.333333333333%; background-image:url(https:\/\/saksa.tln.edu.ee\/de\/wp-content\/uploads\/sites\/2\/2016\/03\/DeutschesKulturinstitut-300x45.png);'><\/span><\/a><\/div><\/div><\/div><\/div><\/div><\/p>\n","protected":false},"excerpt":{"rendered":"","protected":false},"author":1,"featured_media":0,"parent":92,"menu_order":0,"comment_status":"closed","ping_status":"closed","template":"","meta":{"footnotes":""},"class_list":["post-113","page","type-page","status-publish","hentry"],"yoast_head":"<!-- This site is optimized with the Yoast SEO plugin v26.7 - https:\/\/yoast.com\/wordpress\/plugins\/seo\/ -->\n<title>Die zehnte Klasse (DA) - Tallinna Saksa G\u00fcmnaasium - Deutsches Gymnasium Tallinn<\/title>\n<meta name=\"robots\" content=\"index, follow, max-snippet:-1, max-image-preview:large, max-video-preview:-1\" \/>\n<link rel=\"canonical\" href=\"https:\/\/saksa.tln.edu.ee\/de\/unsere-schule\/aufnahme-neuer-schueler\/zehnte-klasse\/\" \/>\n<meta property=\"og:locale\" content=\"de_DE\" \/>\n<meta property=\"og:type\" content=\"article\" \/>\n<meta property=\"og:title\" content=\"Die zehnte Klasse (DA) - Tallinna Saksa G\u00fcmnaasium - Deutsches Gymnasium Tallinn\" \/>\n<meta property=\"og:url\" content=\"https:\/\/saksa.tln.edu.ee\/de\/unsere-schule\/aufnahme-neuer-schueler\/zehnte-klasse\/\" \/>\n<meta property=\"og:site_name\" content=\"Tallinna Saksa G\u00fcmnaasium - Deutsches Gymnasium Tallinn\" \/>\n<meta property=\"article:publisher\" content=\"https:\/\/www.facebook.com\/tallinnasaksagymnaasium\" \/>\n<meta property=\"article:modified_time\" content=\"2026-02-09T15:16:31+00:00\" \/>\n<meta name=\"twitter:card\" content=\"summary_large_image\" \/>\n<meta name=\"twitter:label1\" content=\"Gesch\u00e4tzte Lesezeit\" \/>\n\t<meta name=\"twitter:data1\" content=\"2\u00a0Minuten\" \/>\n<script type=\"application\/ld+json\" class=\"yoast-schema-graph\">{\"@context\":\"https:\/\/schema.org\",\"@graph\":[{\"@type\":\"WebPage\",\"@id\":\"https:\/\/saksa.tln.edu.ee\/de\/unsere-schule\/aufnahme-neuer-schueler\/zehnte-klasse\/\",\"url\":\"https:\/\/saksa.tln.edu.ee\/de\/unsere-schule\/aufnahme-neuer-schueler\/zehnte-klasse\/\",\"name\":\"Die zehnte Klasse (DA) - Tallinna Saksa G\u00fcmnaasium - Deutsches Gymnasium Tallinn\",\"isPartOf\":{\"@id\":\"https:\/\/saksa.tln.edu.ee\/de\/#website\"},\"datePublished\":\"2016-03-14T08:13:34+00:00\",\"dateModified\":\"2026-02-09T15:16:31+00:00\",\"breadcrumb\":{\"@id\":\"https:\/\/saksa.tln.edu.ee\/de\/unsere-schule\/aufnahme-neuer-schueler\/zehnte-klasse\/#breadcrumb\"},\"inLanguage\":\"de\",\"potentialAction\":[{\"@type\":\"ReadAction\",\"target\":[\"https:\/\/saksa.tln.edu.ee\/de\/unsere-schule\/aufnahme-neuer-schueler\/zehnte-klasse\/\"]}]},{\"@type\":\"BreadcrumbList\",\"@id\":\"https:\/\/saksa.tln.edu.ee\/de\/unsere-schule\/aufnahme-neuer-schueler\/zehnte-klasse\/#breadcrumb\",\"itemListElement\":[{\"@type\":\"ListItem\",\"position\":1,\"name\":\"Home\",\"item\":\"https:\/\/saksa.tln.edu.ee\/de\/\"},{\"@type\":\"ListItem\",\"position\":2,\"name\":\"Deutschsprachige Abteilung\",\"item\":\"https:\/\/saksa.tln.edu.ee\/de\/\"},{\"@type\":\"ListItem\",\"position\":3,\"name\":\"Aufnahme neuer Sch\u00fcler:innen\",\"item\":\"https:\/\/saksa.tln.edu.ee\/de\/unsere-schule\/aufnahme-neuer-schueler\/\"},{\"@type\":\"ListItem\",\"position\":4,\"name\":\"Die zehnte Klasse (DA)\"}]},{\"@type\":\"WebSite\",\"@id\":\"https:\/\/saksa.tln.edu.ee\/de\/#website\",\"url\":\"https:\/\/saksa.tln.edu.ee\/de\/\",\"name\":\"Tallinna Saksa G\u00fcmnaasium - Deutsches Gymnasium Tallinn\",\"description\":\"DPS-Schule | Deutsch-Profil-Schule in Estlands Hauptstadt Tallinn\",\"publisher\":{\"@id\":\"https:\/\/saksa.tln.edu.ee\/de\/#organization\"},\"potentialAction\":[{\"@type\":\"SearchAction\",\"target\":{\"@type\":\"EntryPoint\",\"urlTemplate\":\"https:\/\/saksa.tln.edu.ee\/de\/?s={search_term_string}\"},\"query-input\":{\"@type\":\"PropertyValueSpecification\",\"valueRequired\":true,\"valueName\":\"search_term_string\"}}],\"inLanguage\":\"de\"},{\"@type\":\"Organization\",\"@id\":\"https:\/\/saksa.tln.edu.ee\/de\/#organization\",\"name\":\"Tallinna Saksa G\u00fcmnaasium\",\"url\":\"https:\/\/saksa.tln.edu.ee\/de\/\",\"logo\":{\"@type\":\"ImageObject\",\"inLanguage\":\"de\",\"@id\":\"https:\/\/saksa.tln.edu.ee\/de\/#\/schema\/logo\/image\/\",\"url\":\"https:\/\/saksa.tln.edu.ee\/de\/wp-content\/uploads\/sites\/2\/2020\/09\/tsg.png\",\"contentUrl\":\"https:\/\/saksa.tln.edu.ee\/de\/wp-content\/uploads\/sites\/2\/2020\/09\/tsg.png\",\"width\":261,\"height\":278,\"caption\":\"Tallinna Saksa G\u00fcmnaasium\"},\"image\":{\"@id\":\"https:\/\/saksa.tln.edu.ee\/de\/#\/schema\/logo\/image\/\"},\"sameAs\":[\"https:\/\/www.facebook.com\/tallinnasaksagymnaasium\",\"https:\/\/www.instagram.com\/tallinnasaksagymnaasium\/\",\"https:\/\/www.youtube.com\/user\/TSGVideoTV\",\"https:\/\/et.wikipedia.org\/wiki\/Tallinna_Saksa_G\u00fcmnaasium\"]}]}<\/script>\n<!-- \/ Yoast SEO plugin. -->","yoast_head_json":{"title":"Die zehnte Klasse (DA) - Tallinna Saksa G\u00fcmnaasium - Deutsches Gymnasium Tallinn","robots":{"index":"index","follow":"follow","max-snippet":"max-snippet:-1","max-image-preview":"max-image-preview:large","max-video-preview":"max-video-preview:-1"},"canonical":"https:\/\/saksa.tln.edu.ee\/de\/unsere-schule\/aufnahme-neuer-schueler\/zehnte-klasse\/","og_locale":"de_DE","og_type":"article","og_title":"Die zehnte Klasse (DA) - Tallinna Saksa G\u00fcmnaasium - Deutsches Gymnasium Tallinn","og_url":"https:\/\/saksa.tln.edu.ee\/de\/unsere-schule\/aufnahme-neuer-schueler\/zehnte-klasse\/","og_site_name":"Tallinna Saksa G\u00fcmnaasium - Deutsches Gymnasium Tallinn","article_publisher":"https:\/\/www.facebook.com\/tallinnasaksagymnaasium","article_modified_time":"2026-02-09T15:16:31+00:00","twitter_card":"summary_large_image","twitter_misc":{"Gesch\u00e4tzte Lesezeit":"2\u00a0Minuten"},"schema":{"@context":"https:\/\/schema.org","@graph":[{"@type":"WebPage","@id":"https:\/\/saksa.tln.edu.ee\/de\/unsere-schule\/aufnahme-neuer-schueler\/zehnte-klasse\/","url":"https:\/\/saksa.tln.edu.ee\/de\/unsere-schule\/aufnahme-neuer-schueler\/zehnte-klasse\/","name":"Die zehnte Klasse (DA) - Tallinna Saksa G\u00fcmnaasium - Deutsches Gymnasium Tallinn","isPartOf":{"@id":"https:\/\/saksa.tln.edu.ee\/de\/#website"},"datePublished":"2016-03-14T08:13:34+00:00","dateModified":"2026-02-09T15:16:31+00:00","breadcrumb":{"@id":"https:\/\/saksa.tln.edu.ee\/de\/unsere-schule\/aufnahme-neuer-schueler\/zehnte-klasse\/#breadcrumb"},"inLanguage":"de","potentialAction":[{"@type":"ReadAction","target":["https:\/\/saksa.tln.edu.ee\/de\/unsere-schule\/aufnahme-neuer-schueler\/zehnte-klasse\/"]}]},{"@type":"BreadcrumbList","@id":"https:\/\/saksa.tln.edu.ee\/de\/unsere-schule\/aufnahme-neuer-schueler\/zehnte-klasse\/#breadcrumb","itemListElement":[{"@type":"ListItem","position":1,"name":"Home","item":"https:\/\/saksa.tln.edu.ee\/de\/"},{"@type":"ListItem","position":2,"name":"Deutschsprachige Abteilung","item":"https:\/\/saksa.tln.edu.ee\/de\/"},{"@type":"ListItem","position":3,"name":"Aufnahme neuer Sch\u00fcler:innen","item":"https:\/\/saksa.tln.edu.ee\/de\/unsere-schule\/aufnahme-neuer-schueler\/"},{"@type":"ListItem","position":4,"name":"Die zehnte Klasse (DA)"}]},{"@type":"WebSite","@id":"https:\/\/saksa.tln.edu.ee\/de\/#website","url":"https:\/\/saksa.tln.edu.ee\/de\/","name":"Tallinna Saksa G\u00fcmnaasium - Deutsches Gymnasium Tallinn","description":"DPS-Schule | Deutsch-Profil-Schule in Estlands Hauptstadt Tallinn","publisher":{"@id":"https:\/\/saksa.tln.edu.ee\/de\/#organization"},"potentialAction":[{"@type":"SearchAction","target":{"@type":"EntryPoint","urlTemplate":"https:\/\/saksa.tln.edu.ee\/de\/?s={search_term_string}"},"query-input":{"@type":"PropertyValueSpecification","valueRequired":true,"valueName":"search_term_string"}}],"inLanguage":"de"},{"@type":"Organization","@id":"https:\/\/saksa.tln.edu.ee\/de\/#organization","name":"Tallinna Saksa G\u00fcmnaasium","url":"https:\/\/saksa.tln.edu.ee\/de\/","logo":{"@type":"ImageObject","inLanguage":"de","@id":"https:\/\/saksa.tln.edu.ee\/de\/#\/schema\/logo\/image\/","url":"https:\/\/saksa.tln.edu.ee\/de\/wp-content\/uploads\/sites\/2\/2020\/09\/tsg.png","contentUrl":"https:\/\/saksa.tln.edu.ee\/de\/wp-content\/uploads\/sites\/2\/2020\/09\/tsg.png","width":261,"height":278,"caption":"Tallinna Saksa G\u00fcmnaasium"},"image":{"@id":"https:\/\/saksa.tln.edu.ee\/de\/#\/schema\/logo\/image\/"},"sameAs":["https:\/\/www.facebook.com\/tallinnasaksagymnaasium","https:\/\/www.instagram.com\/tallinnasaksagymnaasium\/","https:\/\/www.youtube.com\/user\/TSGVideoTV","https:\/\/et.wikipedia.org\/wiki\/Tallinna_Saksa_G\u00fcmnaasium"]}]}},"_links":{"self":[{"href":"https:\/\/saksa.tln.edu.ee\/de\/wp-json\/wp\/v2\/pages\/113","targetHints":{"allow":["GET"]}}],"collection":[{"href":"https:\/\/saksa.tln.edu.ee\/de\/wp-json\/wp\/v2\/pages"}],"about":[{"href":"https:\/\/saksa.tln.edu.ee\/de\/wp-json\/wp\/v2\/types\/page"}],"author":[{"embeddable":true,"href":"https:\/\/saksa.tln.edu.ee\/de\/wp-json\/wp\/v2\/users\/1"}],"replies":[{"embeddable":true,"href":"https:\/\/saksa.tln.edu.ee\/de\/wp-json\/wp\/v2\/comments?post=113"}],"version-history":[{"count":5,"href":"https:\/\/saksa.tln.edu.ee\/de\/wp-json\/wp\/v2\/pages\/113\/revisions"}],"predecessor-version":[{"id":9316,"href":"https:\/\/saksa.tln.edu.ee\/de\/wp-json\/wp\/v2\/pages\/113\/revisions\/9316"}],"up":[{"embeddable":true,"href":"https:\/\/saksa.tln.edu.ee\/de\/wp-json\/wp\/v2\/pages\/92"}],"wp:attachment":[{"href":"https:\/\/saksa.tln.edu.ee\/de\/wp-json\/wp\/v2\/media?parent=113"}],"curies":[{"name":"wp","href":"https:\/\/api.w.org\/{rel}","templated":true}]}}