{"id":187,"date":"2016-10-31T15:48:43","date_gmt":"2016-10-31T13:48:43","guid":{"rendered":"http:\/\/saksa.tln.edu.ee\/de\/?page_id=187"},"modified":"2025-09-11T14:37:59","modified_gmt":"2025-09-11T11:37:59","slug":"geschichte-der-deutschsprachigen-abteilung","status":"publish","type":"page","link":"https:\/\/saksa.tln.edu.ee\/de\/unsere-schule\/geschichte-der-deutschsprachigen-abteilung\/","title":{"rendered":"Geschichte"},"content":{"rendered":"\n<style type=\"text\/css\" data-created_by=\"avia_inline_auto\" id=\"style-css-av-2qho3-95e19db48e51b4449b8f76b18293f715\">\n.flex_column.av-2qho3-95e19db48e51b4449b8f76b18293f715{\nborder-radius:0px 0px 0px 0px;\npadding:0px 0px 0px 0px;\n}\n<\/style>\n<div  class='flex_column av-2qho3-95e19db48e51b4449b8f76b18293f715 av_three_fourth  avia-builder-el-0  el_before_av_one_fourth  avia-builder-el-first  first flex_column_div av-zero-column-padding  '     ><p>\n<style type=\"text\/css\" data-created_by=\"avia_inline_auto\" id=\"style-css-av-kylbylfh-d262c32d1a4b46cea42a4519bfb8f568\">\n#top .av-special-heading.av-kylbylfh-d262c32d1a4b46cea42a4519bfb8f568{\npadding-bottom:10px;\n}\nbody .av-special-heading.av-kylbylfh-d262c32d1a4b46cea42a4519bfb8f568 .av-special-heading-tag .heading-char{\nfont-size:25px;\n}\n.av-special-heading.av-kylbylfh-d262c32d1a4b46cea42a4519bfb8f568 .av-subheading{\nfont-size:15px;\n}\n<\/style>\n<div  class='av-special-heading av-kylbylfh-d262c32d1a4b46cea42a4519bfb8f568 av-special-heading-h1  avia-builder-el-1  el_before_av_textblock  avia-builder-el-first '><h1 class='av-special-heading-tag '  itemprop=\"headline\"  >Geschichte<\/h1><div class=\"special-heading-border\"><div class=\"special-heading-inner-border\"><\/div><\/div><\/div><br \/>\n<section  class='av_textblock_section av-n1s23-a975b6fdd3fff094bbfa0d5c488a2578 '   itemscope=\"itemscope\" itemtype=\"https:\/\/schema.org\/CreativeWork\" ><div class='avia_textblock'  itemprop=\"text\" ><h3><\/h3>\n<p><strong>01.09.1980<\/strong><strong>\u00a0\u00a0 Gr\u00fcndung der 54. Oberschule im neuen Stadtteil Mustam\u00e4e<\/strong><\/p>\n<p><strong><em>1992 \u2013 2000\u00a0\u00a0 Andres Raa ist Schulleiter<\/em><\/strong><\/p>\n<p><strong>01.09.1997\u00a0\u00a0 <\/strong><strong>Gr\u00fcndung der Deutschsprachigen Abteilung<\/strong> auf ausdr\u00fccklichen Wunsch und in Gegenwart des estnischen Pr\u00e4sidenten <strong>Lennart Meri<\/strong> (1992 \u2013 2001).<\/p>\n<p><em>1997 \u2013 2006 Clemens Krause ist Leiter der Deutschsprachigen Abteilung<\/em><\/p>\n<p><strong>01.09.1998\u00a0\u00a0 <\/strong>Die Schule erh\u00e4lt den Namen \u201eTallinna Saksa G\u00fcmnaasium \u2013 Deutsches Gymnasium Tallinn\u201c<\/p>\n<p><strong>10.05.1998\u00a0\u00a0 <\/strong>Besuch des deutschen Bundespr\u00e4sident <strong>Roman Herzog<\/strong><\/p>\n<p><em>2000 \u2013 2015 K\u00fclli Puhkim ist Schulleiterin<\/em><\/p>\n<p><strong>03.06.2002\u00a0\u00a0\u00a0 <\/strong>Unterzeichnung des Schulabkommens zwischen Estland und Deutschland (weitere Infos hier: <a href=\"https:\/\/saksa.tln.edu.ee\/de\/wp-content\/uploads\/sites\/2\/2022\/04\/DLDAbkommenschulischeZusammenarbeit.pdf\" target=\"_blank\" rel=\"noopener\">Abkommen \u00fcber schulische Zusammenarbeit<\/a> und\u00a0<a href=\"https:\/\/saksa.tln.edu.ee\/de\/wp-content\/uploads\/sites\/2\/2022\/04\/Abkommen-zwischen-der-Regierung-der-Bundesrepublik-Deutschland-und-der-Regierung-der-Republik-Estland-ueber-kulturelle-Zusammenarbeit.pdf\">Abkommen \u00fcber kulturelle Zusammenarbeit<\/a>)<\/p>\n<p><strong>22.06.2002<\/strong>\u00a0\u00a0 Das erste Abitur wird im Beisein des estnischen Staatspr\u00e4sidenten <strong>Lennart Meri<\/strong> gefeiert.<\/p>\n<p><strong>24.10.2004<\/strong>\u00a0\u00a0 Besuch von <strong>Ingrid R\u00fc\u00fctel<\/strong> und <strong>Eva Luisa K\u00f6hler<\/strong>, den Frauen der Staatspr\u00e4sidenten von Estland und Deutschland<\/p>\n<p><strong>22.04.2005<\/strong>\u00a0\u00a0 Besuch von <strong>Franz Beckenbauer<\/strong> im Vorfeld der Fu\u00dfball-WM in Deutschland<\/p>\n<p><em>2006 \u2013 2012\u00a0\u00a0 Hans\u2013Peter Wahrig ist Leiter der Deutschsprachigen Abteilung<\/em><\/p>\n<p>2011\u00a0\u00a0 Das TSG veranstaltet zum ersten Mal \u201eModel United Nations of Tallinn\u201c (MUN)<\/p>\n<p><em>2012 \u2013 2013\u00a0\u00a0 Markus Reischl ist kommissarischer Leiter der Deutschsprachigen Abteilung<\/em><\/p>\n<p><em>2013 \u20132016\u00a0\u00a0 Ulrich Wiegand ist Leiter der Deutschsprachigen Abteilung<\/em><\/p>\n<p>2016\u00a0\u00a0\u00a0 Das Tallinna Saksa G\u00fcmnaasium wird Deutsch-Profil-Schule (<a href=\"https:\/\/www.auslandsschulwesen.de\/Webs\/ZfA\/DE\/Schulnetz\/DPS\/dps_node.html\">DPS<\/a>)<\/p>\n<p><em>2015 \u2013 2022\u00a0\u00a0 Kaarel Rundu, Absolvent der Abteilung im Jahr 2003, ist Schulleiter<\/em><\/p>\n<p><em>2016 \u2013 2019\u00a0\u00a0 Dr. Wolfgang J\u00e4ger ist Leiter der Deutschsprachigen Abteilung<\/em><\/p>\n<p><em>2019 \u2013 2020\u00a0\u00a0 Markus Reischl ist erneut kommissarischer Leiter der Deutschsprachigen Abteilung<\/em><\/p>\n<p>2019\/2020\u00a0\u00a0\u00a0 Generalsanierung des Schulgeb\u00e4udes<\/p>\n<p><em>2020 \u2013 2025\u00a0 \u00a0Dr. Christian Ohler ist Leiter der Deutschsprachigen Abteilung<\/em><\/p>\n<p><strong>21.04.2022<\/strong>\u00a0\u00a0 Besuch der deutschen Au\u00dfenministerin <strong>Annalena Baerbock<\/strong><\/p>\n<p><em>seit 2022\u00a0 \u00a0 \u00a0Maive Merkulova ist Schulleiterin<\/em><\/p>\n<p><strong>23.09.2022<\/strong>\u00a0\u00a0 Die Deutschsprachige Abteilung feiert ihr <strong>25j\u00e4hriges Jubil\u00e4um<\/strong> in Gegenwart der deutschen Botschafterin Annette Klein, des B\u00fcrgermeisters von Tallinn Mihhail K\u00f5lvart und der Leiterin der Zentralstelle f\u00fcr das deutsche Auslandsschulwesen Heike Toledo.<\/p>\n<p><em>2025 \u2013\u00a0 \u00a0 Claudia Host ist Leiterin der Deutschsprachigen Abteilung<\/em><\/p>\n<p><img loading=\"lazy\" decoding=\"async\" class=\"aligncenter size-full wp-image-2861\" src=\"https:\/\/saksa.tln.edu.ee\/de\/wp-content\/uploads\/sites\/2\/2016\/10\/Skanner_20170929-a.jpg\" alt=\"\" width=\"2940\" height=\"1963\" srcset=\"https:\/\/saksa.tln.edu.ee\/de\/wp-content\/uploads\/sites\/2\/2016\/10\/Skanner_20170929-a.jpg 2940w, https:\/\/saksa.tln.edu.ee\/de\/wp-content\/uploads\/sites\/2\/2016\/10\/Skanner_20170929-a-300x200.jpg 300w, https:\/\/saksa.tln.edu.ee\/de\/wp-content\/uploads\/sites\/2\/2016\/10\/Skanner_20170929-a-768x513.jpg 768w, https:\/\/saksa.tln.edu.ee\/de\/wp-content\/uploads\/sites\/2\/2016\/10\/Skanner_20170929-a-1030x688.jpg 1030w, https:\/\/saksa.tln.edu.ee\/de\/wp-content\/uploads\/sites\/2\/2016\/10\/Skanner_20170929-a-1500x1002.jpg 1500w, https:\/\/saksa.tln.edu.ee\/de\/wp-content\/uploads\/sites\/2\/2016\/10\/Skanner_20170929-a-705x471.jpg 705w, https:\/\/saksa.tln.edu.ee\/de\/wp-content\/uploads\/sites\/2\/2016\/10\/Skanner_20170929-a-450x300.jpg 450w\" sizes=\"auto, (max-width: 2940px) 100vw, 2940px\" \/><\/p>\n<p><em>Lennart Meri mit dem damaligen Direktor Andres Raa<\/em><\/p>\n<\/div><\/section><\/p><\/div>\n<style type=\"text\/css\" data-created_by=\"avia_inline_auto\" id=\"style-css-av-hg40z-3f1cd4626aa4d94e8f40a7cc11006e58\">\n.flex_column.av-hg40z-3f1cd4626aa4d94e8f40a7cc11006e58{\nborder-radius:0px 0px 0px 0px;\npadding:0px 0px 0px 0px;\n}\n<\/style>\n<div  class='flex_column av-hg40z-3f1cd4626aa4d94e8f40a7cc11006e58 av_one_fourth  avia-builder-el-3  el_after_av_three_fourth  avia-builder-el-last  flex_column_div av-zero-column-padding  '     ><p>\n<style type=\"text\/css\" data-created_by=\"avia_inline_auto\" id=\"style-css-av-kylgvka2-b0afc11d9725c4f9d1c62f0d6e40fdb0\">\n#top .av-special-heading.av-kylgvka2-b0afc11d9725c4f9d1c62f0d6e40fdb0{\npadding-bottom:10px;\n}\nbody .av-special-heading.av-kylgvka2-b0afc11d9725c4f9d1c62f0d6e40fdb0 .av-special-heading-tag .heading-char{\nfont-size:25px;\n}\n.av-special-heading.av-kylgvka2-b0afc11d9725c4f9d1c62f0d6e40fdb0 .av-subheading{\nfont-size:15px;\n}\n<\/style>\n<div  class='av-special-heading av-kylgvka2-b0afc11d9725c4f9d1c62f0d6e40fdb0 av-special-heading-h1  avia-builder-el-4  el_before_av_textblock  avia-builder-el-first '><h1 class='av-special-heading-tag '  itemprop=\"headline\"  >Galerie<\/h1><div class=\"special-heading-border\"><div class=\"special-heading-inner-border\"><\/div><\/div><\/div><br \/>\n<section  class='av_textblock_section av-9qnln-c6e2d13c7334482935364758bc864b81 '   itemscope=\"itemscope\" itemtype=\"https:\/\/schema.org\/CreativeWork\" ><div class='avia_textblock'  itemprop=\"text\" ><div id=\"attachment_7443\" style=\"width: 219px\" class=\"wp-caption aligncenter\"><img loading=\"lazy\" decoding=\"async\" aria-describedby=\"caption-attachment-7443\" class=\"wp-image-7443 size-medium\" src=\"https:\/\/saksa.tln.edu.ee\/de\/wp-content\/uploads\/sites\/2\/2022\/10\/maive2-209x300.jpg\" alt=\"\" width=\"209\" height=\"300\" srcset=\"https:\/\/saksa.tln.edu.ee\/de\/wp-content\/uploads\/sites\/2\/2022\/10\/maive2-209x300.jpg 209w, https:\/\/saksa.tln.edu.ee\/de\/wp-content\/uploads\/sites\/2\/2022\/10\/maive2.jpg 411w\" sizes=\"auto, (max-width: 209px) 100vw, 209px\" \/><p id=\"caption-attachment-7443\" class=\"wp-caption-text\">Schulleiterin: Maive Merkulova<\/p><\/div>\n<p><div id=\"attachment_9177\" style=\"width: 200px\" class=\"wp-caption aligncenter\"><img loading=\"lazy\" decoding=\"async\" aria-describedby=\"caption-attachment-9177\" class=\"wp-image-9177\" src=\"https:\/\/saksa.tln.edu.ee\/de\/wp-content\/uploads\/sites\/2\/2025\/08\/Foto_Host-235x300.jpg\" alt=\"\" width=\"190\" height=\"243\" srcset=\"https:\/\/saksa.tln.edu.ee\/de\/wp-content\/uploads\/sites\/2\/2025\/08\/Foto_Host-235x300.jpg 235w, https:\/\/saksa.tln.edu.ee\/de\/wp-content\/uploads\/sites\/2\/2025\/08\/Foto_Host-807x1030.jpg 807w, https:\/\/saksa.tln.edu.ee\/de\/wp-content\/uploads\/sites\/2\/2025\/08\/Foto_Host-768x980.jpg 768w, https:\/\/saksa.tln.edu.ee\/de\/wp-content\/uploads\/sites\/2\/2025\/08\/Foto_Host-1203x1536.jpg 1203w, https:\/\/saksa.tln.edu.ee\/de\/wp-content\/uploads\/sites\/2\/2025\/08\/Foto_Host-1175x1500.jpg 1175w, https:\/\/saksa.tln.edu.ee\/de\/wp-content\/uploads\/sites\/2\/2025\/08\/Foto_Host-552x705.jpg 552w, https:\/\/saksa.tln.edu.ee\/de\/wp-content\/uploads\/sites\/2\/2025\/08\/Foto_Host.jpg 1334w\" sizes=\"auto, (max-width: 190px) 100vw, 190px\" \/><p id=\"caption-attachment-9177\" class=\"wp-caption-text\">Leiterin der DA: Claudia Host<\/p><\/div><br \/>\n<div id=\"attachment_5110\" style=\"width: 210px\" class=\"wp-caption aligncenter\"><img loading=\"lazy\" decoding=\"async\" aria-describedby=\"caption-attachment-5110\" class=\"wp-image-5110\" src=\"https:\/\/saksa.tln.edu.ee\/de\/wp-content\/uploads\/sites\/2\/2020\/08\/Ohler_11_2019_3-300x274.jpg\" alt=\"\" width=\"200\" height=\"183\" srcset=\"https:\/\/saksa.tln.edu.ee\/de\/wp-content\/uploads\/sites\/2\/2020\/08\/Ohler_11_2019_3-300x274.jpg 300w, https:\/\/saksa.tln.edu.ee\/de\/wp-content\/uploads\/sites\/2\/2020\/08\/Ohler_11_2019_3-768x702.jpg 768w, https:\/\/saksa.tln.edu.ee\/de\/wp-content\/uploads\/sites\/2\/2020\/08\/Ohler_11_2019_3-705x644.jpg 705w, https:\/\/saksa.tln.edu.ee\/de\/wp-content\/uploads\/sites\/2\/2020\/08\/Ohler_11_2019_3.jpg 940w\" sizes=\"auto, (max-width: 200px) 100vw, 200px\" \/><p id=\"caption-attachment-5110\" class=\"wp-caption-text\">Dr. Christian Ohler<\/p><\/div><br \/>\n<div id=\"attachment_2631\" style=\"width: 210px\" class=\"wp-caption aligncenter\"><img loading=\"lazy\" decoding=\"async\" aria-describedby=\"caption-attachment-2631\" class=\"wp-image-2631\" src=\"https:\/\/saksa.tln.edu.ee\/de\/wp-content\/uploads\/sites\/2\/2017\/09\/Wolfgang-J\u00e4ger-1709.jpg\" alt=\"\" width=\"200\" height=\"250\" srcset=\"https:\/\/saksa.tln.edu.ee\/de\/wp-content\/uploads\/sites\/2\/2017\/09\/Wolfgang-J\u00e4ger-1709.jpg 450w, https:\/\/saksa.tln.edu.ee\/de\/wp-content\/uploads\/sites\/2\/2017\/09\/Wolfgang-J\u00e4ger-1709-240x300.jpg 240w\" sizes=\"auto, (max-width: 200px) 100vw, 200px\" \/><p id=\"caption-attachment-2631\" class=\"wp-caption-text\">Dr. Wolfgang J\u00e4ger<\/p><\/div><br \/>\n<div id=\"attachment_2061\" style=\"width: 210px\" class=\"wp-caption aligncenter\"><img loading=\"lazy\" decoding=\"async\" aria-describedby=\"caption-attachment-2061\" class=\"wp-image-2061 size-medium\" src=\"https:\/\/saksa.tln.edu.ee\/de\/wp-content\/uploads\/sites\/2\/2017\/05\/KaarelRundu-200x300.jpg\" alt=\"\" width=\"200\" height=\"300\" srcset=\"https:\/\/saksa.tln.edu.ee\/de\/wp-content\/uploads\/sites\/2\/2017\/05\/KaarelRundu-200x300.jpg 200w, https:\/\/saksa.tln.edu.ee\/de\/wp-content\/uploads\/sites\/2\/2017\/05\/KaarelRundu.jpg 400w\" sizes=\"auto, (max-width: 200px) 100vw, 200px\" \/><p id=\"caption-attachment-2061\" class=\"wp-caption-text\">Kaarel Rundu<\/p><\/div><br \/>\n<div id=\"attachment_2175\" style=\"width: 210px\" class=\"wp-caption aligncenter\"><img loading=\"lazy\" decoding=\"async\" aria-describedby=\"caption-attachment-2175\" class=\"wp-image-2175 size-medium\" src=\"https:\/\/saksa.tln.edu.ee\/de\/wp-content\/uploads\/sites\/2\/2017\/05\/Wiegand-01-200x300.jpg\" alt=\"\" width=\"200\" height=\"300\" srcset=\"https:\/\/saksa.tln.edu.ee\/de\/wp-content\/uploads\/sites\/2\/2017\/05\/Wiegand-01-200x300.jpg 200w, https:\/\/saksa.tln.edu.ee\/de\/wp-content\/uploads\/sites\/2\/2017\/05\/Wiegand-01-470x705.jpg 470w, https:\/\/saksa.tln.edu.ee\/de\/wp-content\/uploads\/sites\/2\/2017\/05\/Wiegand-01-450x675.jpg 450w, https:\/\/saksa.tln.edu.ee\/de\/wp-content\/uploads\/sites\/2\/2017\/05\/Wiegand-01.jpg 600w\" sizes=\"auto, (max-width: 200px) 100vw, 200px\" \/><p id=\"caption-attachment-2175\" class=\"wp-caption-text\">Ulrich Wiegand<\/p><\/div><br \/>\n<div id=\"attachment_2236\" style=\"width: 210px\" class=\"wp-caption aligncenter\"><img loading=\"lazy\" decoding=\"async\" aria-describedby=\"caption-attachment-2236\" class=\"wp-image-2236\" src=\"https:\/\/saksa.tln.edu.ee\/de\/wp-content\/uploads\/sites\/2\/2017\/05\/Wahrig-238x300.jpg\" alt=\"\" width=\"200\" height=\"252\" srcset=\"https:\/\/saksa.tln.edu.ee\/de\/wp-content\/uploads\/sites\/2\/2017\/05\/Wahrig-238x300.jpg 238w, https:\/\/saksa.tln.edu.ee\/de\/wp-content\/uploads\/sites\/2\/2017\/05\/Wahrig-768x967.jpg 768w, https:\/\/saksa.tln.edu.ee\/de\/wp-content\/uploads\/sites\/2\/2017\/05\/Wahrig-818x1030.jpg 818w, https:\/\/saksa.tln.edu.ee\/de\/wp-content\/uploads\/sites\/2\/2017\/05\/Wahrig-560x705.jpg 560w, https:\/\/saksa.tln.edu.ee\/de\/wp-content\/uploads\/sites\/2\/2017\/05\/Wahrig-450x567.jpg 450w, https:\/\/saksa.tln.edu.ee\/de\/wp-content\/uploads\/sites\/2\/2017\/05\/Wahrig.jpg 852w\" sizes=\"auto, (max-width: 200px) 100vw, 200px\" \/><p id=\"caption-attachment-2236\" class=\"wp-caption-text\">Hans-Peter Wahrig<\/p><\/div><\/p>\n<div id=\"attachment_1894\" style=\"width: 210px\" class=\"wp-caption aligncenter\"><img loading=\"lazy\" decoding=\"async\" aria-describedby=\"caption-attachment-1894\" class=\"wp-image-1894\" src=\"https:\/\/saksa.tln.edu.ee\/de\/wp-content\/uploads\/sites\/2\/2017\/04\/clemens_krause2.jpg\" alt=\"\" width=\"200\" height=\"280\" srcset=\"https:\/\/saksa.tln.edu.ee\/de\/wp-content\/uploads\/sites\/2\/2017\/04\/clemens_krause2.jpg 220w, https:\/\/saksa.tln.edu.ee\/de\/wp-content\/uploads\/sites\/2\/2017\/04\/clemens_krause2-214x300.jpg 214w\" sizes=\"auto, (max-width: 200px) 100vw, 200px\" \/><p id=\"caption-attachment-1894\" class=\"wp-caption-text\">Clemens Krause<\/p><\/div>\n<\/div><\/section><\/p><\/div><\/p>\n","protected":false},"excerpt":{"rendered":"","protected":false},"author":1,"featured_media":0,"parent":36,"menu_order":0,"comment_status":"closed","ping_status":"closed","template":"","meta":{"footnotes":""},"class_list":["post-187","page","type-page","status-publish","hentry"],"yoast_head":"<!-- This site is optimized with the Yoast SEO plugin v26.7 - https:\/\/yoast.com\/wordpress\/plugins\/seo\/ -->\n<title>Geschichte - Tallinna Saksa G\u00fcmnaasium - Deutsches Gymnasium Tallinn<\/title>\n<meta name=\"robots\" content=\"index, follow, max-snippet:-1, max-image-preview:large, max-video-preview:-1\" \/>\n<link rel=\"canonical\" href=\"https:\/\/saksa.tln.edu.ee\/de\/unsere-schule\/geschichte-der-deutschsprachigen-abteilung\/\" \/>\n<meta property=\"og:locale\" content=\"de_DE\" \/>\n<meta property=\"og:type\" content=\"article\" \/>\n<meta property=\"og:title\" content=\"Geschichte - Tallinna Saksa G\u00fcmnaasium - Deutsches Gymnasium Tallinn\" \/>\n<meta property=\"og:url\" content=\"https:\/\/saksa.tln.edu.ee\/de\/unsere-schule\/geschichte-der-deutschsprachigen-abteilung\/\" \/>\n<meta property=\"og:site_name\" content=\"Tallinna Saksa G\u00fcmnaasium - Deutsches Gymnasium Tallinn\" \/>\n<meta property=\"article:publisher\" content=\"https:\/\/www.facebook.com\/tallinnasaksagymnaasium\" \/>\n<meta property=\"article:modified_time\" content=\"2025-09-11T11:37:59+00:00\" \/>\n<meta property=\"og:image\" content=\"https:\/\/saksa.tln.edu.ee\/de\/wp-content\/uploads\/sites\/2\/2016\/10\/Skanner_20170929-a.jpg\" \/>\n\t<meta property=\"og:image:width\" content=\"2940\" \/>\n\t<meta property=\"og:image:height\" content=\"1963\" \/>\n\t<meta property=\"og:image:type\" content=\"image\/jpeg\" \/>\n<meta name=\"twitter:card\" content=\"summary_large_image\" \/>\n<meta name=\"twitter:label1\" content=\"Gesch\u00e4tzte Lesezeit\" \/>\n\t<meta name=\"twitter:data1\" content=\"4\u00a0Minuten\" \/>\n<script type=\"application\/ld+json\" class=\"yoast-schema-graph\">{\"@context\":\"https:\/\/schema.org\",\"@graph\":[{\"@type\":\"WebPage\",\"@id\":\"https:\/\/saksa.tln.edu.ee\/de\/unsere-schule\/geschichte-der-deutschsprachigen-abteilung\/\",\"url\":\"https:\/\/saksa.tln.edu.ee\/de\/unsere-schule\/geschichte-der-deutschsprachigen-abteilung\/\",\"name\":\"Geschichte - Tallinna Saksa G\u00fcmnaasium - Deutsches Gymnasium Tallinn\",\"isPartOf\":{\"@id\":\"https:\/\/saksa.tln.edu.ee\/de\/#website\"},\"primaryImageOfPage\":{\"@id\":\"https:\/\/saksa.tln.edu.ee\/de\/unsere-schule\/geschichte-der-deutschsprachigen-abteilung\/#primaryimage\"},\"image\":{\"@id\":\"https:\/\/saksa.tln.edu.ee\/de\/unsere-schule\/geschichte-der-deutschsprachigen-abteilung\/#primaryimage\"},\"thumbnailUrl\":\"https:\/\/saksa.tln.edu.ee\/de\/wp-content\/uploads\/sites\/2\/2016\/10\/Skanner_20170929-a.jpg\",\"datePublished\":\"2016-10-31T13:48:43+00:00\",\"dateModified\":\"2025-09-11T11:37:59+00:00\",\"breadcrumb\":{\"@id\":\"https:\/\/saksa.tln.edu.ee\/de\/unsere-schule\/geschichte-der-deutschsprachigen-abteilung\/#breadcrumb\"},\"inLanguage\":\"de\",\"potentialAction\":[{\"@type\":\"ReadAction\",\"target\":[\"https:\/\/saksa.tln.edu.ee\/de\/unsere-schule\/geschichte-der-deutschsprachigen-abteilung\/\"]}]},{\"@type\":\"ImageObject\",\"inLanguage\":\"de\",\"@id\":\"https:\/\/saksa.tln.edu.ee\/de\/unsere-schule\/geschichte-der-deutschsprachigen-abteilung\/#primaryimage\",\"url\":\"https:\/\/saksa.tln.edu.ee\/de\/wp-content\/uploads\/sites\/2\/2016\/10\/Skanner_20170929-a.jpg\",\"contentUrl\":\"https:\/\/saksa.tln.edu.ee\/de\/wp-content\/uploads\/sites\/2\/2016\/10\/Skanner_20170929-a.jpg\",\"width\":2940,\"height\":1963},{\"@type\":\"BreadcrumbList\",\"@id\":\"https:\/\/saksa.tln.edu.ee\/de\/unsere-schule\/geschichte-der-deutschsprachigen-abteilung\/#breadcrumb\",\"itemListElement\":[{\"@type\":\"ListItem\",\"position\":1,\"name\":\"Home\",\"item\":\"https:\/\/saksa.tln.edu.ee\/de\/\"},{\"@type\":\"ListItem\",\"position\":2,\"name\":\"Deutschsprachige Abteilung\",\"item\":\"https:\/\/saksa.tln.edu.ee\/de\/\"},{\"@type\":\"ListItem\",\"position\":3,\"name\":\"Geschichte\"}]},{\"@type\":\"WebSite\",\"@id\":\"https:\/\/saksa.tln.edu.ee\/de\/#website\",\"url\":\"https:\/\/saksa.tln.edu.ee\/de\/\",\"name\":\"Tallinna Saksa G\u00fcmnaasium - Deutsches Gymnasium Tallinn\",\"description\":\"DPS-Schule | Deutsch-Profil-Schule in Estlands Hauptstadt Tallinn\",\"publisher\":{\"@id\":\"https:\/\/saksa.tln.edu.ee\/de\/#organization\"},\"potentialAction\":[{\"@type\":\"SearchAction\",\"target\":{\"@type\":\"EntryPoint\",\"urlTemplate\":\"https:\/\/saksa.tln.edu.ee\/de\/?s={search_term_string}\"},\"query-input\":{\"@type\":\"PropertyValueSpecification\",\"valueRequired\":true,\"valueName\":\"search_term_string\"}}],\"inLanguage\":\"de\"},{\"@type\":\"Organization\",\"@id\":\"https:\/\/saksa.tln.edu.ee\/de\/#organization\",\"name\":\"Tallinna Saksa G\u00fcmnaasium\",\"url\":\"https:\/\/saksa.tln.edu.ee\/de\/\",\"logo\":{\"@type\":\"ImageObject\",\"inLanguage\":\"de\",\"@id\":\"https:\/\/saksa.tln.edu.ee\/de\/#\/schema\/logo\/image\/\",\"url\":\"https:\/\/saksa.tln.edu.ee\/de\/wp-content\/uploads\/sites\/2\/2020\/09\/tsg.png\",\"contentUrl\":\"https:\/\/saksa.tln.edu.ee\/de\/wp-content\/uploads\/sites\/2\/2020\/09\/tsg.png\",\"width\":261,\"height\":278,\"caption\":\"Tallinna Saksa G\u00fcmnaasium\"},\"image\":{\"@id\":\"https:\/\/saksa.tln.edu.ee\/de\/#\/schema\/logo\/image\/\"},\"sameAs\":[\"https:\/\/www.facebook.com\/tallinnasaksagymnaasium\",\"https:\/\/www.instagram.com\/tallinnasaksagymnaasium\/\",\"https:\/\/www.youtube.com\/user\/TSGVideoTV\",\"https:\/\/et.wikipedia.org\/wiki\/Tallinna_Saksa_G\u00fcmnaasium\"]}]}<\/script>\n<!-- \/ Yoast SEO plugin. -->","yoast_head_json":{"title":"Geschichte - Tallinna Saksa G\u00fcmnaasium - Deutsches Gymnasium Tallinn","robots":{"index":"index","follow":"follow","max-snippet":"max-snippet:-1","max-image-preview":"max-image-preview:large","max-video-preview":"max-video-preview:-1"},"canonical":"https:\/\/saksa.tln.edu.ee\/de\/unsere-schule\/geschichte-der-deutschsprachigen-abteilung\/","og_locale":"de_DE","og_type":"article","og_title":"Geschichte - Tallinna Saksa G\u00fcmnaasium - Deutsches Gymnasium Tallinn","og_url":"https:\/\/saksa.tln.edu.ee\/de\/unsere-schule\/geschichte-der-deutschsprachigen-abteilung\/","og_site_name":"Tallinna Saksa G\u00fcmnaasium - Deutsches Gymnasium Tallinn","article_publisher":"https:\/\/www.facebook.com\/tallinnasaksagymnaasium","article_modified_time":"2025-09-11T11:37:59+00:00","og_image":[{"width":2940,"height":1963,"url":"https:\/\/saksa.tln.edu.ee\/de\/wp-content\/uploads\/sites\/2\/2016\/10\/Skanner_20170929-a.jpg","type":"image\/jpeg"}],"twitter_card":"summary_large_image","twitter_misc":{"Gesch\u00e4tzte Lesezeit":"4\u00a0Minuten"},"schema":{"@context":"https:\/\/schema.org","@graph":[{"@type":"WebPage","@id":"https:\/\/saksa.tln.edu.ee\/de\/unsere-schule\/geschichte-der-deutschsprachigen-abteilung\/","url":"https:\/\/saksa.tln.edu.ee\/de\/unsere-schule\/geschichte-der-deutschsprachigen-abteilung\/","name":"Geschichte - Tallinna Saksa G\u00fcmnaasium - Deutsches Gymnasium Tallinn","isPartOf":{"@id":"https:\/\/saksa.tln.edu.ee\/de\/#website"},"primaryImageOfPage":{"@id":"https:\/\/saksa.tln.edu.ee\/de\/unsere-schule\/geschichte-der-deutschsprachigen-abteilung\/#primaryimage"},"image":{"@id":"https:\/\/saksa.tln.edu.ee\/de\/unsere-schule\/geschichte-der-deutschsprachigen-abteilung\/#primaryimage"},"thumbnailUrl":"https:\/\/saksa.tln.edu.ee\/de\/wp-content\/uploads\/sites\/2\/2016\/10\/Skanner_20170929-a.jpg","datePublished":"2016-10-31T13:48:43+00:00","dateModified":"2025-09-11T11:37:59+00:00","breadcrumb":{"@id":"https:\/\/saksa.tln.edu.ee\/de\/unsere-schule\/geschichte-der-deutschsprachigen-abteilung\/#breadcrumb"},"inLanguage":"de","potentialAction":[{"@type":"ReadAction","target":["https:\/\/saksa.tln.edu.ee\/de\/unsere-schule\/geschichte-der-deutschsprachigen-abteilung\/"]}]},{"@type":"ImageObject","inLanguage":"de","@id":"https:\/\/saksa.tln.edu.ee\/de\/unsere-schule\/geschichte-der-deutschsprachigen-abteilung\/#primaryimage","url":"https:\/\/saksa.tln.edu.ee\/de\/wp-content\/uploads\/sites\/2\/2016\/10\/Skanner_20170929-a.jpg","contentUrl":"https:\/\/saksa.tln.edu.ee\/de\/wp-content\/uploads\/sites\/2\/2016\/10\/Skanner_20170929-a.jpg","width":2940,"height":1963},{"@type":"BreadcrumbList","@id":"https:\/\/saksa.tln.edu.ee\/de\/unsere-schule\/geschichte-der-deutschsprachigen-abteilung\/#breadcrumb","itemListElement":[{"@type":"ListItem","position":1,"name":"Home","item":"https:\/\/saksa.tln.edu.ee\/de\/"},{"@type":"ListItem","position":2,"name":"Deutschsprachige Abteilung","item":"https:\/\/saksa.tln.edu.ee\/de\/"},{"@type":"ListItem","position":3,"name":"Geschichte"}]},{"@type":"WebSite","@id":"https:\/\/saksa.tln.edu.ee\/de\/#website","url":"https:\/\/saksa.tln.edu.ee\/de\/","name":"Tallinna Saksa G\u00fcmnaasium - Deutsches Gymnasium Tallinn","description":"DPS-Schule | Deutsch-Profil-Schule in Estlands Hauptstadt Tallinn","publisher":{"@id":"https:\/\/saksa.tln.edu.ee\/de\/#organization"},"potentialAction":[{"@type":"SearchAction","target":{"@type":"EntryPoint","urlTemplate":"https:\/\/saksa.tln.edu.ee\/de\/?s={search_term_string}"},"query-input":{"@type":"PropertyValueSpecification","valueRequired":true,"valueName":"search_term_string"}}],"inLanguage":"de"},{"@type":"Organization","@id":"https:\/\/saksa.tln.edu.ee\/de\/#organization","name":"Tallinna Saksa G\u00fcmnaasium","url":"https:\/\/saksa.tln.edu.ee\/de\/","logo":{"@type":"ImageObject","inLanguage":"de","@id":"https:\/\/saksa.tln.edu.ee\/de\/#\/schema\/logo\/image\/","url":"https:\/\/saksa.tln.edu.ee\/de\/wp-content\/uploads\/sites\/2\/2020\/09\/tsg.png","contentUrl":"https:\/\/saksa.tln.edu.ee\/de\/wp-content\/uploads\/sites\/2\/2020\/09\/tsg.png","width":261,"height":278,"caption":"Tallinna Saksa G\u00fcmnaasium"},"image":{"@id":"https:\/\/saksa.tln.edu.ee\/de\/#\/schema\/logo\/image\/"},"sameAs":["https:\/\/www.facebook.com\/tallinnasaksagymnaasium","https:\/\/www.instagram.com\/tallinnasaksagymnaasium\/","https:\/\/www.youtube.com\/user\/TSGVideoTV","https:\/\/et.wikipedia.org\/wiki\/Tallinna_Saksa_G\u00fcmnaasium"]}]}},"_links":{"self":[{"href":"https:\/\/saksa.tln.edu.ee\/de\/wp-json\/wp\/v2\/pages\/187","targetHints":{"allow":["GET"]}}],"collection":[{"href":"https:\/\/saksa.tln.edu.ee\/de\/wp-json\/wp\/v2\/pages"}],"about":[{"href":"https:\/\/saksa.tln.edu.ee\/de\/wp-json\/wp\/v2\/types\/page"}],"author":[{"embeddable":true,"href":"https:\/\/saksa.tln.edu.ee\/de\/wp-json\/wp\/v2\/users\/1"}],"replies":[{"embeddable":true,"href":"https:\/\/saksa.tln.edu.ee\/de\/wp-json\/wp\/v2\/comments?post=187"}],"version-history":[{"count":5,"href":"https:\/\/saksa.tln.edu.ee\/de\/wp-json\/wp\/v2\/pages\/187\/revisions"}],"predecessor-version":[{"id":9229,"href":"https:\/\/saksa.tln.edu.ee\/de\/wp-json\/wp\/v2\/pages\/187\/revisions\/9229"}],"up":[{"embeddable":true,"href":"https:\/\/saksa.tln.edu.ee\/de\/wp-json\/wp\/v2\/pages\/36"}],"wp:attachment":[{"href":"https:\/\/saksa.tln.edu.ee\/de\/wp-json\/wp\/v2\/media?parent=187"}],"curies":[{"name":"wp","href":"https:\/\/api.w.org\/{rel}","templated":true}]}}