{"id":1949,"date":"2017-04-24T13:19:35","date_gmt":"2017-04-24T10:19:35","guid":{"rendered":"https:\/\/saksa.tln.edu.ee\/de\/?page_id=1949"},"modified":"2022-10-18T13:45:29","modified_gmt":"2022-10-18T10:45:29","slug":"stundentafel","status":"publish","type":"page","link":"https:\/\/saksa.tln.edu.ee\/de\/unsere-schule\/lernen\/stundentafel\/","title":{"rendered":"Stundentafel"},"content":{"rendered":"\n<style type=\"text\/css\" data-created_by=\"avia_inline_auto\" id=\"style-css-av-l3a97n97-06d4e3b0557aa0afcde03f425f0f8dba\">\n#top .av-special-heading.av-l3a97n97-06d4e3b0557aa0afcde03f425f0f8dba{\npadding-bottom:10px;\n}\nbody .av-special-heading.av-l3a97n97-06d4e3b0557aa0afcde03f425f0f8dba .av-special-heading-tag .heading-char{\nfont-size:25px;\n}\n.av-special-heading.av-l3a97n97-06d4e3b0557aa0afcde03f425f0f8dba .av-subheading{\nfont-size:15px;\n}\n<\/style>\n<div  class='av-special-heading av-l3a97n97-06d4e3b0557aa0afcde03f425f0f8dba av-special-heading-h1  avia-builder-el-0  el_before_av_textblock  avia-builder-el-first '><h1 class='av-special-heading-tag '  itemprop=\"headline\"  >Stundentafel<\/h1><div class=\"special-heading-border\"><div class=\"special-heading-inner-border\"><\/div><\/div><\/div>\n<section  class='av_textblock_section av-l3a98v7s-68e856e538546d9e0295c3d5b0f78b56 '   itemscope=\"itemscope\" itemtype=\"https:\/\/schema.org\/CreativeWork\" ><div class='avia_textblock'  itemprop=\"text\" ><p>In der folgenden Tabelle k\u00f6nnen Sie sehen, welche F\u00e4cher die Lernenden in der Deutschen Abteilung im welchem Umfang belegen.<\/p>\n<p>F\u00e4cher, die ab der Klasse 7 <strong>komplett auf Deutsch<\/strong> belegt werden und auch <strong>nur von deutschen Lehrerinnen und Lehrern<\/strong> unterrichtet werden, sind:<\/p>\n<p><strong>Deutsch, Mathematik, Geschichte, Biologie und Physik.<\/strong><\/p>\n<p>In diesen F\u00e4chern legen die Sch\u00fclerinnen und Sch\u00fcler der Deutschen Abteilung auch das <strong>Abitur<\/strong> ab.<\/p>\n<\/div><\/section>\n<section  class='av_textblock_section av-l3a9fcdl-aca1ad1a4cb9a30b86790e39095d2527 '   itemscope=\"itemscope\" itemtype=\"https:\/\/schema.org\/CreativeWork\" ><div class='avia_textblock'  itemprop=\"text\" ><p>Alle Lehrerinnen und Lehrer der Deutschsprachigen Abteilung haben in Deutschland studiert und das <strong>Erste und Zweite deutsche Staatsexamen<\/strong> f\u00fcr das h\u00f6here Lehramt an Gymnasien abgelegt.<\/p>\n<\/div><\/section>\n\n<style type=\"text\/css\" data-created_by=\"avia_inline_auto\" id=\"style-css-av-2k3dct-7dd92b4ae0cb570b5f0ece6c59b86a5b\">\n.avia-image-container.av-2k3dct-7dd92b4ae0cb570b5f0ece6c59b86a5b img.avia_image{\nbox-shadow:none;\n}\n.avia-image-container.av-2k3dct-7dd92b4ae0cb570b5f0ece6c59b86a5b .av-image-caption-overlay-center{\ncolor:#ffffff;\n}\n<\/style>\n<div  class='avia-image-container av-2k3dct-7dd92b4ae0cb570b5f0ece6c59b86a5b av-styling- avia-align-center  avia-builder-el-3  el_after_av_textblock  el_before_av_image '   itemprop=\"image\" itemscope=\"itemscope\" itemtype=\"https:\/\/schema.org\/ImageObject\" ><div class=\"avia-image-container-inner\"><div class=\"avia-image-overlay-wrap\"><img decoding=\"async\" fetchpriority=\"high\" class='wp-image- avia-img-lazy-loading-not- avia_image ' src=\"https:\/\/saksa.tln.edu.ee\/de\/wp-content\/uploads\/sites\/2\/2017\/02\/Folie19.gif\" alt='' title=''   itemprop=\"thumbnailUrl\"  \/><\/div><\/div><\/div>\n\n<style type=\"text\/css\" data-created_by=\"avia_inline_auto\" id=\"style-css-av-l91hsvs4-46bd37580a0194d8f2c8d3d02de1749c\">\n.avia-image-container.av-l91hsvs4-46bd37580a0194d8f2c8d3d02de1749c img.avia_image{\nbox-shadow:none;\n}\n.avia-image-container.av-l91hsvs4-46bd37580a0194d8f2c8d3d02de1749c .av-image-caption-overlay-center{\ncolor:#ffffff;\n}\n<\/style>\n<div  class='avia-image-container av-l91hsvs4-46bd37580a0194d8f2c8d3d02de1749c av-styling- avia-align-center  avia-builder-el-4  el_after_av_image  avia-builder-el-last '   itemprop=\"image\" itemscope=\"itemscope\" itemtype=\"https:\/\/schema.org\/ImageObject\" ><div class=\"avia-image-container-inner\"><div class=\"avia-image-overlay-wrap\"><img decoding=\"async\" fetchpriority=\"high\" class='wp-image-7457 avia-img-lazy-loading-not-7457 avia_image ' src=\"https:\/\/saksa.tln.edu.ee\/de\/wp-content\/uploads\/sites\/2\/2022\/10\/Stundentafel_DA_2022.png\" alt='' title='Stundentafel_DA_2022'  height=\"1450\" width=\"1120\"  itemprop=\"thumbnailUrl\" srcset=\"https:\/\/saksa.tln.edu.ee\/de\/wp-content\/uploads\/sites\/2\/2022\/10\/Stundentafel_DA_2022.png 1120w, https:\/\/saksa.tln.edu.ee\/de\/wp-content\/uploads\/sites\/2\/2022\/10\/Stundentafel_DA_2022-232x300.png 232w, https:\/\/saksa.tln.edu.ee\/de\/wp-content\/uploads\/sites\/2\/2022\/10\/Stundentafel_DA_2022-796x1030.png 796w, https:\/\/saksa.tln.edu.ee\/de\/wp-content\/uploads\/sites\/2\/2022\/10\/Stundentafel_DA_2022-768x994.png 768w, https:\/\/saksa.tln.edu.ee\/de\/wp-content\/uploads\/sites\/2\/2022\/10\/Stundentafel_DA_2022-545x705.png 545w\" sizes=\"(max-width: 1120px) 100vw, 1120px\" \/><\/div><\/div><\/div>\n","protected":false},"excerpt":{"rendered":"","protected":false},"author":6,"featured_media":0,"parent":136,"menu_order":0,"comment_status":"closed","ping_status":"closed","template":"","meta":{"footnotes":""},"class_list":["post-1949","page","type-page","status-publish","hentry"],"yoast_head":"<!-- This site is optimized with the Yoast SEO plugin v26.7 - https:\/\/yoast.com\/wordpress\/plugins\/seo\/ -->\n<title>Stundentafel - Tallinna Saksa G\u00fcmnaasium - Deutsches Gymnasium Tallinn<\/title>\n<meta name=\"robots\" content=\"index, follow, max-snippet:-1, max-image-preview:large, max-video-preview:-1\" \/>\n<link rel=\"canonical\" href=\"https:\/\/saksa.tln.edu.ee\/de\/unsere-schule\/lernen\/stundentafel\/\" \/>\n<meta property=\"og:locale\" content=\"de_DE\" \/>\n<meta property=\"og:type\" content=\"article\" \/>\n<meta property=\"og:title\" content=\"Stundentafel - Tallinna Saksa G\u00fcmnaasium - Deutsches Gymnasium Tallinn\" \/>\n<meta property=\"og:url\" content=\"https:\/\/saksa.tln.edu.ee\/de\/unsere-schule\/lernen\/stundentafel\/\" \/>\n<meta property=\"og:site_name\" content=\"Tallinna Saksa G\u00fcmnaasium - Deutsches Gymnasium Tallinn\" \/>\n<meta property=\"article:publisher\" content=\"https:\/\/www.facebook.com\/tallinnasaksagymnaasium\" \/>\n<meta property=\"article:modified_time\" content=\"2022-10-18T10:45:29+00:00\" \/>\n<meta name=\"twitter:card\" content=\"summary_large_image\" \/>\n<meta name=\"twitter:label1\" content=\"Gesch\u00e4tzte Lesezeit\" \/>\n\t<meta name=\"twitter:data1\" content=\"1\u00a0Minute\" \/>\n<script type=\"application\/ld+json\" class=\"yoast-schema-graph\">{\"@context\":\"https:\/\/schema.org\",\"@graph\":[{\"@type\":\"WebPage\",\"@id\":\"https:\/\/saksa.tln.edu.ee\/de\/unsere-schule\/lernen\/stundentafel\/\",\"url\":\"https:\/\/saksa.tln.edu.ee\/de\/unsere-schule\/lernen\/stundentafel\/\",\"name\":\"Stundentafel - Tallinna Saksa G\u00fcmnaasium - Deutsches Gymnasium Tallinn\",\"isPartOf\":{\"@id\":\"https:\/\/saksa.tln.edu.ee\/de\/#website\"},\"datePublished\":\"2017-04-24T10:19:35+00:00\",\"dateModified\":\"2022-10-18T10:45:29+00:00\",\"breadcrumb\":{\"@id\":\"https:\/\/saksa.tln.edu.ee\/de\/unsere-schule\/lernen\/stundentafel\/#breadcrumb\"},\"inLanguage\":\"de\",\"potentialAction\":[{\"@type\":\"ReadAction\",\"target\":[\"https:\/\/saksa.tln.edu.ee\/de\/unsere-schule\/lernen\/stundentafel\/\"]}]},{\"@type\":\"BreadcrumbList\",\"@id\":\"https:\/\/saksa.tln.edu.ee\/de\/unsere-schule\/lernen\/stundentafel\/#breadcrumb\",\"itemListElement\":[{\"@type\":\"ListItem\",\"position\":1,\"name\":\"Home\",\"item\":\"https:\/\/saksa.tln.edu.ee\/de\/\"},{\"@type\":\"ListItem\",\"position\":2,\"name\":\"Deutschsprachige Abteilung\",\"item\":\"https:\/\/saksa.tln.edu.ee\/de\/\"},{\"@type\":\"ListItem\",\"position\":3,\"name\":\"Schullaufbahnen am TSG\",\"item\":\"https:\/\/saksa.tln.edu.ee\/de\/unsere-schule\/lernen\/\"},{\"@type\":\"ListItem\",\"position\":4,\"name\":\"Stundentafel\"}]},{\"@type\":\"WebSite\",\"@id\":\"https:\/\/saksa.tln.edu.ee\/de\/#website\",\"url\":\"https:\/\/saksa.tln.edu.ee\/de\/\",\"name\":\"Tallinna Saksa G\u00fcmnaasium - Deutsches Gymnasium Tallinn\",\"description\":\"DPS-Schule | Deutsch-Profil-Schule in Estlands Hauptstadt Tallinn\",\"publisher\":{\"@id\":\"https:\/\/saksa.tln.edu.ee\/de\/#organization\"},\"potentialAction\":[{\"@type\":\"SearchAction\",\"target\":{\"@type\":\"EntryPoint\",\"urlTemplate\":\"https:\/\/saksa.tln.edu.ee\/de\/?s={search_term_string}\"},\"query-input\":{\"@type\":\"PropertyValueSpecification\",\"valueRequired\":true,\"valueName\":\"search_term_string\"}}],\"inLanguage\":\"de\"},{\"@type\":\"Organization\",\"@id\":\"https:\/\/saksa.tln.edu.ee\/de\/#organization\",\"name\":\"Tallinna Saksa G\u00fcmnaasium\",\"url\":\"https:\/\/saksa.tln.edu.ee\/de\/\",\"logo\":{\"@type\":\"ImageObject\",\"inLanguage\":\"de\",\"@id\":\"https:\/\/saksa.tln.edu.ee\/de\/#\/schema\/logo\/image\/\",\"url\":\"https:\/\/saksa.tln.edu.ee\/de\/wp-content\/uploads\/sites\/2\/2020\/09\/tsg.png\",\"contentUrl\":\"https:\/\/saksa.tln.edu.ee\/de\/wp-content\/uploads\/sites\/2\/2020\/09\/tsg.png\",\"width\":261,\"height\":278,\"caption\":\"Tallinna Saksa G\u00fcmnaasium\"},\"image\":{\"@id\":\"https:\/\/saksa.tln.edu.ee\/de\/#\/schema\/logo\/image\/\"},\"sameAs\":[\"https:\/\/www.facebook.com\/tallinnasaksagymnaasium\",\"https:\/\/www.instagram.com\/tallinnasaksagymnaasium\/\",\"https:\/\/www.youtube.com\/user\/TSGVideoTV\",\"https:\/\/et.wikipedia.org\/wiki\/Tallinna_Saksa_G\u00fcmnaasium\"]}]}<\/script>\n<!-- \/ Yoast SEO plugin. -->","yoast_head_json":{"title":"Stundentafel - Tallinna Saksa G\u00fcmnaasium - Deutsches Gymnasium Tallinn","robots":{"index":"index","follow":"follow","max-snippet":"max-snippet:-1","max-image-preview":"max-image-preview:large","max-video-preview":"max-video-preview:-1"},"canonical":"https:\/\/saksa.tln.edu.ee\/de\/unsere-schule\/lernen\/stundentafel\/","og_locale":"de_DE","og_type":"article","og_title":"Stundentafel - Tallinna Saksa G\u00fcmnaasium - Deutsches Gymnasium Tallinn","og_url":"https:\/\/saksa.tln.edu.ee\/de\/unsere-schule\/lernen\/stundentafel\/","og_site_name":"Tallinna Saksa G\u00fcmnaasium - Deutsches Gymnasium Tallinn","article_publisher":"https:\/\/www.facebook.com\/tallinnasaksagymnaasium","article_modified_time":"2022-10-18T10:45:29+00:00","twitter_card":"summary_large_image","twitter_misc":{"Gesch\u00e4tzte Lesezeit":"1\u00a0Minute"},"schema":{"@context":"https:\/\/schema.org","@graph":[{"@type":"WebPage","@id":"https:\/\/saksa.tln.edu.ee\/de\/unsere-schule\/lernen\/stundentafel\/","url":"https:\/\/saksa.tln.edu.ee\/de\/unsere-schule\/lernen\/stundentafel\/","name":"Stundentafel - Tallinna Saksa G\u00fcmnaasium - Deutsches Gymnasium Tallinn","isPartOf":{"@id":"https:\/\/saksa.tln.edu.ee\/de\/#website"},"datePublished":"2017-04-24T10:19:35+00:00","dateModified":"2022-10-18T10:45:29+00:00","breadcrumb":{"@id":"https:\/\/saksa.tln.edu.ee\/de\/unsere-schule\/lernen\/stundentafel\/#breadcrumb"},"inLanguage":"de","potentialAction":[{"@type":"ReadAction","target":["https:\/\/saksa.tln.edu.ee\/de\/unsere-schule\/lernen\/stundentafel\/"]}]},{"@type":"BreadcrumbList","@id":"https:\/\/saksa.tln.edu.ee\/de\/unsere-schule\/lernen\/stundentafel\/#breadcrumb","itemListElement":[{"@type":"ListItem","position":1,"name":"Home","item":"https:\/\/saksa.tln.edu.ee\/de\/"},{"@type":"ListItem","position":2,"name":"Deutschsprachige Abteilung","item":"https:\/\/saksa.tln.edu.ee\/de\/"},{"@type":"ListItem","position":3,"name":"Schullaufbahnen am TSG","item":"https:\/\/saksa.tln.edu.ee\/de\/unsere-schule\/lernen\/"},{"@type":"ListItem","position":4,"name":"Stundentafel"}]},{"@type":"WebSite","@id":"https:\/\/saksa.tln.edu.ee\/de\/#website","url":"https:\/\/saksa.tln.edu.ee\/de\/","name":"Tallinna Saksa G\u00fcmnaasium - Deutsches Gymnasium Tallinn","description":"DPS-Schule | Deutsch-Profil-Schule in Estlands Hauptstadt Tallinn","publisher":{"@id":"https:\/\/saksa.tln.edu.ee\/de\/#organization"},"potentialAction":[{"@type":"SearchAction","target":{"@type":"EntryPoint","urlTemplate":"https:\/\/saksa.tln.edu.ee\/de\/?s={search_term_string}"},"query-input":{"@type":"PropertyValueSpecification","valueRequired":true,"valueName":"search_term_string"}}],"inLanguage":"de"},{"@type":"Organization","@id":"https:\/\/saksa.tln.edu.ee\/de\/#organization","name":"Tallinna Saksa G\u00fcmnaasium","url":"https:\/\/saksa.tln.edu.ee\/de\/","logo":{"@type":"ImageObject","inLanguage":"de","@id":"https:\/\/saksa.tln.edu.ee\/de\/#\/schema\/logo\/image\/","url":"https:\/\/saksa.tln.edu.ee\/de\/wp-content\/uploads\/sites\/2\/2020\/09\/tsg.png","contentUrl":"https:\/\/saksa.tln.edu.ee\/de\/wp-content\/uploads\/sites\/2\/2020\/09\/tsg.png","width":261,"height":278,"caption":"Tallinna Saksa G\u00fcmnaasium"},"image":{"@id":"https:\/\/saksa.tln.edu.ee\/de\/#\/schema\/logo\/image\/"},"sameAs":["https:\/\/www.facebook.com\/tallinnasaksagymnaasium","https:\/\/www.instagram.com\/tallinnasaksagymnaasium\/","https:\/\/www.youtube.com\/user\/TSGVideoTV","https:\/\/et.wikipedia.org\/wiki\/Tallinna_Saksa_G\u00fcmnaasium"]}]}},"_links":{"self":[{"href":"https:\/\/saksa.tln.edu.ee\/de\/wp-json\/wp\/v2\/pages\/1949","targetHints":{"allow":["GET"]}}],"collection":[{"href":"https:\/\/saksa.tln.edu.ee\/de\/wp-json\/wp\/v2\/pages"}],"about":[{"href":"https:\/\/saksa.tln.edu.ee\/de\/wp-json\/wp\/v2\/types\/page"}],"author":[{"embeddable":true,"href":"https:\/\/saksa.tln.edu.ee\/de\/wp-json\/wp\/v2\/users\/6"}],"replies":[{"embeddable":true,"href":"https:\/\/saksa.tln.edu.ee\/de\/wp-json\/wp\/v2\/comments?post=1949"}],"version-history":[{"count":5,"href":"https:\/\/saksa.tln.edu.ee\/de\/wp-json\/wp\/v2\/pages\/1949\/revisions"}],"predecessor-version":[{"id":7513,"href":"https:\/\/saksa.tln.edu.ee\/de\/wp-json\/wp\/v2\/pages\/1949\/revisions\/7513"}],"up":[{"embeddable":true,"href":"https:\/\/saksa.tln.edu.ee\/de\/wp-json\/wp\/v2\/pages\/136"}],"wp:attachment":[{"href":"https:\/\/saksa.tln.edu.ee\/de\/wp-json\/wp\/v2\/media?parent=1949"}],"curies":[{"name":"wp","href":"https:\/\/api.w.org\/{rel}","templated":true}]}}