{"id":5338,"date":"2020-11-25T09:18:44","date_gmt":"2020-11-25T07:18:44","guid":{"rendered":"https:\/\/saksa.tln.edu.ee\/de\/?page_id=5338"},"modified":"2026-03-01T09:26:53","modified_gmt":"2026-03-01T07:26:53","slug":"praktikum-am-tsg","status":"publish","type":"page","link":"https:\/\/saksa.tln.edu.ee\/de\/kontakt\/praktikum-am-tsg\/","title":{"rendered":"Praktikum am TSG"},"content":{"rendered":"\n<style type=\"text\/css\" data-created_by=\"avia_inline_auto\" id=\"style-css-av-kymvo3p0-a6ce2439dbf4f1fa55412e06acb8419b\">\n#top .av-special-heading.av-kymvo3p0-a6ce2439dbf4f1fa55412e06acb8419b{\npadding-bottom:10px;\n}\nbody .av-special-heading.av-kymvo3p0-a6ce2439dbf4f1fa55412e06acb8419b .av-special-heading-tag .heading-char{\nfont-size:25px;\n}\n.av-special-heading.av-kymvo3p0-a6ce2439dbf4f1fa55412e06acb8419b .av-subheading{\nfont-size:15px;\n}\n<\/style>\n<div  class='av-special-heading av-kymvo3p0-a6ce2439dbf4f1fa55412e06acb8419b av-special-heading-h1  avia-builder-el-0  el_before_av_textblock  avia-builder-el-first '><h1 class='av-special-heading-tag '  itemprop=\"headline\"  >Praktikum am TSG<\/h1><div class=\"special-heading-border\"><div class=\"special-heading-inner-border\"><\/div><\/div><\/div>\n<section  class='av_textblock_section av-kp50x7nk-7c4ec43447f1780c53cce742456a3dfb '   itemscope=\"itemscope\" itemtype=\"https:\/\/schema.org\/CreativeWork\" ><div class='avia_textblock'  itemprop=\"text\" ><p>Deutsche Lehramts- und DaF-Studierende k\u00f6nnen ein Lehramts- oder Unterrichtpraktikum an unserer Schule absolvieren. Wir freuen uns sehr, wenn Sie bei uns am TSG ein Praktikum absolvieren m\u00f6chten.<\/p>\n<hr \/>\n<p><strong>1. Allgemeine Informationen<\/strong><\/p>\n<p>Schicken Sie gerne eine E-Mail mit dem <strong>Praktikumsantrag<\/strong> und den darin angegebenen\u00a0Anlagen an folgende Adresse:\u00a0<a href=\"&#109;&#97;&#x69;l&#116;&#x6f;&#x3a;p&#114;&#x61;&#x6b;t&#105;&#x6b;&#x75;m&#84;&#x53;&#x47;&#64;&#115;&#x61;&#x6b;s&#97;&#x2e;t&#108;&#110;&#x2e;e&#100;&#x75;&#x2e;e&#101;\" target=\"_blank\" rel=\"noopener\">praktikumTSG@saksa.<wbr \/>tln.edu.ee<\/a><\/p>\n<p>Sie erhalten danach zeitnah eine R\u00fcckmeldung.<\/p>\n<p>Bevor Sie sich bewerben:<\/p>\n<p><a href=\"https:\/\/saksa.tln.edu.ee\/de\/wp-content\/uploads\/sites\/2\/2025\/06\/HP_Info-Praktikum.2025.pdf\" target=\"_blank\" rel=\"noopener\">01_Allgemeine Informationen (Stand: Juli 2025)<\/a><\/p>\n<p><a href=\"https:\/\/saksa.tln.edu.ee\/de\/wp-content\/uploads\/sites\/2\/2025\/06\/Praktikumsantrag_TSG_HP_Stand_2025.pdf\" target=\"_blank\" rel=\"noopener\">02_Praktikumsantrag (Stand: Juli 2025)<\/a><\/p>\n<p><span style=\"color: #ff0000\">Bitte beachten Sie:<\/span><\/p>\n<p><span style=\"color: #ff0000\">Im Zeitraum vom 05.01.2026 bis zum 01.06.2026 sind noch Praktikumspl\u00e4tze frei. Beachten Sie bitte, dass wir nur Praktikantinnen und Praktikanten annehmen k\u00f6nnen, die mindestens einen Zeitraum von 3 Monaten anstreben.<\/span><\/p>\n<div>\n<div>\n<div><\/div>\n<\/div>\n<\/div>\n<div>\n<div>\n<div><\/div>\n<\/div>\n<\/div>\n<div>\n<div>\n<div>\n<p>Wir nehmen nur Anfragen von Student:innen an, die mindestens eines unserer F\u00e4cher in der Deutschen Abteilung studieren (Mathematik, Deutsch, Geschichte, Biologie, Physik). Haben Sie andere F\u00e4cher und w\u00fcnschen sich dennoch ein Praktikum in Tallinn zu absolvieren, wenden Sie sich gerne an die\u00a0<strong><span style=\"color: #0000ff\"><a style=\"color: #0000ff\" href=\"https:\/\/www.auslandsschulwesen.de\/Webs\/ZfA\/DE\/Deutsch-lernen\/DSD\/Fachberatung_Deutsch-als-Fremdsprache\/Europa\/Tallinn\/_documents\/person-artikel.html\">Fachberatung<\/a><\/span>\u00a0<\/strong>Deutsch als Fremdsprache in Tallinn. Sie kann\u00a0 Sie gegebenenfalls an andere Schulen in Tallinn weitervermitteln.<\/p>\n<p>Wir nehmen von den Praktikant:innen bei uns an, dass sie eine Pr\u00e4senzzeit in der Schule von der\u00a02. Stunde bis zur 6. Stunde\u00a0(9.00\u00a0&#8211; 14.30 Uhr) einhalten. Au\u00dferdem sollte das Praktikum sowohl f\u00fcr Sie als auch f\u00fcr uns ein Gewinn sein, sodass wir von Ihnen erwarten, dass Sie sich sowohl im Unterricht als auch au\u00dferhalb des Unterrichts eigenst\u00e4ndig einbringen.<\/p>\n<p><span style=\"color: #ff6600\">Ab einem Zeitraum von 3 Monaten k\u00f6nnen wir auf\u00a0Anfrage gerne ein\u00a0<i>Praktikumszeugnis<\/i> mit Beurteilung\u00a0ausstellen.<\/span><\/p>\n<p><span style=\"color: #ff6600\">Bei\u00a0einem geringeren Zeitraum stellen wir gerne eine\u00a0<i>T\u00e4tigkeitsbeschreibung<\/i>\u00a0oder eine\u00a0<i>Praktikumsbest\u00e4tigung<\/i>\u00a0aus.<\/span><\/p>\n<\/div>\n<\/div>\n<\/div>\n<div><\/div>\n<div>\n<hr \/>\n<\/div>\n<div><\/div>\n<h2><strong>2. Erfahrungsberichte<\/strong><\/h2>\n<p>Im Folgenden sehen Sie eine\u00a0<strong>Linksammlung<\/strong> <strong>von Praktikumsberichten<\/strong> der letzten Jahre:<\/p>\n<p>Giulia (2025) -Giulia schreibt mehrere Blogeintr\u00e4ge an der Uni M\u00fcnster zu ihrem Praktikum, die wir hier in der n\u00e4chsten Zeit verlinken:<\/p>\n<ol>\n<li><a href=\"https:\/\/www.uni-muenster.de\/CareerService\/blog-erasmus\/tere-aus-tallinn\/\" target=\"_blank\" rel=\"noopener\">https:\/\/www.uni-muenster.de\/CareerService\/blog-erasmus\/tere-aus-tallinn\/<\/a><\/li>\n<\/ol>\n<p>Julia, Davina, Rike und Julian (2024): <a href=\"https:\/\/saksa.tln.edu.ee\/de\/wp-content\/uploads\/sites\/2\/2024\/06\/Praktikumsbericht-TSG-Februar-bis-Juni_komp-v1.pdf\">Praktikumsbericht<\/a><\/p>\n<p>Nicole (2023): <a href=\"https:\/\/saksa.tln.edu.ee\/de\/wp-content\/uploads\/sites\/2\/2023\/12\/Praktikumsbericht_Nicole_compressed.pdf\" target=\"_blank\" rel=\"noopener\">Praktikumsbericht Nicole<\/a><\/p>\n<p>Alisa (2023): <a href=\"https:\/\/saksa.tln.edu.ee\/de\/wp-content\/uploads\/sites\/2\/2023\/02\/Alisa_Praktikumsbericht.pdf\">Praktikumsbericht_Alisa<\/a><\/p>\n<p>Vera (2022): <a href=\"https:\/\/saksa.tln.edu.ee\/de\/wp-content\/uploads\/sites\/2\/2023\/02\/TSG_Bericht_Vera.pdf\">Praktikumsbericht_Vera<\/a><\/p>\n<p>Jonas S. (2021): <a href=\"https:\/\/jonasinestland.wordpress.com\/blog\/\">Praktikumsblog_Jonas<\/a><\/p>\n<p>Nora S. (2021): <a href=\"https:\/\/saksa.tln.edu.ee\/de\/wp-content\/uploads\/sites\/2\/2021\/09\/HP_EB_Kulturweit_20_21.pdf\">Erfahrungsbericht_Nora (Kulturweit Freiwillige)<\/a><\/p>\n<p>Ines (2026): <a href=\"https:\/\/saksa.tln.edu.ee\/de\/wp-content\/uploads\/sites\/2\/2026\/03\/Erfahrungsbericht-Ines_v1.pdf\" target=\"_blank\" rel=\"noopener\">Erfahrungsbericht Ines (Kulturweit Freiwillige)<\/a><\/p>\n<hr \/>\n<h2><strong>3. TSG im PASCH-Netzwerk<\/strong><\/h2>\n<p>Das Tallinna Saksa G\u00fcmnaasium geh\u00f6rt zum<strong> Netzwerk der Initiative &#8222;Schulen: Partner der Zukunft&#8220; (PASCH)<\/strong> des Ausw\u00e4rtigen Amts. Informieren Sie sich gerne weiter:<\/p>\n<ul>\n<li><a href=\"http:\/\/www.pasch-net.de\/de\/par\/ptk.html\">Praktikum an Schulen im Ausland<\/a><\/li>\n<li><a href=\"https:\/\/zfl.uni-koeln.de\/auslandsaufenthalt.html\">https:\/\/zfl.uni-koeln.de\/auslandsaufenthalt.html<\/a><\/li>\n<\/ul>\n<p>Euer Fabian Mohrhardt<\/p>\n<p><em>Koordinator f\u00fcr Praktika am TSG<\/em><\/p>\n<\/div><\/section>\n\n<style type=\"text\/css\" data-created_by=\"avia_inline_auto\" id=\"style-css-av-kq6xlt62-1c64474b8cbd5ae2531b9ebe5562cdd0\">\n.avia-image-container.av-kq6xlt62-1c64474b8cbd5ae2531b9ebe5562cdd0 img.avia_image{\nbox-shadow:none;\n}\n.avia-image-container.av-kq6xlt62-1c64474b8cbd5ae2531b9ebe5562cdd0 .av-caption-image-overlay-bg{\nopacity:0.4;\nbackground-color:#000000;\n}\n.avia-image-container.av-kq6xlt62-1c64474b8cbd5ae2531b9ebe5562cdd0 .av-image-caption-overlay-center{\ncolor:#ffffff;\n}\n<\/style>\n<div  class='avia-image-container av-kq6xlt62-1c64474b8cbd5ae2531b9ebe5562cdd0 av-styling- avia-align-center  avia-builder-el-2  el_after_av_textblock  el_before_av_textblock  noHover av-overlay-hover-deactivate'   itemprop=\"image\" itemscope=\"itemscope\" itemtype=\"https:\/\/schema.org\/ImageObject\" ><div class=\"avia-image-container-inner\"><div class=\"avia-image-overlay-wrap\"><div class=\"av-image-caption-overlay\"><div class=\"av-caption-image-overlay-bg\"><\/div><div class=\"av-image-caption-overlay-position\"><div class=\"av-image-caption-overlay-center\"><\/div><\/div><\/div><img decoding=\"async\" fetchpriority=\"high\" class='wp-image-5720 avia-img-lazy-loading-not-5720 avia_image ' src=\"https:\/\/saksa.tln.edu.ee\/de\/wp-content\/uploads\/sites\/2\/2021\/06\/Praktikanten_2021-1030x458.jpg\" alt='' title='Praktikanten_2021'  height=\"458\" width=\"1030\"  itemprop=\"thumbnailUrl\" srcset=\"https:\/\/saksa.tln.edu.ee\/de\/wp-content\/uploads\/sites\/2\/2021\/06\/Praktikanten_2021-1030x458.jpg 1030w, https:\/\/saksa.tln.edu.ee\/de\/wp-content\/uploads\/sites\/2\/2021\/06\/Praktikanten_2021-300x134.jpg 300w, https:\/\/saksa.tln.edu.ee\/de\/wp-content\/uploads\/sites\/2\/2021\/06\/Praktikanten_2021-768x342.jpg 768w, https:\/\/saksa.tln.edu.ee\/de\/wp-content\/uploads\/sites\/2\/2021\/06\/Praktikanten_2021-1536x684.jpg 1536w, https:\/\/saksa.tln.edu.ee\/de\/wp-content\/uploads\/sites\/2\/2021\/06\/Praktikanten_2021-1500x668.jpg 1500w, https:\/\/saksa.tln.edu.ee\/de\/wp-content\/uploads\/sites\/2\/2021\/06\/Praktikanten_2021-705x314.jpg 705w, https:\/\/saksa.tln.edu.ee\/de\/wp-content\/uploads\/sites\/2\/2021\/06\/Praktikanten_2021.jpg 1600w\" sizes=\"(max-width: 1030px) 100vw, 1030px\" \/><\/div><\/div><\/div>\n<section  class='av_textblock_section av-kylimicl-3d95ac6d79c2000d5e7c0b8cdbf6a9bd '   itemscope=\"itemscope\" itemtype=\"https:\/\/schema.org\/CreativeWork\" ><div class='avia_textblock'  itemprop=\"text\" ><p>Gl\u00fcckliche Praktikantinnen und Praktikanten im SJ 2020\/21.<\/p>\n<\/div><\/section>\n\n<style type=\"text\/css\" data-created_by=\"avia_inline_auto\" id=\"style-css-av-k6h8gq-b9e186f8f6d1a9551c5942ee82fe8a18\">\n.flex_column.av-k6h8gq-b9e186f8f6d1a9551c5942ee82fe8a18{\nborder-radius:0px 0px 0px 0px;\npadding:0px 0px 0px 0px;\n}\n<\/style>\n<div  class='flex_column av-k6h8gq-b9e186f8f6d1a9551c5942ee82fe8a18 av_one_full  avia-builder-el-4  el_after_av_textblock  avia-builder-el-last  first flex_column_div av-zero-column-padding  column-top-margin'     ><div  class='avia-logo-element-container av-jqc696-face06f89103404606bf78631ef48afc av-border-deactivate avia-logo-grid avia-content-slider avia-smallarrow-slider avia-content-grid-active noHover avia-content-slider-odd  avia-builder-el-5  avia-builder-el-no-sibling  avia-content-slider1' ><div class='avia-smallarrow-slider-heading  no-logo-slider-heading '><div class='new-special-heading'>&nbsp;<\/div><\/div><div class=\"avia-content-slider-inner\"><div class=\"slide-entry-wrap\"><div  class='slide-entry av-gvpwfe-d2cbc95fe9a6ddbda2aa5a146643deb6 flex_column no_margin av_one_fifth real-thumbnail post-entry slide-entry-overview slide-loop-1 slide-parity-odd  first'><a href=\"http:\/\/www.tallinn.diplo.de\/Vertretung\/tallinn\/de\/Startseite.html\" data-rel='slide-1' class='slide-image' title=''  target=\"_blank\"  rel=\"noopener noreferrer\"><span class='av-partner-fake-img' style='padding-bottom:44.333333333333%; background-image:url(https:\/\/saksa.tln.edu.ee\/de\/wp-content\/uploads\/sites\/2\/2017\/03\/Tallinn_deut_o_c-300x133.jpg);'><\/span><\/a><\/div><div  class='slide-entry av-gbw5ze-e8d296232ac5ae9c4a330e74c15cab13 flex_column no_margin av_one_fifth real-thumbnail post-entry slide-entry-overview slide-loop-2 slide-parity-even  '><a href=\"http:\/\/www.bva.bund.de\/DE\/Organisation\/Abteilungen\/Abteilung_ZfA\/DieZfA\/node.html\" data-rel='slide-1' class='slide-image' title=''  target=\"_blank\"  rel=\"noopener noreferrer\"><span class='av-partner-fake-img' style='padding-bottom:44.333333333333%; background-image:url(https:\/\/saksa.tln.edu.ee\/de\/wp-content\/uploads\/sites\/2\/2016\/03\/zfa.jpg);'><\/span><\/a><\/div><div  class='slide-entry av-1fzgy2-0b1b6fac10556d1895a2b843ec7e1245 flex_column no_margin av_one_fifth real-thumbnail post-entry slide-entry-overview slide-loop-3 slide-parity-odd  '><a href=\"http:\/\/www.bva.bund.de\/DE\/Organisation\/Abteilungen\/Abteilung_ZfA\/Auslandsschularbeit\/Schulen_im_Ausland\/Deutsch-Profil-Schulen\/node.html\" data-rel='slide-1' class='slide-image' title=''  target=\"_blank\"  rel=\"noopener noreferrer\"><span class='av-partner-fake-img' style='padding-bottom:44.333333333333%; background-image:url(https:\/\/saksa.tln.edu.ee\/de\/wp-content\/uploads\/sites\/2\/2016\/03\/Logo_DPS.png);'><\/span><\/a><\/div><div  class='slide-entry av-cx6ihm-acf0543e640e89a15ea443fc28414f67 flex_column no_margin av_one_fifth real-thumbnail post-entry slide-entry-overview slide-loop-4 slide-parity-even  '><a href=\"http:\/\/www.pasch-net.de\/de\/index.html\" data-rel='slide-1' class='slide-image' title=''  target=\"_blank\"  rel=\"noopener noreferrer\"><span class='av-partner-fake-img' style='padding-bottom:44.333333333333%; background-image:url(https:\/\/saksa.tln.edu.ee\/de\/wp-content\/uploads\/sites\/2\/2016\/03\/partner_der_zukunft.jpg);'><\/span><\/a><\/div><div  class='slide-entry av-11ns4q-c4e47f43ef1e8bb05a7b199ad8c51977 flex_column no_margin av_one_fifth real-thumbnail post-entry slide-entry-overview slide-loop-5 slide-parity-odd  '><a href=\"https:\/\/www.kmk.org\" data-rel='slide-1' class='slide-image' title='' ><span class='av-partner-fake-img' style='padding-bottom:44.333333333333%; background-image:url(https:\/\/saksa.tln.edu.ee\/de\/wp-content\/uploads\/sites\/2\/2017\/05\/kmk-logo.png);'><\/span><\/a><\/div><\/div><div class=\"slide-entry-wrap\"><div  class='slide-entry av-9eojl6-60b8e06c2eb4c68a188e6d23d4d8d990 flex_column no_margin av_one_fifth real-thumbnail post-entry slide-entry-overview slide-loop-6 slide-parity-odd  first'><a href=\"https:\/\/www.goethe.de\/ins\/ee\/de\/index.html\" data-rel='slide-1' class='slide-image' title=''  target=\"_blank\"  rel=\"noopener noreferrer\"><span class='av-partner-fake-img' style='padding-bottom:44.333333333333%; background-image:url(https:\/\/saksa.tln.edu.ee\/de\/wp-content\/uploads\/sites\/2\/2017\/10\/GoetheInstitut201709-300x141.png);'><\/span><\/a><\/div><div  class='slide-entry av-7oh6ay-7f17655183fa5def9993ed924bcb089c flex_column no_margin av_one_fifth real-thumbnail post-entry slide-entry-overview slide-loop-7 slide-parity-even  '><a href=\"http:\/\/www.planpolitik.de\/projekt\/erasmus-projekt-imteam4eu\/\" data-rel='slide-1' class='slide-image' title=''  target=\"_blank\"  rel=\"noopener noreferrer\"><span class='av-partner-fake-img' style='padding-bottom:44.333333333333%; background-image:url(https:\/\/saksa.tln.edu.ee\/de\/wp-content\/uploads\/sites\/2\/2016\/03\/ImTeam4EU-v.png);'><\/span><\/a><\/div><div  class='slide-entry av-n8vkq-d9baf5a115b65a2683ec224f012cff75 flex_column no_margin av_one_fifth real-thumbnail post-entry slide-entry-overview slide-loop-8 slide-parity-odd  '><a href=\"https:\/\/ec.europa.eu\/programmes\/erasmus-plus\/node_en\" data-rel='slide-1' class='slide-image' title=''  target=\"_blank\"  rel=\"noopener noreferrer\"><span class='av-partner-fake-img' style='padding-bottom:44.333333333333%; background-image:url(https:\/\/saksa.tln.edu.ee\/de\/wp-content\/uploads\/sites\/2\/2016\/03\/EUflag-Erasmus-vv.png);'><\/span><\/a><\/div><div  class='slide-entry av-3xx7l6-c1bf1d9938ece9ad27a5f31cfb53a198 flex_column no_margin av_one_fifth real-thumbnail post-entry slide-entry-overview slide-loop-9 slide-parity-even  '><a href=\"http:\/\/www.edlv.ee\/www4\/\" data-rel='slide-1' class='slide-image' title=''  target=\"_blank\"  rel=\"noopener noreferrer\"><span class='av-partner-fake-img' style='padding-bottom:44.333333333333%; background-image:url(https:\/\/saksa.tln.edu.ee\/de\/wp-content\/uploads\/sites\/2\/2016\/03\/EstnischerDeutschlehrerverband-300x119.jpg);'><\/span><\/a><\/div><div  class='slide-entry av-1ulvka-04b3f45b5b30894eea53416c3277f9bb flex_column no_margin av_one_fifth real-thumbnail post-entry slide-entry-overview slide-loop-10 slide-parity-odd post-entry-last '><a href=\"http:\/\/deutsch.ee\/de\/\" data-rel='slide-1' class='slide-image' title='' ><span class='av-partner-fake-img' style='padding-bottom:44.333333333333%; background-image:url(https:\/\/saksa.tln.edu.ee\/de\/wp-content\/uploads\/sites\/2\/2016\/03\/DeutschesKulturinstitut-300x45.png);'><\/span><\/a><\/div><\/div><\/div><\/div><\/div>\n","protected":false},"excerpt":{"rendered":"","protected":false},"author":8,"featured_media":4309,"parent":14,"menu_order":0,"comment_status":"closed","ping_status":"closed","template":"","meta":{"footnotes":""},"class_list":["post-5338","page","type-page","status-publish","has-post-thumbnail","hentry"],"yoast_head":"<!-- This site is optimized with the Yoast SEO plugin v26.7 - https:\/\/yoast.com\/wordpress\/plugins\/seo\/ -->\n<title>Praktikum am TSG - Tallinna Saksa G\u00fcmnaasium - Deutsches Gymnasium Tallinn<\/title>\n<meta name=\"robots\" content=\"index, follow, max-snippet:-1, max-image-preview:large, max-video-preview:-1\" \/>\n<link rel=\"canonical\" href=\"https:\/\/saksa.tln.edu.ee\/de\/kontakt\/praktikum-am-tsg\/\" \/>\n<meta property=\"og:locale\" content=\"de_DE\" \/>\n<meta property=\"og:type\" content=\"article\" \/>\n<meta property=\"og:title\" content=\"Praktikum am TSG - Tallinna Saksa G\u00fcmnaasium - Deutsches Gymnasium Tallinn\" \/>\n<meta property=\"og:url\" content=\"https:\/\/saksa.tln.edu.ee\/de\/kontakt\/praktikum-am-tsg\/\" \/>\n<meta property=\"og:site_name\" content=\"Tallinna Saksa G\u00fcmnaasium - Deutsches Gymnasium Tallinn\" \/>\n<meta property=\"article:publisher\" content=\"https:\/\/www.facebook.com\/tallinnasaksagymnaasium\" \/>\n<meta property=\"article:modified_time\" content=\"2026-03-01T07:26:53+00:00\" \/>\n<meta property=\"og:image\" content=\"https:\/\/saksa.tln.edu.ee\/de\/wp-content\/uploads\/sites\/2\/2019\/01\/Heinroos-Postimees.jpg\" \/>\n\t<meta property=\"og:image:width\" content=\"1200\" \/>\n\t<meta property=\"og:image:height\" content=\"630\" \/>\n\t<meta property=\"og:image:type\" content=\"image\/jpeg\" \/>\n<meta name=\"twitter:card\" content=\"summary_large_image\" \/>\n<meta name=\"twitter:label1\" content=\"Gesch\u00e4tzte Lesezeit\" \/>\n\t<meta name=\"twitter:data1\" content=\"3\u00a0Minuten\" \/>\n<script type=\"application\/ld+json\" class=\"yoast-schema-graph\">{\"@context\":\"https:\/\/schema.org\",\"@graph\":[{\"@type\":\"WebPage\",\"@id\":\"https:\/\/saksa.tln.edu.ee\/de\/kontakt\/praktikum-am-tsg\/\",\"url\":\"https:\/\/saksa.tln.edu.ee\/de\/kontakt\/praktikum-am-tsg\/\",\"name\":\"Praktikum am TSG - Tallinna Saksa G\u00fcmnaasium - Deutsches Gymnasium Tallinn\",\"isPartOf\":{\"@id\":\"https:\/\/saksa.tln.edu.ee\/de\/#website\"},\"primaryImageOfPage\":{\"@id\":\"https:\/\/saksa.tln.edu.ee\/de\/kontakt\/praktikum-am-tsg\/#primaryimage\"},\"image\":{\"@id\":\"https:\/\/saksa.tln.edu.ee\/de\/kontakt\/praktikum-am-tsg\/#primaryimage\"},\"thumbnailUrl\":\"https:\/\/saksa.tln.edu.ee\/de\/wp-content\/uploads\/sites\/2\/2019\/01\/Heinroos-Postimees.jpg\",\"datePublished\":\"2020-11-25T07:18:44+00:00\",\"dateModified\":\"2026-03-01T07:26:53+00:00\",\"breadcrumb\":{\"@id\":\"https:\/\/saksa.tln.edu.ee\/de\/kontakt\/praktikum-am-tsg\/#breadcrumb\"},\"inLanguage\":\"de\",\"potentialAction\":[{\"@type\":\"ReadAction\",\"target\":[\"https:\/\/saksa.tln.edu.ee\/de\/kontakt\/praktikum-am-tsg\/\"]}]},{\"@type\":\"ImageObject\",\"inLanguage\":\"de\",\"@id\":\"https:\/\/saksa.tln.edu.ee\/de\/kontakt\/praktikum-am-tsg\/#primaryimage\",\"url\":\"https:\/\/saksa.tln.edu.ee\/de\/wp-content\/uploads\/sites\/2\/2019\/01\/Heinroos-Postimees.jpg\",\"contentUrl\":\"https:\/\/saksa.tln.edu.ee\/de\/wp-content\/uploads\/sites\/2\/2019\/01\/Heinroos-Postimees.jpg\",\"width\":1200,\"height\":630,\"caption\":\"TSG saksa keele \u00f5petaja K\u00e4tlin Heinroos. FOTO: Eero Vabam\u00e4gi\"},{\"@type\":\"BreadcrumbList\",\"@id\":\"https:\/\/saksa.tln.edu.ee\/de\/kontakt\/praktikum-am-tsg\/#breadcrumb\",\"itemListElement\":[{\"@type\":\"ListItem\",\"position\":1,\"name\":\"Home\",\"item\":\"https:\/\/saksa.tln.edu.ee\/de\/\"},{\"@type\":\"ListItem\",\"position\":2,\"name\":\"Kontakt\",\"item\":\"https:\/\/saksa.tln.edu.ee\/de\/kontakt\/\"},{\"@type\":\"ListItem\",\"position\":3,\"name\":\"Praktikum am TSG\"}]},{\"@type\":\"WebSite\",\"@id\":\"https:\/\/saksa.tln.edu.ee\/de\/#website\",\"url\":\"https:\/\/saksa.tln.edu.ee\/de\/\",\"name\":\"Tallinna Saksa G\u00fcmnaasium - Deutsches Gymnasium Tallinn\",\"description\":\"DPS-Schule | Deutsch-Profil-Schule in Estlands Hauptstadt Tallinn\",\"publisher\":{\"@id\":\"https:\/\/saksa.tln.edu.ee\/de\/#organization\"},\"potentialAction\":[{\"@type\":\"SearchAction\",\"target\":{\"@type\":\"EntryPoint\",\"urlTemplate\":\"https:\/\/saksa.tln.edu.ee\/de\/?s={search_term_string}\"},\"query-input\":{\"@type\":\"PropertyValueSpecification\",\"valueRequired\":true,\"valueName\":\"search_term_string\"}}],\"inLanguage\":\"de\"},{\"@type\":\"Organization\",\"@id\":\"https:\/\/saksa.tln.edu.ee\/de\/#organization\",\"name\":\"Tallinna Saksa G\u00fcmnaasium\",\"url\":\"https:\/\/saksa.tln.edu.ee\/de\/\",\"logo\":{\"@type\":\"ImageObject\",\"inLanguage\":\"de\",\"@id\":\"https:\/\/saksa.tln.edu.ee\/de\/#\/schema\/logo\/image\/\",\"url\":\"https:\/\/saksa.tln.edu.ee\/de\/wp-content\/uploads\/sites\/2\/2020\/09\/tsg.png\",\"contentUrl\":\"https:\/\/saksa.tln.edu.ee\/de\/wp-content\/uploads\/sites\/2\/2020\/09\/tsg.png\",\"width\":261,\"height\":278,\"caption\":\"Tallinna Saksa G\u00fcmnaasium\"},\"image\":{\"@id\":\"https:\/\/saksa.tln.edu.ee\/de\/#\/schema\/logo\/image\/\"},\"sameAs\":[\"https:\/\/www.facebook.com\/tallinnasaksagymnaasium\",\"https:\/\/www.instagram.com\/tallinnasaksagymnaasium\/\",\"https:\/\/www.youtube.com\/user\/TSGVideoTV\",\"https:\/\/et.wikipedia.org\/wiki\/Tallinna_Saksa_G\u00fcmnaasium\"]}]}<\/script>\n<!-- \/ Yoast SEO plugin. -->","yoast_head_json":{"title":"Praktikum am TSG - Tallinna Saksa G\u00fcmnaasium - Deutsches Gymnasium Tallinn","robots":{"index":"index","follow":"follow","max-snippet":"max-snippet:-1","max-image-preview":"max-image-preview:large","max-video-preview":"max-video-preview:-1"},"canonical":"https:\/\/saksa.tln.edu.ee\/de\/kontakt\/praktikum-am-tsg\/","og_locale":"de_DE","og_type":"article","og_title":"Praktikum am TSG - Tallinna Saksa G\u00fcmnaasium - Deutsches Gymnasium Tallinn","og_url":"https:\/\/saksa.tln.edu.ee\/de\/kontakt\/praktikum-am-tsg\/","og_site_name":"Tallinna Saksa G\u00fcmnaasium - Deutsches Gymnasium Tallinn","article_publisher":"https:\/\/www.facebook.com\/tallinnasaksagymnaasium","article_modified_time":"2026-03-01T07:26:53+00:00","og_image":[{"width":1200,"height":630,"url":"https:\/\/saksa.tln.edu.ee\/de\/wp-content\/uploads\/sites\/2\/2019\/01\/Heinroos-Postimees.jpg","type":"image\/jpeg"}],"twitter_card":"summary_large_image","twitter_misc":{"Gesch\u00e4tzte Lesezeit":"3\u00a0Minuten"},"schema":{"@context":"https:\/\/schema.org","@graph":[{"@type":"WebPage","@id":"https:\/\/saksa.tln.edu.ee\/de\/kontakt\/praktikum-am-tsg\/","url":"https:\/\/saksa.tln.edu.ee\/de\/kontakt\/praktikum-am-tsg\/","name":"Praktikum am TSG - Tallinna Saksa G\u00fcmnaasium - Deutsches Gymnasium Tallinn","isPartOf":{"@id":"https:\/\/saksa.tln.edu.ee\/de\/#website"},"primaryImageOfPage":{"@id":"https:\/\/saksa.tln.edu.ee\/de\/kontakt\/praktikum-am-tsg\/#primaryimage"},"image":{"@id":"https:\/\/saksa.tln.edu.ee\/de\/kontakt\/praktikum-am-tsg\/#primaryimage"},"thumbnailUrl":"https:\/\/saksa.tln.edu.ee\/de\/wp-content\/uploads\/sites\/2\/2019\/01\/Heinroos-Postimees.jpg","datePublished":"2020-11-25T07:18:44+00:00","dateModified":"2026-03-01T07:26:53+00:00","breadcrumb":{"@id":"https:\/\/saksa.tln.edu.ee\/de\/kontakt\/praktikum-am-tsg\/#breadcrumb"},"inLanguage":"de","potentialAction":[{"@type":"ReadAction","target":["https:\/\/saksa.tln.edu.ee\/de\/kontakt\/praktikum-am-tsg\/"]}]},{"@type":"ImageObject","inLanguage":"de","@id":"https:\/\/saksa.tln.edu.ee\/de\/kontakt\/praktikum-am-tsg\/#primaryimage","url":"https:\/\/saksa.tln.edu.ee\/de\/wp-content\/uploads\/sites\/2\/2019\/01\/Heinroos-Postimees.jpg","contentUrl":"https:\/\/saksa.tln.edu.ee\/de\/wp-content\/uploads\/sites\/2\/2019\/01\/Heinroos-Postimees.jpg","width":1200,"height":630,"caption":"TSG saksa keele \u00f5petaja K\u00e4tlin Heinroos. FOTO: Eero Vabam\u00e4gi"},{"@type":"BreadcrumbList","@id":"https:\/\/saksa.tln.edu.ee\/de\/kontakt\/praktikum-am-tsg\/#breadcrumb","itemListElement":[{"@type":"ListItem","position":1,"name":"Home","item":"https:\/\/saksa.tln.edu.ee\/de\/"},{"@type":"ListItem","position":2,"name":"Kontakt","item":"https:\/\/saksa.tln.edu.ee\/de\/kontakt\/"},{"@type":"ListItem","position":3,"name":"Praktikum am TSG"}]},{"@type":"WebSite","@id":"https:\/\/saksa.tln.edu.ee\/de\/#website","url":"https:\/\/saksa.tln.edu.ee\/de\/","name":"Tallinna Saksa G\u00fcmnaasium - Deutsches Gymnasium Tallinn","description":"DPS-Schule | Deutsch-Profil-Schule in Estlands Hauptstadt Tallinn","publisher":{"@id":"https:\/\/saksa.tln.edu.ee\/de\/#organization"},"potentialAction":[{"@type":"SearchAction","target":{"@type":"EntryPoint","urlTemplate":"https:\/\/saksa.tln.edu.ee\/de\/?s={search_term_string}"},"query-input":{"@type":"PropertyValueSpecification","valueRequired":true,"valueName":"search_term_string"}}],"inLanguage":"de"},{"@type":"Organization","@id":"https:\/\/saksa.tln.edu.ee\/de\/#organization","name":"Tallinna Saksa G\u00fcmnaasium","url":"https:\/\/saksa.tln.edu.ee\/de\/","logo":{"@type":"ImageObject","inLanguage":"de","@id":"https:\/\/saksa.tln.edu.ee\/de\/#\/schema\/logo\/image\/","url":"https:\/\/saksa.tln.edu.ee\/de\/wp-content\/uploads\/sites\/2\/2020\/09\/tsg.png","contentUrl":"https:\/\/saksa.tln.edu.ee\/de\/wp-content\/uploads\/sites\/2\/2020\/09\/tsg.png","width":261,"height":278,"caption":"Tallinna Saksa G\u00fcmnaasium"},"image":{"@id":"https:\/\/saksa.tln.edu.ee\/de\/#\/schema\/logo\/image\/"},"sameAs":["https:\/\/www.facebook.com\/tallinnasaksagymnaasium","https:\/\/www.instagram.com\/tallinnasaksagymnaasium\/","https:\/\/www.youtube.com\/user\/TSGVideoTV","https:\/\/et.wikipedia.org\/wiki\/Tallinna_Saksa_G\u00fcmnaasium"]}]}},"_links":{"self":[{"href":"https:\/\/saksa.tln.edu.ee\/de\/wp-json\/wp\/v2\/pages\/5338","targetHints":{"allow":["GET"]}}],"collection":[{"href":"https:\/\/saksa.tln.edu.ee\/de\/wp-json\/wp\/v2\/pages"}],"about":[{"href":"https:\/\/saksa.tln.edu.ee\/de\/wp-json\/wp\/v2\/types\/page"}],"author":[{"embeddable":true,"href":"https:\/\/saksa.tln.edu.ee\/de\/wp-json\/wp\/v2\/users\/8"}],"replies":[{"embeddable":true,"href":"https:\/\/saksa.tln.edu.ee\/de\/wp-json\/wp\/v2\/comments?post=5338"}],"version-history":[{"count":5,"href":"https:\/\/saksa.tln.edu.ee\/de\/wp-json\/wp\/v2\/pages\/5338\/revisions"}],"predecessor-version":[{"id":9349,"href":"https:\/\/saksa.tln.edu.ee\/de\/wp-json\/wp\/v2\/pages\/5338\/revisions\/9349"}],"up":[{"embeddable":true,"href":"https:\/\/saksa.tln.edu.ee\/de\/wp-json\/wp\/v2\/pages\/14"}],"wp:featuredmedia":[{"embeddable":true,"href":"https:\/\/saksa.tln.edu.ee\/de\/wp-json\/wp\/v2\/media\/4309"}],"wp:attachment":[{"href":"https:\/\/saksa.tln.edu.ee\/de\/wp-json\/wp\/v2\/media?parent=5338"}],"curies":[{"name":"wp","href":"https:\/\/api.w.org\/{rel}","templated":true}]}}