{"id":6449,"date":"2022-01-19T14:14:10","date_gmt":"2022-01-19T12:14:10","guid":{"rendered":"https:\/\/saksa.tln.edu.ee\/de\/?page_id=6449"},"modified":"2025-09-11T13:35:25","modified_gmt":"2025-09-11T10:35:25","slug":"begruessung-des-lda","status":"publish","type":"page","link":"https:\/\/saksa.tln.edu.ee\/de\/begruessung-des-lda\/","title":{"rendered":"Begr\u00fc\u00dfung des LDA"},"content":{"rendered":"\n<style type=\"text\/css\" data-created_by=\"avia_inline_auto\" id=\"style-css-av-kybe37n8-3ac32372496c93410ee0225237a34ae1\">\n#top .av-special-heading.av-kybe37n8-3ac32372496c93410ee0225237a34ae1{\npadding-bottom:10px;\n}\nbody .av-special-heading.av-kybe37n8-3ac32372496c93410ee0225237a34ae1 .av-special-heading-tag .heading-char{\nfont-size:25px;\n}\n.av-special-heading.av-kybe37n8-3ac32372496c93410ee0225237a34ae1 .av-subheading{\nfont-size:15px;\n}\n<\/style>\n<div  class='av-special-heading av-kybe37n8-3ac32372496c93410ee0225237a34ae1 av-special-heading-h1  avia-builder-el-0  el_before_av_image  avia-builder-el-first '><h1 class='av-special-heading-tag '  itemprop=\"headline\"  >Begr\u00fc\u00dfung der LDA<\/h1><div class=\"special-heading-border\"><div class=\"special-heading-inner-border\"><\/div><\/div><\/div>\n\n<style type=\"text\/css\" data-created_by=\"avia_inline_auto\" id=\"style-css-av-zaep-ff98301918cff5a86dc8d9fad374990d\">\n.avia-image-container.av-zaep-ff98301918cff5a86dc8d9fad374990d img.avia_image{\nbox-shadow:none;\n}\n.avia-image-container.av-zaep-ff98301918cff5a86dc8d9fad374990d .av-image-caption-overlay-center{\ncolor:#ffffff;\n}\n<\/style>\n<div  class='avia-image-container av-zaep-ff98301918cff5a86dc8d9fad374990d av-styling-circle avia-align-center  avia-builder-el-1  el_after_av_heading  el_before_av_textblock '   itemprop=\"image\" itemscope=\"itemscope\" itemtype=\"https:\/\/schema.org\/ImageObject\" ><div class=\"avia-image-container-inner\"><div class=\"avia-image-overlay-wrap\"><img decoding=\"async\" fetchpriority=\"high\" class='wp-image-9177 avia-img-lazy-loading-not-9177 avia_image ' src=\"https:\/\/saksa.tln.edu.ee\/de\/wp-content\/uploads\/sites\/2\/2025\/08\/Foto_Host-235x300.jpg\" alt='' title='Foto_Host'  height=\"300\" width=\"235\"  itemprop=\"thumbnailUrl\" srcset=\"https:\/\/saksa.tln.edu.ee\/de\/wp-content\/uploads\/sites\/2\/2025\/08\/Foto_Host-235x300.jpg 235w, https:\/\/saksa.tln.edu.ee\/de\/wp-content\/uploads\/sites\/2\/2025\/08\/Foto_Host-807x1030.jpg 807w, https:\/\/saksa.tln.edu.ee\/de\/wp-content\/uploads\/sites\/2\/2025\/08\/Foto_Host-768x980.jpg 768w, https:\/\/saksa.tln.edu.ee\/de\/wp-content\/uploads\/sites\/2\/2025\/08\/Foto_Host-1203x1536.jpg 1203w, https:\/\/saksa.tln.edu.ee\/de\/wp-content\/uploads\/sites\/2\/2025\/08\/Foto_Host-1175x1500.jpg 1175w, https:\/\/saksa.tln.edu.ee\/de\/wp-content\/uploads\/sites\/2\/2025\/08\/Foto_Host-552x705.jpg 552w, https:\/\/saksa.tln.edu.ee\/de\/wp-content\/uploads\/sites\/2\/2025\/08\/Foto_Host.jpg 1334w\" sizes=\"(max-width: 235px) 100vw, 235px\" \/><\/div><\/div><\/div>\n<section  class='av_textblock_section av-kylhj2on-0b2c79b027545d5f1453fedd74f76cb5 '   itemscope=\"itemscope\" itemtype=\"https:\/\/schema.org\/CreativeWork\" ><div class='avia_textblock'  itemprop=\"text\" ><p><strong><em>Tere tulemast \u2013 herzlich willkommen auf der Homepage<\/em><\/strong><\/p>\n<p><strong><em>der Deutschsprachigen Abteilung am Tallinna Saksa G\u00fcmnaasium!<\/em><\/strong><\/p>\n<p>Wir freuen uns \u00fcber Ihr \/ dein Interesse an unserer Deutschsprachigen Abteilung!<\/p>\n<p>Seit 1997, also inzwischen schon seit \u00fcber 25 Jahren gibt es am Tallinna Saksa G\u00fcmnaasium schon die M\u00f6glichkeit, erweiterte Deutschkenntnisse im Rahmen unserer Spezialabteilung zu erwerben. Das ist eine einmalige Gelegenheit, sich Sprachkompetenz auf einem Niveau anzueignen, das weit \u00fcber den normalen Unterricht hinausgeht.<\/p>\n<p>Alle Sch\u00fclerinnen und Sch\u00fcler lernen am Tallinna Saksa G\u00fcmnaasium ab der 1. Klasse Deutsch als erste Fremdsprache. Ab der 4. Klasse kommt Englisch hinzu, und in sp\u00e4teren Jahrg\u00e4ngen gibt es die M\u00f6glichkeit, zus\u00e4tzlich noch weitere Fremdsprachen wie z.B. Spanisch, Franz\u00f6sisch oder Schwedisch zu lernen.<\/p>\n<p>Um die Aufnahme in die Deutschsprachige Spezialabteilung k\u00f6nnen sich Sch\u00fclerinnen und Sch\u00fcler der 6. Klassen bewerben. Die Klassen unserer Abteilung werden von der 7. Klasse bis zur 12. Klasse in den F\u00e4chern Deutsch, Mathematik, Geschichte, Biologie und Physik in deutscher Sprache und von deutschen Fachlehrern unterrichtet, die ihr Studium und ihre Ausbildung in Deutschland abgeschlossen haben. Um eine intensive Betreuung zu gew\u00e4hrleisten, werden die Klassen in diesen F\u00e4chern meistens geteilt und in Kleingruppen unterrichtet.<\/p>\n<p>Am Ende ihrer Schulzeit haben die Sch\u00fclerinnen und Sch\u00fcler unserer Abteilung eine au\u00dfergew\u00f6hnliche Ausbildung genossen: Sie sprechen sowohl hervorragend Englisch als auch Deutsch und ggf. weitere Sprachen. Durch die st\u00e4ndige Besch\u00e4ftigung mit der deutschen Sprache in den weiteren Unterrichtsf\u00e4chern sind sie versiert darin, sich auch spontan auf Deutsch zu unterschiedlichsten gesellschaftlichen und wissenschaftlichen Themen zu \u00e4u\u00dfern. Gleichzeitig mit dem estnischen Abschluss bekommen sie das deutsche Abitur, das sie uneingeschr\u00e4nkt zu Studium oder Berufsausbildung in Deutschland berechtigt. Dieses Angebot ist einmalig im gesamten Baltikum.<\/p>\n<p>Wichtig sind uns bei der Ausbildung in der Deutschsprachigen Abteilung:<\/p>\n<ul>\n<li>intensiver, inhaltlich und didaktisch hochwertiger Unterricht in kleinen Gruppen,<\/li>\n<li>vielf\u00e4ltige Projekte und Wettbewerbe,<\/li>\n<li>ein enger Bezug zu Deutschland durch verschiedene Austauschbesuche,<\/li>\n<li>die Erziehung zu selbst\u00e4ndigem, kritisch-reflektiertem Denken und Handeln,<\/li>\n<li>Motivation und Begeisterung f\u00fcr die deutsche Sprache.<\/li>\n<\/ul>\n<p>Viel Spa\u00df beim Kennenlernen des Tallinna Saksa G\u00fcmnaasium und der Deutschsprachigen Abteilung auf diesen Seiten!<\/p>\n<p>Claudia Host<br \/>\nLeiterin der Deutschsprachigen Abteilung<\/p>\n<\/div><\/section>\n<div  class='av-social-sharing-box av-21wg3c-6466b84fc6978e1463a96b11163519d5 av-social-sharing-box-default  avia-builder-el-3  el_after_av_textblock  el_before_av_textblock  av-social-sharing-box-fullwidth'><div class=\"av-share-box\"><h5 class='av-share-link-description av-no-toc '>Eintrag teilen<\/h5><ul class=\"av-share-box-list noLightbox\"><li class='av-share-link av-social-link-facebook avia_social_iconfont' ><a target=\"_blank\" aria-label=\"Teilen auf Facebook\" href='https:\/\/www.facebook.com\/sharer.php?u=https:\/\/saksa.tln.edu.ee\/de\/begruessung-des-lda\/&#038;t=Begr%C3%BC%C3%9Fung%20des%20LDA' data-av_icon='\ue8f3' data-av_iconfont='entypo-fontello'  title='' data-avia-related-tooltip='Teilen auf Facebook'><span class='avia_hidden_link_text'>Teilen auf Facebook<\/span><\/a><\/li><li class='av-share-link av-social-link-twitter avia_social_iconfont' ><a target=\"_blank\" aria-label=\"Teilen auf X\" href='https:\/\/twitter.com\/share?text=Begr%C3%BC%C3%9Fung%20des%20LDA&#038;url=https:\/\/saksa.tln.edu.ee\/de\/?p=6449' data-av_icon='\ue932' data-av_iconfont='entypo-fontello'  title='' data-avia-related-tooltip='Teilen auf X'><span class='avia_hidden_link_text'>Teilen auf X<\/span><\/a><\/li><li class='av-share-link av-social-link-whatsapp avia_social_iconfont' ><a target=\"_blank\" aria-label=\"Teilen auf WhatsApp\" href='https:\/\/api.whatsapp.com\/send?text=https:\/\/saksa.tln.edu.ee\/de\/begruessung-des-lda\/' data-av_icon='\uf232' data-av_iconfont='entypo-fontello'  title='' data-avia-related-tooltip='Teilen auf WhatsApp'><span class='avia_hidden_link_text'>Teilen auf WhatsApp<\/span><\/a><\/li><li class='av-share-link av-social-link-pinterest avia_social_iconfont' ><a target=\"_blank\" aria-label=\"Teilen auf Pinterest\" href='https:\/\/pinterest.com\/pin\/create\/button\/?url=https%3A%2F%2Fsaksa.tln.edu.ee%2Fde%2Fbegruessung-des-lda%2F&#038;description=Begr%C3%BC%C3%9Fung%20des%20LDA&#038;media=' data-av_icon='\ue8f8' data-av_iconfont='entypo-fontello'  title='' data-avia-related-tooltip='Teilen auf Pinterest'><span class='avia_hidden_link_text'>Teilen auf Pinterest<\/span><\/a><\/li><li class='av-share-link av-social-link-tumblr avia_social_iconfont' ><a target=\"_blank\" aria-label=\"Teilen auf Tumblr\" href='https:\/\/www.tumblr.com\/share\/link?url=https%3A%2F%2Fsaksa.tln.edu.ee%2Fde%2Fbegruessung-des-lda%2F&#038;name=Begr%C3%BC%C3%9Fung%20des%20LDA&#038;description=' data-av_icon='\ue8fa' data-av_iconfont='entypo-fontello'  title='' data-avia-related-tooltip='Teilen auf Tumblr'><span class='avia_hidden_link_text'>Teilen auf Tumblr<\/span><\/a><\/li><li class='av-share-link av-social-link-vk avia_social_iconfont' ><a target=\"_blank\" aria-label=\"Teilen auf Vk\" href='https:\/\/vk.com\/share.php?url=https:\/\/saksa.tln.edu.ee\/de\/begruessung-des-lda\/' data-av_icon='\ue926' data-av_iconfont='entypo-fontello'  title='' data-avia-related-tooltip='Teilen auf Vk'><span class='avia_hidden_link_text'>Teilen auf Vk<\/span><\/a><\/li><li class='av-share-link av-social-link-mail avia_social_iconfont' ><a  aria-label=\"Per E-Mail teilen\" href='mailto:?subject=Begr%C3%BC%C3%9Fung%20des%20LDA&#038;body=https:\/\/saksa.tln.edu.ee\/de\/begruessung-des-lda\/' data-av_icon='\ue805' data-av_iconfont='entypo-fontello'  title='' data-avia-related-tooltip='Per E-Mail teilen'><span class='avia_hidden_link_text'>Per E-Mail teilen<\/span><\/a><\/li><\/ul><\/div><\/div>\n<section  class='av_textblock_section av-kylhl086-2290550045f56b09df7e706c26fb9978 '   itemscope=\"itemscope\" itemtype=\"https:\/\/schema.org\/CreativeWork\" ><div class='avia_textblock'  itemprop=\"text\" ><p>Zum Download der Datei als pdf: <a href=\"https:\/\/saksa.tln.edu.ee\/de\/wp-content\/uploads\/sites\/2\/2020\/09\/Begruessung.pdf\">Begr\u00fc\u00dfung<\/a><\/p>\n<\/div><\/section>\n<div  class='avia-logo-element-container av-fp6hm7-bd79d725084a437d89a1c6964b525344 av-border-deactivate avia-logo-grid avia-content-slider avia-smallarrow-slider avia-content-grid-active noHover avia-content-slider-odd  avia-builder-el-5  el_after_av_textblock  avia-builder-el-last  avia-content-slider1' ><div class='avia-smallarrow-slider-heading  no-logo-slider-heading '><div class='new-special-heading'>&nbsp;<\/div><\/div><div class=\"avia-content-slider-inner\"><div class=\"slide-entry-wrap\"><div  class='slide-entry av-dwhj0v-154144ad9ca984670933828b6541e330 flex_column no_margin av_one_fifth real-thumbnail post-entry slide-entry-overview slide-loop-1 slide-parity-odd  first'><a href=\"http:\/\/www.tallinn.diplo.de\/Vertretung\/tallinn\/de\/Startseite.html\" data-rel='slide-1' class='slide-image' title=''  target=\"_blank\"  rel=\"noopener noreferrer\"><span class='av-partner-fake-img' style='padding-bottom:44.176285414481%; background-image:url(https:\/\/saksa.tln.edu.ee\/de\/wp-content\/uploads\/sites\/2\/2017\/03\/Tallinn_deut_o_c.jpg);'><\/span><\/a><\/div><div  class='slide-entry av-cey8b3-9bdc39d9b9dab422950f79f17e635984 flex_column no_margin av_one_fifth real-thumbnail post-entry slide-entry-overview slide-loop-2 slide-parity-even  '><a href=\"http:\/\/www.bva.bund.de\/DE\/Organisation\/Abteilungen\/Abteilung_ZfA\/DieZfA\/node.html\" data-rel='slide-1' class='slide-image' title=''  target=\"_blank\"  rel=\"noopener noreferrer\"><span class='av-partner-fake-img' style='padding-bottom:44.176285414481%; background-image:url(https:\/\/saksa.tln.edu.ee\/de\/wp-content\/uploads\/sites\/2\/2016\/03\/zfa.jpg);'><\/span><\/a><\/div><div  class='slide-entry av-afl7qn-570205f2f7b5136a8609b1216ddba22d flex_column no_margin av_one_fifth real-thumbnail post-entry slide-entry-overview slide-loop-3 slide-parity-odd  '><a href=\"http:\/\/www.bva.bund.de\/DE\/Organisation\/Abteilungen\/Abteilung_ZfA\/Auslandsschularbeit\/Schulen_im_Ausland\/Deutsch-Profil-Schulen\/node.html\" data-rel='slide-1' class='slide-image' title=''  target=\"_blank\"  rel=\"noopener noreferrer\"><span class='av-partner-fake-img' style='padding-bottom:44.176285414481%; background-image:url(https:\/\/saksa.tln.edu.ee\/de\/wp-content\/uploads\/sites\/2\/2016\/03\/Logo_DPS.png);'><\/span><\/a><\/div><div  class='slide-entry av-8s0snz-317024621016f3860f8222b41b230abb flex_column no_margin av_one_fifth real-thumbnail post-entry slide-entry-overview slide-loop-4 slide-parity-even  '><a href=\"http:\/\/www.pasch-net.de\/de\/index.html\" data-rel='slide-1' class='slide-image' title=''  target=\"_blank\"  rel=\"noopener noreferrer\"><span class='av-partner-fake-img' style='padding-bottom:44.176285414481%; background-image:url(https:\/\/saksa.tln.edu.ee\/de\/wp-content\/uploads\/sites\/2\/2016\/03\/partner_der_zukunft.jpg);'><\/span><\/a><\/div><div  class='slide-entry av-76cr0f-5839ec29130146c17b4de2ed11dde0dc flex_column no_margin av_one_fifth real-thumbnail post-entry slide-entry-overview slide-loop-5 slide-parity-odd  '><a href=\"https:\/\/www.goethe.de\/ins\/ee\/de\/index.html\" data-rel='slide-1' class='slide-image' title=''  target=\"_blank\"  rel=\"noopener noreferrer\"><span class='av-partner-fake-img' style='padding-bottom:44.176285414481%; background-image:url(https:\/\/saksa.tln.edu.ee\/de\/wp-content\/uploads\/sites\/2\/2017\/10\/GoetheInstitut201709.png);'><\/span><\/a><\/div><\/div><div class=\"slide-entry-wrap\"><div  class='slide-entry av-5dx7xb-98f2034637efbc894b82c71dd4c87fa3 flex_column no_margin av_one_fifth real-thumbnail post-entry slide-entry-overview slide-loop-6 slide-parity-odd  first'><a href=\"http:\/\/www.planpolitik.de\/projekt\/erasmus-projekt-imteam4eu\/\" data-rel='slide-1' class='slide-image' title=''  target=\"_blank\"  rel=\"noopener noreferrer\"><span class='av-partner-fake-img' style='padding-bottom:44.176285414481%; background-image:url(https:\/\/saksa.tln.edu.ee\/de\/wp-content\/uploads\/sites\/2\/2016\/03\/ImTeam4EU-v.png);'><\/span><\/a><\/div><div  class='slide-entry av-4xe867-48c2b259613441d4d8ee07fd21ffd943 flex_column no_margin av_one_fifth real-thumbnail post-entry slide-entry-overview slide-loop-7 slide-parity-even  '><a href=\"https:\/\/ec.europa.eu\/programmes\/erasmus-plus\/node_en\" data-rel='slide-1' class='slide-image' title=''  target=\"_blank\"  rel=\"noopener noreferrer\"><span class='av-partner-fake-img' style='padding-bottom:44.176285414481%; background-image:url(https:\/\/saksa.tln.edu.ee\/de\/wp-content\/uploads\/sites\/2\/2016\/03\/EUflag-Erasmus-vv.png);'><\/span><\/a><\/div><div  class='slide-entry av-2u28zz-e1db92a207e21e53c2b8e6390da5603c flex_column no_margin av_one_fifth real-thumbnail post-entry slide-entry-overview slide-loop-8 slide-parity-odd post-entry-last '><a href=\"http:\/\/www.edlv.ee\/www4\/\" data-rel='slide-1' class='slide-image' title=''  target=\"_blank\"  rel=\"noopener noreferrer\"><span class='av-partner-fake-img' style='padding-bottom:44.176285414481%; background-image:url(https:\/\/saksa.tln.edu.ee\/de\/wp-content\/uploads\/sites\/2\/2016\/03\/EstnischerDeutschlehrerverband.jpg);'><\/span><\/a><\/div><\/div><\/div><\/div>\n","protected":false},"excerpt":{"rendered":"","protected":false},"author":8,"featured_media":0,"parent":0,"menu_order":0,"comment_status":"closed","ping_status":"closed","template":"","meta":{"footnotes":""},"class_list":["post-6449","page","type-page","status-publish","hentry"],"yoast_head":"<!-- This site is optimized with the Yoast SEO plugin v26.7 - https:\/\/yoast.com\/wordpress\/plugins\/seo\/ -->\n<title>Begr\u00fc\u00dfung des LDA - Tallinna Saksa G\u00fcmnaasium - Deutsches Gymnasium Tallinn<\/title>\n<meta name=\"robots\" content=\"index, follow, max-snippet:-1, max-image-preview:large, max-video-preview:-1\" \/>\n<link rel=\"canonical\" href=\"https:\/\/saksa.tln.edu.ee\/de\/begruessung-des-lda\/\" \/>\n<meta property=\"og:locale\" content=\"de_DE\" \/>\n<meta property=\"og:type\" content=\"article\" \/>\n<meta property=\"og:title\" content=\"Begr\u00fc\u00dfung des LDA - Tallinna Saksa G\u00fcmnaasium - Deutsches Gymnasium Tallinn\" \/>\n<meta property=\"og:url\" content=\"https:\/\/saksa.tln.edu.ee\/de\/begruessung-des-lda\/\" \/>\n<meta property=\"og:site_name\" content=\"Tallinna Saksa G\u00fcmnaasium - Deutsches Gymnasium Tallinn\" \/>\n<meta property=\"article:publisher\" content=\"https:\/\/www.facebook.com\/tallinnasaksagymnaasium\" \/>\n<meta property=\"article:modified_time\" content=\"2025-09-11T10:35:25+00:00\" \/>\n<meta name=\"twitter:card\" content=\"summary_large_image\" \/>\n<meta name=\"twitter:label1\" content=\"Gesch\u00e4tzte Lesezeit\" \/>\n\t<meta name=\"twitter:data1\" content=\"3\u00a0Minuten\" \/>\n<script type=\"application\/ld+json\" class=\"yoast-schema-graph\">{\"@context\":\"https:\/\/schema.org\",\"@graph\":[{\"@type\":\"WebPage\",\"@id\":\"https:\/\/saksa.tln.edu.ee\/de\/begruessung-des-lda\/\",\"url\":\"https:\/\/saksa.tln.edu.ee\/de\/begruessung-des-lda\/\",\"name\":\"Begr\u00fc\u00dfung des LDA - Tallinna Saksa G\u00fcmnaasium - Deutsches Gymnasium Tallinn\",\"isPartOf\":{\"@id\":\"https:\/\/saksa.tln.edu.ee\/de\/#website\"},\"datePublished\":\"2022-01-19T12:14:10+00:00\",\"dateModified\":\"2025-09-11T10:35:25+00:00\",\"breadcrumb\":{\"@id\":\"https:\/\/saksa.tln.edu.ee\/de\/begruessung-des-lda\/#breadcrumb\"},\"inLanguage\":\"de\",\"potentialAction\":[{\"@type\":\"ReadAction\",\"target\":[\"https:\/\/saksa.tln.edu.ee\/de\/begruessung-des-lda\/\"]}]},{\"@type\":\"BreadcrumbList\",\"@id\":\"https:\/\/saksa.tln.edu.ee\/de\/begruessung-des-lda\/#breadcrumb\",\"itemListElement\":[{\"@type\":\"ListItem\",\"position\":1,\"name\":\"Home\",\"item\":\"https:\/\/saksa.tln.edu.ee\/de\/\"},{\"@type\":\"ListItem\",\"position\":2,\"name\":\"Begr\u00fc\u00dfung des LDA\"}]},{\"@type\":\"WebSite\",\"@id\":\"https:\/\/saksa.tln.edu.ee\/de\/#website\",\"url\":\"https:\/\/saksa.tln.edu.ee\/de\/\",\"name\":\"Tallinna Saksa G\u00fcmnaasium - Deutsches Gymnasium Tallinn\",\"description\":\"DPS-Schule | Deutsch-Profil-Schule in Estlands Hauptstadt Tallinn\",\"publisher\":{\"@id\":\"https:\/\/saksa.tln.edu.ee\/de\/#organization\"},\"potentialAction\":[{\"@type\":\"SearchAction\",\"target\":{\"@type\":\"EntryPoint\",\"urlTemplate\":\"https:\/\/saksa.tln.edu.ee\/de\/?s={search_term_string}\"},\"query-input\":{\"@type\":\"PropertyValueSpecification\",\"valueRequired\":true,\"valueName\":\"search_term_string\"}}],\"inLanguage\":\"de\"},{\"@type\":\"Organization\",\"@id\":\"https:\/\/saksa.tln.edu.ee\/de\/#organization\",\"name\":\"Tallinna Saksa G\u00fcmnaasium\",\"url\":\"https:\/\/saksa.tln.edu.ee\/de\/\",\"logo\":{\"@type\":\"ImageObject\",\"inLanguage\":\"de\",\"@id\":\"https:\/\/saksa.tln.edu.ee\/de\/#\/schema\/logo\/image\/\",\"url\":\"https:\/\/saksa.tln.edu.ee\/de\/wp-content\/uploads\/sites\/2\/2020\/09\/tsg.png\",\"contentUrl\":\"https:\/\/saksa.tln.edu.ee\/de\/wp-content\/uploads\/sites\/2\/2020\/09\/tsg.png\",\"width\":261,\"height\":278,\"caption\":\"Tallinna Saksa G\u00fcmnaasium\"},\"image\":{\"@id\":\"https:\/\/saksa.tln.edu.ee\/de\/#\/schema\/logo\/image\/\"},\"sameAs\":[\"https:\/\/www.facebook.com\/tallinnasaksagymnaasium\",\"https:\/\/www.instagram.com\/tallinnasaksagymnaasium\/\",\"https:\/\/www.youtube.com\/user\/TSGVideoTV\",\"https:\/\/et.wikipedia.org\/wiki\/Tallinna_Saksa_G\u00fcmnaasium\"]}]}<\/script>\n<!-- \/ Yoast SEO plugin. -->","yoast_head_json":{"title":"Begr\u00fc\u00dfung des LDA - Tallinna Saksa G\u00fcmnaasium - Deutsches Gymnasium Tallinn","robots":{"index":"index","follow":"follow","max-snippet":"max-snippet:-1","max-image-preview":"max-image-preview:large","max-video-preview":"max-video-preview:-1"},"canonical":"https:\/\/saksa.tln.edu.ee\/de\/begruessung-des-lda\/","og_locale":"de_DE","og_type":"article","og_title":"Begr\u00fc\u00dfung des LDA - Tallinna Saksa G\u00fcmnaasium - Deutsches Gymnasium Tallinn","og_url":"https:\/\/saksa.tln.edu.ee\/de\/begruessung-des-lda\/","og_site_name":"Tallinna Saksa G\u00fcmnaasium - Deutsches Gymnasium Tallinn","article_publisher":"https:\/\/www.facebook.com\/tallinnasaksagymnaasium","article_modified_time":"2025-09-11T10:35:25+00:00","twitter_card":"summary_large_image","twitter_misc":{"Gesch\u00e4tzte Lesezeit":"3\u00a0Minuten"},"schema":{"@context":"https:\/\/schema.org","@graph":[{"@type":"WebPage","@id":"https:\/\/saksa.tln.edu.ee\/de\/begruessung-des-lda\/","url":"https:\/\/saksa.tln.edu.ee\/de\/begruessung-des-lda\/","name":"Begr\u00fc\u00dfung des LDA - Tallinna Saksa G\u00fcmnaasium - Deutsches Gymnasium Tallinn","isPartOf":{"@id":"https:\/\/saksa.tln.edu.ee\/de\/#website"},"datePublished":"2022-01-19T12:14:10+00:00","dateModified":"2025-09-11T10:35:25+00:00","breadcrumb":{"@id":"https:\/\/saksa.tln.edu.ee\/de\/begruessung-des-lda\/#breadcrumb"},"inLanguage":"de","potentialAction":[{"@type":"ReadAction","target":["https:\/\/saksa.tln.edu.ee\/de\/begruessung-des-lda\/"]}]},{"@type":"BreadcrumbList","@id":"https:\/\/saksa.tln.edu.ee\/de\/begruessung-des-lda\/#breadcrumb","itemListElement":[{"@type":"ListItem","position":1,"name":"Home","item":"https:\/\/saksa.tln.edu.ee\/de\/"},{"@type":"ListItem","position":2,"name":"Begr\u00fc\u00dfung des LDA"}]},{"@type":"WebSite","@id":"https:\/\/saksa.tln.edu.ee\/de\/#website","url":"https:\/\/saksa.tln.edu.ee\/de\/","name":"Tallinna Saksa G\u00fcmnaasium - Deutsches Gymnasium Tallinn","description":"DPS-Schule | Deutsch-Profil-Schule in Estlands Hauptstadt Tallinn","publisher":{"@id":"https:\/\/saksa.tln.edu.ee\/de\/#organization"},"potentialAction":[{"@type":"SearchAction","target":{"@type":"EntryPoint","urlTemplate":"https:\/\/saksa.tln.edu.ee\/de\/?s={search_term_string}"},"query-input":{"@type":"PropertyValueSpecification","valueRequired":true,"valueName":"search_term_string"}}],"inLanguage":"de"},{"@type":"Organization","@id":"https:\/\/saksa.tln.edu.ee\/de\/#organization","name":"Tallinna Saksa G\u00fcmnaasium","url":"https:\/\/saksa.tln.edu.ee\/de\/","logo":{"@type":"ImageObject","inLanguage":"de","@id":"https:\/\/saksa.tln.edu.ee\/de\/#\/schema\/logo\/image\/","url":"https:\/\/saksa.tln.edu.ee\/de\/wp-content\/uploads\/sites\/2\/2020\/09\/tsg.png","contentUrl":"https:\/\/saksa.tln.edu.ee\/de\/wp-content\/uploads\/sites\/2\/2020\/09\/tsg.png","width":261,"height":278,"caption":"Tallinna Saksa G\u00fcmnaasium"},"image":{"@id":"https:\/\/saksa.tln.edu.ee\/de\/#\/schema\/logo\/image\/"},"sameAs":["https:\/\/www.facebook.com\/tallinnasaksagymnaasium","https:\/\/www.instagram.com\/tallinnasaksagymnaasium\/","https:\/\/www.youtube.com\/user\/TSGVideoTV","https:\/\/et.wikipedia.org\/wiki\/Tallinna_Saksa_G\u00fcmnaasium"]}]}},"_links":{"self":[{"href":"https:\/\/saksa.tln.edu.ee\/de\/wp-json\/wp\/v2\/pages\/6449","targetHints":{"allow":["GET"]}}],"collection":[{"href":"https:\/\/saksa.tln.edu.ee\/de\/wp-json\/wp\/v2\/pages"}],"about":[{"href":"https:\/\/saksa.tln.edu.ee\/de\/wp-json\/wp\/v2\/types\/page"}],"author":[{"embeddable":true,"href":"https:\/\/saksa.tln.edu.ee\/de\/wp-json\/wp\/v2\/users\/8"}],"replies":[{"embeddable":true,"href":"https:\/\/saksa.tln.edu.ee\/de\/wp-json\/wp\/v2\/comments?post=6449"}],"version-history":[{"count":5,"href":"https:\/\/saksa.tln.edu.ee\/de\/wp-json\/wp\/v2\/pages\/6449\/revisions"}],"predecessor-version":[{"id":9227,"href":"https:\/\/saksa.tln.edu.ee\/de\/wp-json\/wp\/v2\/pages\/6449\/revisions\/9227"}],"wp:attachment":[{"href":"https:\/\/saksa.tln.edu.ee\/de\/wp-json\/wp\/v2\/media?parent=6449"}],"curies":[{"name":"wp","href":"https:\/\/api.w.org\/{rel}","templated":true}]}}