{"id":6464,"date":"2022-01-19T14:18:28","date_gmt":"2022-01-19T12:18:28","guid":{"rendered":"https:\/\/saksa.tln.edu.ee\/de\/?page_id=6464"},"modified":"2024-04-23T13:13:48","modified_gmt":"2024-04-23T10:13:48","slug":"rahmenbedingungen","status":"publish","type":"page","link":"https:\/\/saksa.tln.edu.ee\/de\/rahmenbedingungen\/","title":{"rendered":"Rahmenbedingungen"},"content":{"rendered":"\n<style type=\"text\/css\" data-created_by=\"avia_inline_auto\" id=\"style-css-av-kybe449c-6c2b7f7fdea42da6806fb2455ebd978a\">\n#top .av-special-heading.av-kybe449c-6c2b7f7fdea42da6806fb2455ebd978a{\npadding-bottom:10px;\n}\nbody .av-special-heading.av-kybe449c-6c2b7f7fdea42da6806fb2455ebd978a .av-special-heading-tag .heading-char{\nfont-size:25px;\n}\n.av-special-heading.av-kybe449c-6c2b7f7fdea42da6806fb2455ebd978a .av-subheading{\nfont-size:15px;\n}\n<\/style>\n<div  class='av-special-heading av-kybe449c-6c2b7f7fdea42da6806fb2455ebd978a av-special-heading-h1  avia-builder-el-0  el_before_av_textblock  avia-builder-el-first '><h1 class='av-special-heading-tag '  itemprop=\"headline\"  >Rahmenbedingungen<\/h1><div class=\"special-heading-border\"><div class=\"special-heading-inner-border\"><\/div><\/div><\/div>\n<section  class='av_textblock_section av-kt9ob44j-b7a447c25316ee4e346b2619f890bd35 '   itemscope=\"itemscope\" itemtype=\"https:\/\/schema.org\/CreativeWork\" ><div class='avia_textblock'  itemprop=\"text\" ><h2><strong>Ansprechpartner und \u00fcbergeordnete Institutionen<\/strong><\/h2>\n<p><strong>Zentralstelle f\u00fcr das Deutsche Auslandsschulwesen<\/strong><\/p>\n<ul>\n<li>finanzielle und personelle Ausstattung der Deutschsprachigen Abteilung<\/li>\n<\/ul>\n<p><a href=\"https:\/\/www.auslandsschulwesen.de\/Webs\/ZfA\/DE\/Schulnetz\/DPS\/dps_node.html\">https:\/\/www.auslandsschulwesen.de\/Webs\/ZfA\/DE\/Schulnetz\/DPS\/dps_node.html<\/a><\/p>\n<p><strong>Kultusministerkonferenz der Bundesrepublik Deutschland<\/strong><\/p>\n<ul>\n<li>Pr\u00fcfungen zur Allgemeinen Deutschen Hochschulreife<\/li>\n<li>Pr\u00fcfungen zum Deutschen Sprachdiplom (DSD I und DSD II)<\/li>\n<\/ul>\n<p><a href=\"https:\/\/www.kmk.org\/themen\/auslandsschulen.html\">https:\/\/www.kmk.org\/themen\/auslandsschulen.html<\/a><\/p>\n<p><strong>BLAschA \u2013 Bund-L\u00e4nder Ausschuss f\u00fcr die schulische Arbeit im Ausland<\/strong><\/p>\n<ul>\n<li>Durchf\u00fchrung der Pr\u00fcfungen, Rahmenvorgaben f\u00fcr die Arbeit an den Schulen:<\/li>\n<\/ul>\n<p><a href=\"https:\/\/www.kmk.org\/themen\/auslandsschulen\/verantwortung-fuer-die-auslandsschulen.html\">https:\/\/www.kmk.org\/themen\/auslandsschulen\/verantwortung-fuer-die-auslandsschulen.html<\/a><\/p>\n<p><strong>Botschaft der Bundesrepublik Deutschland in Tallinn<\/strong><\/p>\n<ul>\n<li>Betreuung der Deutschen in Estland, Zusammenarbeit bei Projekten und Pr\u00fcfungen:<\/li>\n<\/ul>\n<p><a href=\"https:\/\/tallinn.diplo.de\/\">https:\/\/tallinn.diplo.de\/<\/a><\/p>\n<p><strong>Haridus- ja Noorteamet (estnisches Bildungsministerium)<\/strong><\/p>\n<ul>\n<li>P\u00f5hikooli l\u00f5pueksamid (estnischer mittlerer Abschluss) &#8211; Informationen<\/li>\n<li>Riigieksamid (estnisches Abitur) \u2013 Informationen<\/li>\n<\/ul>\n<p><a href=\"https:\/\/www.harno.ee\/\">https:\/\/www.harno.ee\/<\/a><\/p>\n<p><strong>Riigi Teataja (estnischer Staatsanzeiger)<\/strong><\/p>\n<ul>\n<li>Schulferienordnung<\/li>\n<\/ul>\n<p><a href=\"https:\/\/www.riigiteataja.ee\/akt\/110092020003\">https:\/\/www.riigiteataja.ee\/akt\/110092020003<\/a><\/p>\n<h2><strong>\u00dcbergeordnete Dokumente<\/strong><\/h2>\n<p><strong>\u00a0<\/strong><strong>Schulabkommen zwischen Deutschland und Estland (2002) mit Personalstatut<\/strong><\/p>\n<ul>\n<li>regelt die Arbeit in der Deutschsprachigen Abteilung und die Zusammenarbeit mit der estnischen Schule und den estnischen Bildungsbeh\u00f6rden<\/li>\n<\/ul>\n<p>DEUTSCH:<\/p>\n<p><a href=\"https:\/\/www.bgbl.de\/xaver\/bgbl\/start.xav#__bgbl__%2F%2F*%5B%40attr_id%3D%27bgbl213s1244b.pdf%27%5D__1665131578359\">https:\/\/www.bgbl.de\/xaver\/bgbl\/start.xav#__bgbl__%2F%2F*%5B%40attr_id%3D%27bgbl213s1244b.pdf%27%5D__1665131578359<\/a> (als Link)<\/p>\n<p>ESTNISCH:<\/p>\n<p><a href=\"https:\/\/www.riigiteataja.ee\/akt\/13348471\">https:\/\/www.riigiteataja.ee\/akt\/13348471<\/a> (als Link)<\/p>\n<p><strong>Umsetzung des <\/strong><strong>Schulabkommens in nationales estnisches Recht (2011)<\/strong><\/p>\n<ul>\n<li>konkretisiert das Schulabkommen im Hinblick auf die nationale Bildungsstruktur<\/li>\n<li><a href=\"https:\/\/www.riigiteataja.ee\/akt\/304082011002\">https:\/\/www.riigiteataja.ee\/akt\/304082011002<\/a><\/li>\n<\/ul>\n<p><strong>Pr\u00fcfungsordnung f\u00fcr das Abitur (2012)<\/strong>:<\/p>\n<ul>\n<li>Ordnung f\u00fcr die Durchf\u00fchrung der Pr\u00fcfung zur Erlangung eines Zeugnisses der deutschen allgemeinen Hochschulreife f\u00fcr Absolventen deutschsprachiger Abteilungen an \u00f6ffentlichen Schulen in der Republik Estland:<\/li>\n<li><a href=\"https:\/\/www.kmk.org\/fileadmin\/Dateien\/veroeffentlichungen_beschluesse\/1993\/1997_04_09_Pruefungsordnung_MOE-Estland.pdf\">https:\/\/www.kmk.org\/fileadmin\/Dateien\/veroeffentlichungen_beschluesse\/1993\/1997_04_09_Pruefungsordnung_MOE-Estland.pdf<\/a><\/li>\n<\/ul>\n<p><strong>Kerncurricula<\/strong><strong> f\u00fcr die F\u00e4cher Deutsch, Mathematik, Biologie, Geschichte, Physik an den deutschen Auslandsschulen<\/strong><\/p>\n<ul>\n<li>Deutsch: <a href=\"https:\/\/www.kmk.org\/fileadmin\/Dateien\/veroeffentlichungen_beschluesse\/2010\/2010_04_29-Kerncurriculum-Deutsch.pdf\">https:\/\/www.kmk.org\/fileadmin\/Dateien\/veroeffentlichungen_beschluesse\/2010\/2010_04_29-Kerncurriculum-Deutsch.pdf<\/a><\/li>\n<li>Mathematik: <a href=\"https:\/\/www.kmk.org\/fileadmin\/Dateien\/veroeffentlichungen_beschluesse\/2010\/2010_04_29-Kerncurriculum-Mathematik.pdf\">https:\/\/www.kmk.org\/fileadmin\/Dateien\/veroeffentlichungen_beschluesse\/2010\/2010_04_29-Kerncurriculum-Mathematik.pdf<\/a><\/li>\n<li>Geschichte: <a href=\"https:\/\/www.kmk.org\/fileadmin\/Dateien\/veroeffentlichungen_beschluesse\/2010\/2010_04_29-Kerncurriculum-Geschichte.pdf\">https:\/\/www.kmk.org\/fileadmin\/Dateien\/veroeffentlichungen_beschluesse\/2010\/2010_04_29-Kerncurriculum-Geschichte.pdf<\/a><\/li>\n<li>Biologie\/Physik: <a href=\"https:\/\/www.kmk.org\/fileadmin\/Dateien\/pdf\/Bildung\/Auslandsschulwesen\/Kerncurriculum\/2010-04-29-Kerncurriculum-BioChePhy.pdf\">https:\/\/www.kmk.org\/fileadmin\/Dateien\/pdf\/Bildung\/Auslandsschulwesen\/Kerncurriculum\/2010-04-29-Kerncurriculum-BioChePhy.pdf<\/a><\/li>\n<\/ul>\n<p><strong>NEU AB ABITUR 2026\/27<\/strong><\/p>\n<ul>\n<li>Biologie <a href=\"https:\/\/www.kmk.org\/fileadmin\/Dateien\/doc\/Bildung\/Auslandsschulwesen\/ServiceAbitur\/2024_03_01_KC_Biologie.pdf\" target=\"_blank\" rel=\"noopener\" data-saferedirecturl=\"https:\/\/www.google.com\/url?q=https:\/\/www.kmk.org\/fileadmin\/Dateien\/doc\/Bildung\/Auslandsschulwesen\/ServiceAbitur\/2024_03_01_KC_Biologie.pdf&amp;source=gmail&amp;ust=1713952205979000&amp;usg=AOvVaw3bZGiK_hK7c5Y1iUGVN5zY\">https:\/\/www.kmk.org\/fileadmin\/Dateien\/doc\/Bildung\/Auslandsschulwesen\/ServiceAbitur\/2024_03_01_KC_Biologie.pdf<\/a><\/li>\n<li>Physik <a href=\"https:\/\/www.kmk.org\/fileadmin\/Dateien\/doc\/Bildung\/Auslandsschulwesen\/ServiceAbitur\/2024_03_01_KC_Physik.pdf\" target=\"_blank\" rel=\"noopener\" data-saferedirecturl=\"https:\/\/www.google.com\/url?q=https:\/\/www.kmk.org\/fileadmin\/Dateien\/doc\/Bildung\/Auslandsschulwesen\/ServiceAbitur\/2024_03_01_KC_Physik.pdf&amp;source=gmail&amp;ust=1713952205979000&amp;usg=AOvVaw0oOFoNWkLhcWGmmCqqi6vC\">https:\/\/www.kmk.org\/fileadmin\/Dateien\/doc\/Bildung\/Auslandsschulwesen\/ServiceAbitur\/2024_03_01_KC_Physik.pdf<\/a><\/li>\n<li>Fachspezifische Hinweise f\u00fcr die F\u00e4cher Deutsch, Mathematik, Biologie, Geschichte, Physik <a href=\"https:\/\/www.kmk.org\/service\/servicebereich-auslandsschulen\/information-fuer-leiterinnen-und-leiter-deutscher-schulen-im-ausland.html\" target=\"_blank\" rel=\"noopener\" data-saferedirecturl=\"https:\/\/www.google.com\/url?q=https:\/\/www.kmk.org\/service\/servicebereich-auslandsschulen\/information-fuer-leiterinnen-und-leiter-deutscher-schulen-im-ausland.html&amp;source=gmail&amp;ust=1713952205979000&amp;usg=AOvVaw3V4Xth6KWL_hlQh8Pmtpyg\">https:\/\/www.kmk.org\/service\/servicebereich-auslandsschulen\/information-fuer-leiterinnen-und-leiter-deutscher-schulen-im-ausland.html<\/a><\/li>\n<\/ul>\n<\/div><\/section>\n<div  class='avia-logo-element-container av-fp6hm7-bd79d725084a437d89a1c6964b525344 av-border-deactivate avia-logo-grid avia-content-slider avia-smallarrow-slider avia-content-grid-active noHover avia-content-slider-odd  avia-builder-el-2  el_after_av_textblock  avia-builder-el-last  avia-content-slider1' ><div class='avia-smallarrow-slider-heading  no-logo-slider-heading '><div class='new-special-heading'>&nbsp;<\/div><\/div><div class=\"avia-content-slider-inner\"><div class=\"slide-entry-wrap\"><div  class='slide-entry av-dwhj0v-154144ad9ca984670933828b6541e330 flex_column no_margin av_one_fifth real-thumbnail post-entry slide-entry-overview slide-loop-1 slide-parity-odd  first'><a href=\"http:\/\/www.tallinn.diplo.de\/Vertretung\/tallinn\/de\/Startseite.html\" data-rel='slide-1' class='slide-image' title=''  target=\"_blank\"  rel=\"noopener noreferrer\"><span class='av-partner-fake-img' style='padding-bottom:44.176285414481%; background-image:url(https:\/\/saksa.tln.edu.ee\/de\/wp-content\/uploads\/sites\/2\/2017\/03\/Tallinn_deut_o_c.jpg);'><\/span><\/a><\/div><div  class='slide-entry av-cey8b3-9bdc39d9b9dab422950f79f17e635984 flex_column no_margin av_one_fifth real-thumbnail post-entry slide-entry-overview slide-loop-2 slide-parity-even  '><a href=\"http:\/\/www.bva.bund.de\/DE\/Organisation\/Abteilungen\/Abteilung_ZfA\/DieZfA\/node.html\" data-rel='slide-1' class='slide-image' title=''  target=\"_blank\"  rel=\"noopener noreferrer\"><span class='av-partner-fake-img' style='padding-bottom:44.176285414481%; background-image:url(https:\/\/saksa.tln.edu.ee\/de\/wp-content\/uploads\/sites\/2\/2016\/03\/zfa.jpg);'><\/span><\/a><\/div><div  class='slide-entry av-afl7qn-570205f2f7b5136a8609b1216ddba22d flex_column no_margin av_one_fifth real-thumbnail post-entry slide-entry-overview slide-loop-3 slide-parity-odd  '><a href=\"http:\/\/www.bva.bund.de\/DE\/Organisation\/Abteilungen\/Abteilung_ZfA\/Auslandsschularbeit\/Schulen_im_Ausland\/Deutsch-Profil-Schulen\/node.html\" data-rel='slide-1' class='slide-image' title=''  target=\"_blank\"  rel=\"noopener noreferrer\"><span class='av-partner-fake-img' style='padding-bottom:44.176285414481%; background-image:url(https:\/\/saksa.tln.edu.ee\/de\/wp-content\/uploads\/sites\/2\/2016\/03\/Logo_DPS.png);'><\/span><\/a><\/div><div  class='slide-entry av-8s0snz-317024621016f3860f8222b41b230abb flex_column no_margin av_one_fifth real-thumbnail post-entry slide-entry-overview slide-loop-4 slide-parity-even  '><a href=\"http:\/\/www.pasch-net.de\/de\/index.html\" data-rel='slide-1' class='slide-image' title=''  target=\"_blank\"  rel=\"noopener noreferrer\"><span class='av-partner-fake-img' style='padding-bottom:44.176285414481%; background-image:url(https:\/\/saksa.tln.edu.ee\/de\/wp-content\/uploads\/sites\/2\/2016\/03\/partner_der_zukunft.jpg);'><\/span><\/a><\/div><div  class='slide-entry av-76cr0f-5839ec29130146c17b4de2ed11dde0dc flex_column no_margin av_one_fifth real-thumbnail post-entry slide-entry-overview slide-loop-5 slide-parity-odd  '><a href=\"https:\/\/www.goethe.de\/ins\/ee\/de\/index.html\" data-rel='slide-1' class='slide-image' title=''  target=\"_blank\"  rel=\"noopener noreferrer\"><span class='av-partner-fake-img' style='padding-bottom:44.176285414481%; background-image:url(https:\/\/saksa.tln.edu.ee\/de\/wp-content\/uploads\/sites\/2\/2017\/10\/GoetheInstitut201709.png);'><\/span><\/a><\/div><\/div><div class=\"slide-entry-wrap\"><div  class='slide-entry av-5dx7xb-98f2034637efbc894b82c71dd4c87fa3 flex_column no_margin av_one_fifth real-thumbnail post-entry slide-entry-overview slide-loop-6 slide-parity-odd  first'><a href=\"http:\/\/www.planpolitik.de\/projekt\/erasmus-projekt-imteam4eu\/\" data-rel='slide-1' class='slide-image' title=''  target=\"_blank\"  rel=\"noopener noreferrer\"><span class='av-partner-fake-img' style='padding-bottom:44.176285414481%; background-image:url(https:\/\/saksa.tln.edu.ee\/de\/wp-content\/uploads\/sites\/2\/2016\/03\/ImTeam4EU-v.png);'><\/span><\/a><\/div><div  class='slide-entry av-4xe867-48c2b259613441d4d8ee07fd21ffd943 flex_column no_margin av_one_fifth real-thumbnail post-entry slide-entry-overview slide-loop-7 slide-parity-even  '><a href=\"https:\/\/ec.europa.eu\/programmes\/erasmus-plus\/node_en\" data-rel='slide-1' class='slide-image' title=''  target=\"_blank\"  rel=\"noopener noreferrer\"><span class='av-partner-fake-img' style='padding-bottom:44.176285414481%; background-image:url(https:\/\/saksa.tln.edu.ee\/de\/wp-content\/uploads\/sites\/2\/2016\/03\/EUflag-Erasmus-vv.png);'><\/span><\/a><\/div><div  class='slide-entry av-2u28zz-e1db92a207e21e53c2b8e6390da5603c flex_column no_margin av_one_fifth real-thumbnail post-entry slide-entry-overview slide-loop-8 slide-parity-odd post-entry-last '><a href=\"http:\/\/www.edlv.ee\/www4\/\" data-rel='slide-1' class='slide-image' title=''  target=\"_blank\"  rel=\"noopener noreferrer\"><span class='av-partner-fake-img' style='padding-bottom:44.176285414481%; background-image:url(https:\/\/saksa.tln.edu.ee\/de\/wp-content\/uploads\/sites\/2\/2016\/03\/EstnischerDeutschlehrerverband.jpg);'><\/span><\/a><\/div><\/div><\/div><\/div>\n","protected":false},"excerpt":{"rendered":"","protected":false},"author":8,"featured_media":0,"parent":0,"menu_order":0,"comment_status":"closed","ping_status":"closed","template":"","meta":{"footnotes":""},"class_list":["post-6464","page","type-page","status-publish","hentry"],"yoast_head":"<!-- This site is optimized with the Yoast SEO plugin v26.7 - https:\/\/yoast.com\/wordpress\/plugins\/seo\/ -->\n<title>Rahmenbedingungen - Tallinna Saksa G\u00fcmnaasium - Deutsches Gymnasium Tallinn<\/title>\n<meta name=\"robots\" content=\"index, follow, max-snippet:-1, max-image-preview:large, max-video-preview:-1\" \/>\n<link rel=\"canonical\" href=\"https:\/\/saksa.tln.edu.ee\/de\/rahmenbedingungen\/\" \/>\n<meta property=\"og:locale\" content=\"de_DE\" \/>\n<meta property=\"og:type\" content=\"article\" \/>\n<meta property=\"og:title\" content=\"Rahmenbedingungen - Tallinna Saksa G\u00fcmnaasium - Deutsches Gymnasium Tallinn\" \/>\n<meta property=\"og:url\" content=\"https:\/\/saksa.tln.edu.ee\/de\/rahmenbedingungen\/\" \/>\n<meta property=\"og:site_name\" content=\"Tallinna Saksa G\u00fcmnaasium - Deutsches Gymnasium Tallinn\" \/>\n<meta property=\"article:publisher\" content=\"https:\/\/www.facebook.com\/tallinnasaksagymnaasium\" \/>\n<meta property=\"article:modified_time\" content=\"2024-04-23T10:13:48+00:00\" \/>\n<meta name=\"twitter:card\" content=\"summary_large_image\" \/>\n<meta name=\"twitter:label1\" content=\"Gesch\u00e4tzte Lesezeit\" \/>\n\t<meta name=\"twitter:data1\" content=\"2\u00a0Minuten\" \/>\n<script type=\"application\/ld+json\" class=\"yoast-schema-graph\">{\"@context\":\"https:\/\/schema.org\",\"@graph\":[{\"@type\":\"WebPage\",\"@id\":\"https:\/\/saksa.tln.edu.ee\/de\/rahmenbedingungen\/\",\"url\":\"https:\/\/saksa.tln.edu.ee\/de\/rahmenbedingungen\/\",\"name\":\"Rahmenbedingungen - Tallinna Saksa G\u00fcmnaasium - Deutsches Gymnasium Tallinn\",\"isPartOf\":{\"@id\":\"https:\/\/saksa.tln.edu.ee\/de\/#website\"},\"datePublished\":\"2022-01-19T12:18:28+00:00\",\"dateModified\":\"2024-04-23T10:13:48+00:00\",\"breadcrumb\":{\"@id\":\"https:\/\/saksa.tln.edu.ee\/de\/rahmenbedingungen\/#breadcrumb\"},\"inLanguage\":\"de\",\"potentialAction\":[{\"@type\":\"ReadAction\",\"target\":[\"https:\/\/saksa.tln.edu.ee\/de\/rahmenbedingungen\/\"]}]},{\"@type\":\"BreadcrumbList\",\"@id\":\"https:\/\/saksa.tln.edu.ee\/de\/rahmenbedingungen\/#breadcrumb\",\"itemListElement\":[{\"@type\":\"ListItem\",\"position\":1,\"name\":\"Home\",\"item\":\"https:\/\/saksa.tln.edu.ee\/de\/\"},{\"@type\":\"ListItem\",\"position\":2,\"name\":\"Rahmenbedingungen\"}]},{\"@type\":\"WebSite\",\"@id\":\"https:\/\/saksa.tln.edu.ee\/de\/#website\",\"url\":\"https:\/\/saksa.tln.edu.ee\/de\/\",\"name\":\"Tallinna Saksa G\u00fcmnaasium - Deutsches Gymnasium Tallinn\",\"description\":\"DPS-Schule | Deutsch-Profil-Schule in Estlands Hauptstadt Tallinn\",\"publisher\":{\"@id\":\"https:\/\/saksa.tln.edu.ee\/de\/#organization\"},\"potentialAction\":[{\"@type\":\"SearchAction\",\"target\":{\"@type\":\"EntryPoint\",\"urlTemplate\":\"https:\/\/saksa.tln.edu.ee\/de\/?s={search_term_string}\"},\"query-input\":{\"@type\":\"PropertyValueSpecification\",\"valueRequired\":true,\"valueName\":\"search_term_string\"}}],\"inLanguage\":\"de\"},{\"@type\":\"Organization\",\"@id\":\"https:\/\/saksa.tln.edu.ee\/de\/#organization\",\"name\":\"Tallinna Saksa G\u00fcmnaasium\",\"url\":\"https:\/\/saksa.tln.edu.ee\/de\/\",\"logo\":{\"@type\":\"ImageObject\",\"inLanguage\":\"de\",\"@id\":\"https:\/\/saksa.tln.edu.ee\/de\/#\/schema\/logo\/image\/\",\"url\":\"https:\/\/saksa.tln.edu.ee\/de\/wp-content\/uploads\/sites\/2\/2020\/09\/tsg.png\",\"contentUrl\":\"https:\/\/saksa.tln.edu.ee\/de\/wp-content\/uploads\/sites\/2\/2020\/09\/tsg.png\",\"width\":261,\"height\":278,\"caption\":\"Tallinna Saksa G\u00fcmnaasium\"},\"image\":{\"@id\":\"https:\/\/saksa.tln.edu.ee\/de\/#\/schema\/logo\/image\/\"},\"sameAs\":[\"https:\/\/www.facebook.com\/tallinnasaksagymnaasium\",\"https:\/\/www.instagram.com\/tallinnasaksagymnaasium\/\",\"https:\/\/www.youtube.com\/user\/TSGVideoTV\",\"https:\/\/et.wikipedia.org\/wiki\/Tallinna_Saksa_G\u00fcmnaasium\"]}]}<\/script>\n<!-- \/ Yoast SEO plugin. -->","yoast_head_json":{"title":"Rahmenbedingungen - Tallinna Saksa G\u00fcmnaasium - Deutsches Gymnasium Tallinn","robots":{"index":"index","follow":"follow","max-snippet":"max-snippet:-1","max-image-preview":"max-image-preview:large","max-video-preview":"max-video-preview:-1"},"canonical":"https:\/\/saksa.tln.edu.ee\/de\/rahmenbedingungen\/","og_locale":"de_DE","og_type":"article","og_title":"Rahmenbedingungen - Tallinna Saksa G\u00fcmnaasium - Deutsches Gymnasium Tallinn","og_url":"https:\/\/saksa.tln.edu.ee\/de\/rahmenbedingungen\/","og_site_name":"Tallinna Saksa G\u00fcmnaasium - Deutsches Gymnasium Tallinn","article_publisher":"https:\/\/www.facebook.com\/tallinnasaksagymnaasium","article_modified_time":"2024-04-23T10:13:48+00:00","twitter_card":"summary_large_image","twitter_misc":{"Gesch\u00e4tzte Lesezeit":"2\u00a0Minuten"},"schema":{"@context":"https:\/\/schema.org","@graph":[{"@type":"WebPage","@id":"https:\/\/saksa.tln.edu.ee\/de\/rahmenbedingungen\/","url":"https:\/\/saksa.tln.edu.ee\/de\/rahmenbedingungen\/","name":"Rahmenbedingungen - Tallinna Saksa G\u00fcmnaasium - Deutsches Gymnasium Tallinn","isPartOf":{"@id":"https:\/\/saksa.tln.edu.ee\/de\/#website"},"datePublished":"2022-01-19T12:18:28+00:00","dateModified":"2024-04-23T10:13:48+00:00","breadcrumb":{"@id":"https:\/\/saksa.tln.edu.ee\/de\/rahmenbedingungen\/#breadcrumb"},"inLanguage":"de","potentialAction":[{"@type":"ReadAction","target":["https:\/\/saksa.tln.edu.ee\/de\/rahmenbedingungen\/"]}]},{"@type":"BreadcrumbList","@id":"https:\/\/saksa.tln.edu.ee\/de\/rahmenbedingungen\/#breadcrumb","itemListElement":[{"@type":"ListItem","position":1,"name":"Home","item":"https:\/\/saksa.tln.edu.ee\/de\/"},{"@type":"ListItem","position":2,"name":"Rahmenbedingungen"}]},{"@type":"WebSite","@id":"https:\/\/saksa.tln.edu.ee\/de\/#website","url":"https:\/\/saksa.tln.edu.ee\/de\/","name":"Tallinna Saksa G\u00fcmnaasium - Deutsches Gymnasium Tallinn","description":"DPS-Schule | Deutsch-Profil-Schule in Estlands Hauptstadt Tallinn","publisher":{"@id":"https:\/\/saksa.tln.edu.ee\/de\/#organization"},"potentialAction":[{"@type":"SearchAction","target":{"@type":"EntryPoint","urlTemplate":"https:\/\/saksa.tln.edu.ee\/de\/?s={search_term_string}"},"query-input":{"@type":"PropertyValueSpecification","valueRequired":true,"valueName":"search_term_string"}}],"inLanguage":"de"},{"@type":"Organization","@id":"https:\/\/saksa.tln.edu.ee\/de\/#organization","name":"Tallinna Saksa G\u00fcmnaasium","url":"https:\/\/saksa.tln.edu.ee\/de\/","logo":{"@type":"ImageObject","inLanguage":"de","@id":"https:\/\/saksa.tln.edu.ee\/de\/#\/schema\/logo\/image\/","url":"https:\/\/saksa.tln.edu.ee\/de\/wp-content\/uploads\/sites\/2\/2020\/09\/tsg.png","contentUrl":"https:\/\/saksa.tln.edu.ee\/de\/wp-content\/uploads\/sites\/2\/2020\/09\/tsg.png","width":261,"height":278,"caption":"Tallinna Saksa G\u00fcmnaasium"},"image":{"@id":"https:\/\/saksa.tln.edu.ee\/de\/#\/schema\/logo\/image\/"},"sameAs":["https:\/\/www.facebook.com\/tallinnasaksagymnaasium","https:\/\/www.instagram.com\/tallinnasaksagymnaasium\/","https:\/\/www.youtube.com\/user\/TSGVideoTV","https:\/\/et.wikipedia.org\/wiki\/Tallinna_Saksa_G\u00fcmnaasium"]}]}},"_links":{"self":[{"href":"https:\/\/saksa.tln.edu.ee\/de\/wp-json\/wp\/v2\/pages\/6464","targetHints":{"allow":["GET"]}}],"collection":[{"href":"https:\/\/saksa.tln.edu.ee\/de\/wp-json\/wp\/v2\/pages"}],"about":[{"href":"https:\/\/saksa.tln.edu.ee\/de\/wp-json\/wp\/v2\/types\/page"}],"author":[{"embeddable":true,"href":"https:\/\/saksa.tln.edu.ee\/de\/wp-json\/wp\/v2\/users\/8"}],"replies":[{"embeddable":true,"href":"https:\/\/saksa.tln.edu.ee\/de\/wp-json\/wp\/v2\/comments?post=6464"}],"version-history":[{"count":5,"href":"https:\/\/saksa.tln.edu.ee\/de\/wp-json\/wp\/v2\/pages\/6464\/revisions"}],"predecessor-version":[{"id":8454,"href":"https:\/\/saksa.tln.edu.ee\/de\/wp-json\/wp\/v2\/pages\/6464\/revisions\/8454"}],"wp:attachment":[{"href":"https:\/\/saksa.tln.edu.ee\/de\/wp-json\/wp\/v2\/media?parent=6464"}],"curies":[{"name":"wp","href":"https:\/\/api.w.org\/{rel}","templated":true}]}}