{"id":6513,"date":"2022-01-20T10:02:17","date_gmt":"2022-01-20T08:02:17","guid":{"rendered":"https:\/\/saksa.tln.edu.ee\/de\/?page_id=6513"},"modified":"2025-09-11T14:42:13","modified_gmt":"2025-09-11T11:42:13","slug":"studien-und-berufsberatung","status":"publish","type":"page","link":"https:\/\/saksa.tln.edu.ee\/de\/studien-und-berufsberatung\/","title":{"rendered":"Studien- und Berufsberatung"},"content":{"rendered":"\n<style type=\"text\/css\" data-created_by=\"avia_inline_auto\" id=\"style-css-av-kybe449c-5e12b79c0814482f1f63a57af39e754d\">\n#top .av-special-heading.av-kybe449c-5e12b79c0814482f1f63a57af39e754d{\npadding-bottom:10px;\n}\nbody .av-special-heading.av-kybe449c-5e12b79c0814482f1f63a57af39e754d .av-special-heading-tag .heading-char{\nfont-size:25px;\n}\n.av-special-heading.av-kybe449c-5e12b79c0814482f1f63a57af39e754d .av-subheading{\nfont-size:15px;\n}\n<\/style>\n<div  class='av-special-heading av-kybe449c-5e12b79c0814482f1f63a57af39e754d av-special-heading-h1  avia-builder-el-0  el_before_av_textblock  avia-builder-el-first '><h1 class='av-special-heading-tag '  itemprop=\"headline\"  >Studien- und Berufsberatung<\/h1><div class=\"special-heading-border\"><div class=\"special-heading-inner-border\"><\/div><\/div><\/div>\n<section  class='av_textblock_section av-kt9ob44j-b7a447c25316ee4e346b2619f890bd35 '   itemscope=\"itemscope\" itemtype=\"https:\/\/schema.org\/CreativeWork\" ><div class='avia_textblock'  itemprop=\"text\" ><hr \/>\n<p style=\"font-weight: 400\"><strong>Liebe Sch\u00fcler*innen,<\/strong><\/p>\n<p style=\"font-weight: 400\">als Studien- und Berufsberater informiere ich euch gerne zu den Themen Ausbildung, Studium und Stipendien in Deutschland. In einer individuellen Beratung oder bei Informationsveranstaltungen in der Schule bekommt ihr alle wichtigen Informationen zum Bewerbungsverfahren und den verschiedenen Stipendien in Deutschland.<\/p>\n<p style=\"font-weight: 400\">\n<p style=\"font-weight: 400\">Wenn ihr Fragen habt oder einen Beratungstermin vereinbaren m\u00f6chtet, schreibt mir bitte eine E-Mail an:\u00a0<a href=\"&#x6d;&#x61;&#x69;&#x6c;&#x74;&#x6f;&#x3a;&#x73;&#x74;&#x75;&#x64;&#x69;&#x65;&#x6e;&#x62;&#x65;&#x72;&#x61;&#x74;&#x75;&#x6e;&#x67;&#x40;&#x73;&#x61;&#x6b;&#x73;&#x61;&#x2e;&#x74;&#x6c;&#x6e;&#x2e;&#x65;&#x64;&#x75;&#x2e;&#x65;&#x65;\">s&#116;&#117;&#x64;&#x69;en&#98;&#101;&#x72;&#x61;tu&#110;&#103;&#x40;&#x73;ak&#115;&#x61;&#x2e;&#x74;l&#110;&#46;&#x65;&#x64;&#x75;&#46;&#101;&#101;<\/a><\/p>\n<p style=\"font-weight: 400\">\n<p style=\"font-weight: 400\"><em>Viele Gr\u00fc\u00dfe<\/em><\/p>\n<p style=\"font-weight: 400\"><em>Robin Schmidlin<\/em><\/p>\n<hr \/>\n<p style=\"font-weight: 400\"><strong>Deine Vorbereitung auf den Beruf\/das Studium:<\/strong><\/p>\n<p style=\"font-weight: 400\">\u201eDer <a href=\"https:\/\/saksa.tln.edu.ee\/de\/wp-content\/uploads\/sites\/2\/2022\/09\/Ueberblick-Portfolio.pdf\">Studienpass<\/a>\u201c am TSG<\/p>\n<p><strong>M\u00f6glichkeiten f\u00fcr die Beantragung eines Stipendiums im Rahmen eines Studiums an einer Universit\u00e4t in Deutschland bieten folgende Organisationen an:<\/strong><strong>\u00a0<\/strong><\/p>\n<ul>\n<li><a href=\"https:\/\/www.studienstiftung.de\/studienfoerderung\/\" target=\"_blank\" rel=\"noopener noreferrer\">Studienstiftung des deutschen Volkes<\/a><\/li>\n<li><a href=\"https:\/\/www.daad.de\/ausland\/studieren\/stipendium\/de\/70-stipendien-finden-und-bewerben\/\" target=\"_blank\" rel=\"noopener noreferrer\">DAAD<\/a><\/li>\n<li><a href=\"https:\/\/www.kas.de\/de\/web\/begabtenfoerderung-und-kultur\/stipendien\">Konrad \u2013 Adenauer-Stiftung<\/a><\/li>\n<li><a href=\"https:\/\/www.freiheit.org\/stipendien\" target=\"_blank\" rel=\"noopener noreferrer\">Friedrich-Naumann-Stiftung<\/a><\/li>\n<li><a href=\"https:\/\/www.boell.de\/\" target=\"_blank\" rel=\"noopener noreferrer\">Henrich-B\u00f6ll-Stiftung<\/a><\/li>\n<li><a href=\"https:\/\/www.bundestag.de\/ips\" target=\"_blank\" rel=\"noopener noreferrer\">Internationales Parlaments-Stipendium<\/a><\/li>\n<\/ul>\n<p><strong>Einen umfassenden \u00dcberblick bietet:<\/strong><\/p>\n<p><a href=\"http:\/\/www.stipendien-tipps.de\/studium\/stipendien\/anbieter-von-stipendien\/\">http:\/\/www.stipendien-tipps.de\/studium\/stipendien\/anbieter-von-stipendien\/<\/a><\/p>\n<p><strong>Wenn du studieren <em>und<\/em> dabei schon Geld verdienen m\u00f6chtest, kann ein sogenanntes &#8222;<a href=\"https:\/\/de.wikipedia.org\/wiki\/Duales_Studium\">Duales Studium<\/a>&#8220; genau das Richtige sein:<\/strong><\/p>\n<p><a href=\"https:\/\/www.wegweiser-duales-studium.de\/freie-studienplaetze\/\">Mehr \u00fcber ein Duales Studium in Deutschland!<\/a><\/p>\n<p>Besonders lohnenswert dazu ist ein <strong>Video<\/strong> der Deutsch-Baltischen Handelskammer. Einfach <a href=\"https:\/\/www.youtube.com\/watch?v=Od65ywAoDg4\">hier<\/a> klicken!<\/p>\n<div id=\"info\" class=\"style-scope ytd-video-primary-info-renderer\"><\/div>\n<\/div><\/section>\n<div  class='avia-logo-element-container av-fp6hm7-bd79d725084a437d89a1c6964b525344 av-border-deactivate avia-logo-grid avia-content-slider avia-smallarrow-slider avia-content-grid-active noHover avia-content-slider-odd  avia-builder-el-2  el_after_av_textblock  avia-builder-el-last  avia-content-slider1' ><div class='avia-smallarrow-slider-heading  no-logo-slider-heading '><div class='new-special-heading'>&nbsp;<\/div><\/div><div class=\"avia-content-slider-inner\"><div class=\"slide-entry-wrap\"><div  class='slide-entry av-dwhj0v-154144ad9ca984670933828b6541e330 flex_column no_margin av_one_fifth real-thumbnail post-entry slide-entry-overview slide-loop-1 slide-parity-odd  first'><a href=\"http:\/\/www.tallinn.diplo.de\/Vertretung\/tallinn\/de\/Startseite.html\" data-rel='slide-1' class='slide-image' title=''  target=\"_blank\"  rel=\"noopener noreferrer\"><span class='av-partner-fake-img' style='padding-bottom:44.176285414481%; background-image:url(https:\/\/saksa.tln.edu.ee\/de\/wp-content\/uploads\/sites\/2\/2017\/03\/Tallinn_deut_o_c.jpg);'><\/span><\/a><\/div><div  class='slide-entry av-cey8b3-9bdc39d9b9dab422950f79f17e635984 flex_column no_margin av_one_fifth real-thumbnail post-entry slide-entry-overview slide-loop-2 slide-parity-even  '><a href=\"http:\/\/www.bva.bund.de\/DE\/Organisation\/Abteilungen\/Abteilung_ZfA\/DieZfA\/node.html\" data-rel='slide-1' class='slide-image' title=''  target=\"_blank\"  rel=\"noopener noreferrer\"><span class='av-partner-fake-img' style='padding-bottom:44.176285414481%; background-image:url(https:\/\/saksa.tln.edu.ee\/de\/wp-content\/uploads\/sites\/2\/2016\/03\/zfa.jpg);'><\/span><\/a><\/div><div  class='slide-entry av-afl7qn-570205f2f7b5136a8609b1216ddba22d flex_column no_margin av_one_fifth real-thumbnail post-entry slide-entry-overview slide-loop-3 slide-parity-odd  '><a href=\"http:\/\/www.bva.bund.de\/DE\/Organisation\/Abteilungen\/Abteilung_ZfA\/Auslandsschularbeit\/Schulen_im_Ausland\/Deutsch-Profil-Schulen\/node.html\" data-rel='slide-1' class='slide-image' title=''  target=\"_blank\"  rel=\"noopener noreferrer\"><span class='av-partner-fake-img' style='padding-bottom:44.176285414481%; background-image:url(https:\/\/saksa.tln.edu.ee\/de\/wp-content\/uploads\/sites\/2\/2016\/03\/Logo_DPS.png);'><\/span><\/a><\/div><div  class='slide-entry av-8s0snz-317024621016f3860f8222b41b230abb flex_column no_margin av_one_fifth real-thumbnail post-entry slide-entry-overview slide-loop-4 slide-parity-even  '><a href=\"http:\/\/www.pasch-net.de\/de\/index.html\" data-rel='slide-1' class='slide-image' title=''  target=\"_blank\"  rel=\"noopener noreferrer\"><span class='av-partner-fake-img' style='padding-bottom:44.176285414481%; background-image:url(https:\/\/saksa.tln.edu.ee\/de\/wp-content\/uploads\/sites\/2\/2016\/03\/partner_der_zukunft.jpg);'><\/span><\/a><\/div><div  class='slide-entry av-76cr0f-5839ec29130146c17b4de2ed11dde0dc flex_column no_margin av_one_fifth real-thumbnail post-entry slide-entry-overview slide-loop-5 slide-parity-odd  '><a href=\"https:\/\/www.goethe.de\/ins\/ee\/de\/index.html\" data-rel='slide-1' class='slide-image' title=''  target=\"_blank\"  rel=\"noopener noreferrer\"><span class='av-partner-fake-img' style='padding-bottom:44.176285414481%; background-image:url(https:\/\/saksa.tln.edu.ee\/de\/wp-content\/uploads\/sites\/2\/2017\/10\/GoetheInstitut201709.png);'><\/span><\/a><\/div><\/div><div class=\"slide-entry-wrap\"><div  class='slide-entry av-5dx7xb-98f2034637efbc894b82c71dd4c87fa3 flex_column no_margin av_one_fifth real-thumbnail post-entry slide-entry-overview slide-loop-6 slide-parity-odd  first'><a href=\"http:\/\/www.planpolitik.de\/projekt\/erasmus-projekt-imteam4eu\/\" data-rel='slide-1' class='slide-image' title=''  target=\"_blank\"  rel=\"noopener noreferrer\"><span class='av-partner-fake-img' style='padding-bottom:44.176285414481%; background-image:url(https:\/\/saksa.tln.edu.ee\/de\/wp-content\/uploads\/sites\/2\/2016\/03\/ImTeam4EU-v.png);'><\/span><\/a><\/div><div  class='slide-entry av-4xe867-48c2b259613441d4d8ee07fd21ffd943 flex_column no_margin av_one_fifth real-thumbnail post-entry slide-entry-overview slide-loop-7 slide-parity-even  '><a href=\"https:\/\/ec.europa.eu\/programmes\/erasmus-plus\/node_en\" data-rel='slide-1' class='slide-image' title=''  target=\"_blank\"  rel=\"noopener noreferrer\"><span class='av-partner-fake-img' style='padding-bottom:44.176285414481%; background-image:url(https:\/\/saksa.tln.edu.ee\/de\/wp-content\/uploads\/sites\/2\/2016\/03\/EUflag-Erasmus-vv.png);'><\/span><\/a><\/div><div  class='slide-entry av-2u28zz-e1db92a207e21e53c2b8e6390da5603c flex_column no_margin av_one_fifth real-thumbnail post-entry slide-entry-overview slide-loop-8 slide-parity-odd post-entry-last '><a href=\"http:\/\/www.edlv.ee\/www4\/\" data-rel='slide-1' class='slide-image' title=''  target=\"_blank\"  rel=\"noopener noreferrer\"><span class='av-partner-fake-img' style='padding-bottom:44.176285414481%; background-image:url(https:\/\/saksa.tln.edu.ee\/de\/wp-content\/uploads\/sites\/2\/2016\/03\/EstnischerDeutschlehrerverband.jpg);'><\/span><\/a><\/div><\/div><\/div><\/div>\n","protected":false},"excerpt":{"rendered":"","protected":false},"author":8,"featured_media":0,"parent":0,"menu_order":0,"comment_status":"closed","ping_status":"closed","template":"","meta":{"footnotes":""},"class_list":["post-6513","page","type-page","status-publish","hentry"],"yoast_head":"<!-- This site is optimized with the Yoast SEO plugin v26.7 - https:\/\/yoast.com\/wordpress\/plugins\/seo\/ -->\n<title>Studien- und Berufsberatung - Tallinna Saksa G\u00fcmnaasium - Deutsches Gymnasium Tallinn<\/title>\n<meta name=\"robots\" content=\"index, follow, max-snippet:-1, max-image-preview:large, max-video-preview:-1\" \/>\n<link rel=\"canonical\" href=\"https:\/\/saksa.tln.edu.ee\/de\/studien-und-berufsberatung\/\" \/>\n<meta property=\"og:locale\" content=\"de_DE\" \/>\n<meta property=\"og:type\" content=\"article\" \/>\n<meta property=\"og:title\" content=\"Studien- und Berufsberatung - Tallinna Saksa G\u00fcmnaasium - Deutsches Gymnasium Tallinn\" \/>\n<meta property=\"og:url\" content=\"https:\/\/saksa.tln.edu.ee\/de\/studien-und-berufsberatung\/\" \/>\n<meta property=\"og:site_name\" content=\"Tallinna Saksa G\u00fcmnaasium - Deutsches Gymnasium Tallinn\" \/>\n<meta property=\"article:publisher\" content=\"https:\/\/www.facebook.com\/tallinnasaksagymnaasium\" \/>\n<meta property=\"article:modified_time\" content=\"2025-09-11T11:42:13+00:00\" \/>\n<meta name=\"twitter:card\" content=\"summary_large_image\" \/>\n<meta name=\"twitter:label1\" content=\"Gesch\u00e4tzte Lesezeit\" \/>\n\t<meta name=\"twitter:data1\" content=\"1\u00a0Minute\" \/>\n<script type=\"application\/ld+json\" class=\"yoast-schema-graph\">{\"@context\":\"https:\/\/schema.org\",\"@graph\":[{\"@type\":\"WebPage\",\"@id\":\"https:\/\/saksa.tln.edu.ee\/de\/studien-und-berufsberatung\/\",\"url\":\"https:\/\/saksa.tln.edu.ee\/de\/studien-und-berufsberatung\/\",\"name\":\"Studien- und Berufsberatung - Tallinna Saksa G\u00fcmnaasium - Deutsches Gymnasium Tallinn\",\"isPartOf\":{\"@id\":\"https:\/\/saksa.tln.edu.ee\/de\/#website\"},\"datePublished\":\"2022-01-20T08:02:17+00:00\",\"dateModified\":\"2025-09-11T11:42:13+00:00\",\"breadcrumb\":{\"@id\":\"https:\/\/saksa.tln.edu.ee\/de\/studien-und-berufsberatung\/#breadcrumb\"},\"inLanguage\":\"de\",\"potentialAction\":[{\"@type\":\"ReadAction\",\"target\":[\"https:\/\/saksa.tln.edu.ee\/de\/studien-und-berufsberatung\/\"]}]},{\"@type\":\"BreadcrumbList\",\"@id\":\"https:\/\/saksa.tln.edu.ee\/de\/studien-und-berufsberatung\/#breadcrumb\",\"itemListElement\":[{\"@type\":\"ListItem\",\"position\":1,\"name\":\"Home\",\"item\":\"https:\/\/saksa.tln.edu.ee\/de\/\"},{\"@type\":\"ListItem\",\"position\":2,\"name\":\"Studien- und Berufsberatung\"}]},{\"@type\":\"WebSite\",\"@id\":\"https:\/\/saksa.tln.edu.ee\/de\/#website\",\"url\":\"https:\/\/saksa.tln.edu.ee\/de\/\",\"name\":\"Tallinna Saksa G\u00fcmnaasium - Deutsches Gymnasium Tallinn\",\"description\":\"DPS-Schule | Deutsch-Profil-Schule in Estlands Hauptstadt Tallinn\",\"publisher\":{\"@id\":\"https:\/\/saksa.tln.edu.ee\/de\/#organization\"},\"potentialAction\":[{\"@type\":\"SearchAction\",\"target\":{\"@type\":\"EntryPoint\",\"urlTemplate\":\"https:\/\/saksa.tln.edu.ee\/de\/?s={search_term_string}\"},\"query-input\":{\"@type\":\"PropertyValueSpecification\",\"valueRequired\":true,\"valueName\":\"search_term_string\"}}],\"inLanguage\":\"de\"},{\"@type\":\"Organization\",\"@id\":\"https:\/\/saksa.tln.edu.ee\/de\/#organization\",\"name\":\"Tallinna Saksa G\u00fcmnaasium\",\"url\":\"https:\/\/saksa.tln.edu.ee\/de\/\",\"logo\":{\"@type\":\"ImageObject\",\"inLanguage\":\"de\",\"@id\":\"https:\/\/saksa.tln.edu.ee\/de\/#\/schema\/logo\/image\/\",\"url\":\"https:\/\/saksa.tln.edu.ee\/de\/wp-content\/uploads\/sites\/2\/2020\/09\/tsg.png\",\"contentUrl\":\"https:\/\/saksa.tln.edu.ee\/de\/wp-content\/uploads\/sites\/2\/2020\/09\/tsg.png\",\"width\":261,\"height\":278,\"caption\":\"Tallinna Saksa G\u00fcmnaasium\"},\"image\":{\"@id\":\"https:\/\/saksa.tln.edu.ee\/de\/#\/schema\/logo\/image\/\"},\"sameAs\":[\"https:\/\/www.facebook.com\/tallinnasaksagymnaasium\",\"https:\/\/www.instagram.com\/tallinnasaksagymnaasium\/\",\"https:\/\/www.youtube.com\/user\/TSGVideoTV\",\"https:\/\/et.wikipedia.org\/wiki\/Tallinna_Saksa_G\u00fcmnaasium\"]}]}<\/script>\n<!-- \/ Yoast SEO plugin. -->","yoast_head_json":{"title":"Studien- und Berufsberatung - Tallinna Saksa G\u00fcmnaasium - Deutsches Gymnasium Tallinn","robots":{"index":"index","follow":"follow","max-snippet":"max-snippet:-1","max-image-preview":"max-image-preview:large","max-video-preview":"max-video-preview:-1"},"canonical":"https:\/\/saksa.tln.edu.ee\/de\/studien-und-berufsberatung\/","og_locale":"de_DE","og_type":"article","og_title":"Studien- und Berufsberatung - Tallinna Saksa G\u00fcmnaasium - Deutsches Gymnasium Tallinn","og_url":"https:\/\/saksa.tln.edu.ee\/de\/studien-und-berufsberatung\/","og_site_name":"Tallinna Saksa G\u00fcmnaasium - Deutsches Gymnasium Tallinn","article_publisher":"https:\/\/www.facebook.com\/tallinnasaksagymnaasium","article_modified_time":"2025-09-11T11:42:13+00:00","twitter_card":"summary_large_image","twitter_misc":{"Gesch\u00e4tzte Lesezeit":"1\u00a0Minute"},"schema":{"@context":"https:\/\/schema.org","@graph":[{"@type":"WebPage","@id":"https:\/\/saksa.tln.edu.ee\/de\/studien-und-berufsberatung\/","url":"https:\/\/saksa.tln.edu.ee\/de\/studien-und-berufsberatung\/","name":"Studien- und Berufsberatung - Tallinna Saksa G\u00fcmnaasium - Deutsches Gymnasium Tallinn","isPartOf":{"@id":"https:\/\/saksa.tln.edu.ee\/de\/#website"},"datePublished":"2022-01-20T08:02:17+00:00","dateModified":"2025-09-11T11:42:13+00:00","breadcrumb":{"@id":"https:\/\/saksa.tln.edu.ee\/de\/studien-und-berufsberatung\/#breadcrumb"},"inLanguage":"de","potentialAction":[{"@type":"ReadAction","target":["https:\/\/saksa.tln.edu.ee\/de\/studien-und-berufsberatung\/"]}]},{"@type":"BreadcrumbList","@id":"https:\/\/saksa.tln.edu.ee\/de\/studien-und-berufsberatung\/#breadcrumb","itemListElement":[{"@type":"ListItem","position":1,"name":"Home","item":"https:\/\/saksa.tln.edu.ee\/de\/"},{"@type":"ListItem","position":2,"name":"Studien- und Berufsberatung"}]},{"@type":"WebSite","@id":"https:\/\/saksa.tln.edu.ee\/de\/#website","url":"https:\/\/saksa.tln.edu.ee\/de\/","name":"Tallinna Saksa G\u00fcmnaasium - Deutsches Gymnasium Tallinn","description":"DPS-Schule | Deutsch-Profil-Schule in Estlands Hauptstadt Tallinn","publisher":{"@id":"https:\/\/saksa.tln.edu.ee\/de\/#organization"},"potentialAction":[{"@type":"SearchAction","target":{"@type":"EntryPoint","urlTemplate":"https:\/\/saksa.tln.edu.ee\/de\/?s={search_term_string}"},"query-input":{"@type":"PropertyValueSpecification","valueRequired":true,"valueName":"search_term_string"}}],"inLanguage":"de"},{"@type":"Organization","@id":"https:\/\/saksa.tln.edu.ee\/de\/#organization","name":"Tallinna Saksa G\u00fcmnaasium","url":"https:\/\/saksa.tln.edu.ee\/de\/","logo":{"@type":"ImageObject","inLanguage":"de","@id":"https:\/\/saksa.tln.edu.ee\/de\/#\/schema\/logo\/image\/","url":"https:\/\/saksa.tln.edu.ee\/de\/wp-content\/uploads\/sites\/2\/2020\/09\/tsg.png","contentUrl":"https:\/\/saksa.tln.edu.ee\/de\/wp-content\/uploads\/sites\/2\/2020\/09\/tsg.png","width":261,"height":278,"caption":"Tallinna Saksa G\u00fcmnaasium"},"image":{"@id":"https:\/\/saksa.tln.edu.ee\/de\/#\/schema\/logo\/image\/"},"sameAs":["https:\/\/www.facebook.com\/tallinnasaksagymnaasium","https:\/\/www.instagram.com\/tallinnasaksagymnaasium\/","https:\/\/www.youtube.com\/user\/TSGVideoTV","https:\/\/et.wikipedia.org\/wiki\/Tallinna_Saksa_G\u00fcmnaasium"]}]}},"_links":{"self":[{"href":"https:\/\/saksa.tln.edu.ee\/de\/wp-json\/wp\/v2\/pages\/6513","targetHints":{"allow":["GET"]}}],"collection":[{"href":"https:\/\/saksa.tln.edu.ee\/de\/wp-json\/wp\/v2\/pages"}],"about":[{"href":"https:\/\/saksa.tln.edu.ee\/de\/wp-json\/wp\/v2\/types\/page"}],"author":[{"embeddable":true,"href":"https:\/\/saksa.tln.edu.ee\/de\/wp-json\/wp\/v2\/users\/8"}],"replies":[{"embeddable":true,"href":"https:\/\/saksa.tln.edu.ee\/de\/wp-json\/wp\/v2\/comments?post=6513"}],"version-history":[{"count":5,"href":"https:\/\/saksa.tln.edu.ee\/de\/wp-json\/wp\/v2\/pages\/6513\/revisions"}],"predecessor-version":[{"id":9231,"href":"https:\/\/saksa.tln.edu.ee\/de\/wp-json\/wp\/v2\/pages\/6513\/revisions\/9231"}],"wp:attachment":[{"href":"https:\/\/saksa.tln.edu.ee\/de\/wp-json\/wp\/v2\/media?parent=6513"}],"curies":[{"name":"wp","href":"https:\/\/api.w.org\/{rel}","templated":true}]}}