{"id":6603,"date":"2022-01-21T16:21:48","date_gmt":"2022-01-21T14:21:48","guid":{"rendered":"https:\/\/saksa.tln.edu.ee\/de\/?page_id=6603"},"modified":"2024-07-27T17:00:00","modified_gmt":"2024-07-27T14:00:00","slug":"digitale-unterrichtsentwicklung","status":"publish","type":"page","link":"https:\/\/saksa.tln.edu.ee\/de\/digitale-unterrichtsentwicklung\/","title":{"rendered":"Digitale Unterrichtsentwicklung (DUE)"},"content":{"rendered":"\n<style type=\"text\/css\" data-created_by=\"avia_inline_auto\" id=\"style-css-av-kybe449c-f0f17a45a2f228634485c66a95ceb337\">\n#top .av-special-heading.av-kybe449c-f0f17a45a2f228634485c66a95ceb337{\npadding-bottom:10px;\n}\nbody .av-special-heading.av-kybe449c-f0f17a45a2f228634485c66a95ceb337 .av-special-heading-tag .heading-char{\nfont-size:25px;\n}\n.av-special-heading.av-kybe449c-f0f17a45a2f228634485c66a95ceb337 .av-subheading{\nfont-size:15px;\n}\n<\/style>\n<div  class='av-special-heading av-kybe449c-f0f17a45a2f228634485c66a95ceb337 av-special-heading-h1  avia-builder-el-0  el_before_av_textblock  avia-builder-el-first '><h1 class='av-special-heading-tag '  itemprop=\"headline\"  >Digitale Unterrichtsentwicklung<\/h1><div class=\"special-heading-border\"><div class=\"special-heading-inner-border\"><\/div><\/div><\/div>\n<section  class='av_textblock_section av-kt9ob44j-b7a447c25316ee4e346b2619f890bd35 '   itemscope=\"itemscope\" itemtype=\"https:\/\/schema.org\/CreativeWork\" ><div class='avia_textblock'  itemprop=\"text\" ><p>Die Deutschen Abteilungen der Schulen mit DPS Profil A haben <strong>das Ziel<\/strong>, ihren Sch\u00fclerinnen und Sch\u00fclern in einer positiven Lern- und Lebensatmosph\u00e4re erforderliche Schl\u00fcsselqualifikationen f\u00fcr eine erfolgreiche schulische und berufliche Orientierung, eine gesellschaftliche Partizipation insbesondere mit Blick auf das vereinte und demokratische Europa sowie ein selbstbestimmtes Leben zu vermitteln. Sie legen besonderen Wert darauf, die Gesamtpers\u00f6nlichkeit der Jugendlichen zu entwickeln und dabei Heterogenit\u00e4t und individuelle Lernvoraussetzungen zu ber\u00fccksichtigen.<\/p>\n<p>Die <strong>Digitalisierung<\/strong> und der damit einhergehende dynamische Wandel der Lebenswelt, der Gesellschaft, des Lernens, des Berufs- sowie des Privatlebens durch Innovationen und Weiterentwicklungen bringt immer neue M\u00f6glichkeiten und Herausforderungen mit sich.<\/p>\n<p>Unsere Deutschen Abteilungen m\u00f6chten durch ein <strong>zeitgem\u00e4\u00dfes Bildungsangebot<\/strong> dazu beitragen, die in einer digitalen Gesellschaft erforderlichen Kompetenzen f\u00fcr einen selbstbestimmten und verantwortungsvollen Umgang mit digitalen Medien zu erreichen.<\/p>\n<p>Dazu geh\u00f6rt unbedingt auch die kritische Auseinandersetzung mit den <strong>Chancen und den Gefahren der Digitalisierung<\/strong>.<\/p>\n<p>Die Deutschen Abteilungen haben es sich zum Ziel gesetzt, in <strong>partnerschaftlicher Zusammenarbeit<\/strong> mit den nationalen Schulleitungen und den nationalen Kolleginnen und Kollegen den Kompetenzerwerb im Umgang mit digitalen Medien zu f\u00f6rdern.<\/p>\n<p>Dabei bildet die Schule Netzwerke mit befreundeten Schulen in der Region. Unsere Abteilungen orientieren sich dabei an schul\u00fcbergreifenden Standards im Bereich des Arbeitens mit digitalen Medien, wie sie im Strategiepapier der KMK formuliert werden.<\/p>\n<p>Um die Zielvorstellungen zu konkretisieren, welche Medienkompetenzen durch unsere Sch\u00fclerinnen und Sch\u00fcler erworben werden sollen, orientieren sich die Deutsche Abteilungen an den Vorgaben der KMK.<\/p>\n<p>Das <strong>Medienkonzept<\/strong> der DPS-Schulen (Profil A) besteht aus <strong>sechs Kompetenzbereichen<\/strong> mit insgesamt 24 Teilkompetenzen, deren Oberpunkte im Folgenden zusammenfassend dargestellt werden:<\/p>\n<p><a href=\"https:\/\/medienkompetenzrahmen.nrw\/fileadmin\/pdf\/LVR_ZMB_MKR_Rahmen_A4_2020_03_Final.pdf\"><img loading=\"lazy\" decoding=\"async\" class=\"alignnone wp-image-6979 size-large\" src=\"https:\/\/saksa.tln.edu.ee\/de\/wp-content\/uploads\/sites\/2\/2022\/04\/matrix-1030x659.jpg\" alt=\"\" width=\"1030\" height=\"659\" srcset=\"https:\/\/saksa.tln.edu.ee\/de\/wp-content\/uploads\/sites\/2\/2022\/04\/matrix-1030x659.jpg 1030w, https:\/\/saksa.tln.edu.ee\/de\/wp-content\/uploads\/sites\/2\/2022\/04\/matrix-300x192.jpg 300w, https:\/\/saksa.tln.edu.ee\/de\/wp-content\/uploads\/sites\/2\/2022\/04\/matrix-768x491.jpg 768w, https:\/\/saksa.tln.edu.ee\/de\/wp-content\/uploads\/sites\/2\/2022\/04\/matrix-705x451.jpg 705w, https:\/\/saksa.tln.edu.ee\/de\/wp-content\/uploads\/sites\/2\/2022\/04\/matrix.jpg 1471w\" sizes=\"auto, (max-width: 1030px) 100vw, 1030px\" \/><\/a><\/p>\n<p>Orientiert an: Medienberatung NRW (Hrsg.). 2018.\u00a0Informationsbrosch\u00fcre zum Medienkompetenzrahmen NRW.<\/p>\n<p><em>Ansprechpartner: Michael <a href=\"https:\/\/saksa.tln.edu.ee\/de\/unsere-schule\/kollegium\/\">Finger<\/a> (Koordinator innerhalb der DA) oder Erik <a href=\"&#x68;&#x61;&#x72;&#x69;&#x64;&#x75;&#x73;&#116;&#101;&#104;&#110;&#111;loog&#x40;&#x73;&#x61;&#x6b;&#x73;&#x61;&#x2e;&#x74;&#108;&#110;&#46;&#101;&#100;u&#46;ee\">Remma<\/a> (estnischer Bildungstechnologe am TSG)<\/em><\/p>\n<\/div><\/section>\n<div  class='avia-logo-element-container av-fp6hm7-bd79d725084a437d89a1c6964b525344 av-border-deactivate avia-logo-grid avia-content-slider avia-smallarrow-slider avia-content-grid-active noHover avia-content-slider-odd  avia-builder-el-2  el_after_av_textblock  avia-builder-el-last  avia-content-slider1' ><div class='avia-smallarrow-slider-heading  no-logo-slider-heading '><div class='new-special-heading'>&nbsp;<\/div><\/div><div class=\"avia-content-slider-inner\"><div class=\"slide-entry-wrap\"><div  class='slide-entry av-dwhj0v-154144ad9ca984670933828b6541e330 flex_column no_margin av_one_fifth real-thumbnail post-entry slide-entry-overview slide-loop-1 slide-parity-odd  first'><a href=\"http:\/\/www.tallinn.diplo.de\/Vertretung\/tallinn\/de\/Startseite.html\" data-rel='slide-1' class='slide-image' title=''  target=\"_blank\"  rel=\"noopener noreferrer\"><span class='av-partner-fake-img' style='padding-bottom:44.176285414481%; background-image:url(https:\/\/saksa.tln.edu.ee\/de\/wp-content\/uploads\/sites\/2\/2017\/03\/Tallinn_deut_o_c.jpg);'><\/span><\/a><\/div><div  class='slide-entry av-cey8b3-9bdc39d9b9dab422950f79f17e635984 flex_column no_margin av_one_fifth real-thumbnail post-entry slide-entry-overview slide-loop-2 slide-parity-even  '><a href=\"http:\/\/www.bva.bund.de\/DE\/Organisation\/Abteilungen\/Abteilung_ZfA\/DieZfA\/node.html\" data-rel='slide-1' class='slide-image' title=''  target=\"_blank\"  rel=\"noopener noreferrer\"><span class='av-partner-fake-img' style='padding-bottom:44.176285414481%; background-image:url(https:\/\/saksa.tln.edu.ee\/de\/wp-content\/uploads\/sites\/2\/2016\/03\/zfa.jpg);'><\/span><\/a><\/div><div  class='slide-entry av-afl7qn-570205f2f7b5136a8609b1216ddba22d flex_column no_margin av_one_fifth real-thumbnail post-entry slide-entry-overview slide-loop-3 slide-parity-odd  '><a href=\"http:\/\/www.bva.bund.de\/DE\/Organisation\/Abteilungen\/Abteilung_ZfA\/Auslandsschularbeit\/Schulen_im_Ausland\/Deutsch-Profil-Schulen\/node.html\" data-rel='slide-1' class='slide-image' title=''  target=\"_blank\"  rel=\"noopener noreferrer\"><span class='av-partner-fake-img' style='padding-bottom:44.176285414481%; background-image:url(https:\/\/saksa.tln.edu.ee\/de\/wp-content\/uploads\/sites\/2\/2016\/03\/Logo_DPS.png);'><\/span><\/a><\/div><div  class='slide-entry av-8s0snz-317024621016f3860f8222b41b230abb flex_column no_margin av_one_fifth real-thumbnail post-entry slide-entry-overview slide-loop-4 slide-parity-even  '><a href=\"http:\/\/www.pasch-net.de\/de\/index.html\" data-rel='slide-1' class='slide-image' title=''  target=\"_blank\"  rel=\"noopener noreferrer\"><span class='av-partner-fake-img' style='padding-bottom:44.176285414481%; background-image:url(https:\/\/saksa.tln.edu.ee\/de\/wp-content\/uploads\/sites\/2\/2016\/03\/partner_der_zukunft.jpg);'><\/span><\/a><\/div><div  class='slide-entry av-76cr0f-5839ec29130146c17b4de2ed11dde0dc flex_column no_margin av_one_fifth real-thumbnail post-entry slide-entry-overview slide-loop-5 slide-parity-odd  '><a href=\"https:\/\/www.goethe.de\/ins\/ee\/de\/index.html\" data-rel='slide-1' class='slide-image' title=''  target=\"_blank\"  rel=\"noopener noreferrer\"><span class='av-partner-fake-img' style='padding-bottom:44.176285414481%; background-image:url(https:\/\/saksa.tln.edu.ee\/de\/wp-content\/uploads\/sites\/2\/2017\/10\/GoetheInstitut201709.png);'><\/span><\/a><\/div><\/div><div class=\"slide-entry-wrap\"><div  class='slide-entry av-5dx7xb-98f2034637efbc894b82c71dd4c87fa3 flex_column no_margin av_one_fifth real-thumbnail post-entry slide-entry-overview slide-loop-6 slide-parity-odd  first'><a href=\"http:\/\/www.planpolitik.de\/projekt\/erasmus-projekt-imteam4eu\/\" data-rel='slide-1' class='slide-image' title=''  target=\"_blank\"  rel=\"noopener noreferrer\"><span class='av-partner-fake-img' style='padding-bottom:44.176285414481%; background-image:url(https:\/\/saksa.tln.edu.ee\/de\/wp-content\/uploads\/sites\/2\/2016\/03\/ImTeam4EU-v.png);'><\/span><\/a><\/div><div  class='slide-entry av-4xe867-48c2b259613441d4d8ee07fd21ffd943 flex_column no_margin av_one_fifth real-thumbnail post-entry slide-entry-overview slide-loop-7 slide-parity-even  '><a href=\"https:\/\/ec.europa.eu\/programmes\/erasmus-plus\/node_en\" data-rel='slide-1' class='slide-image' title=''  target=\"_blank\"  rel=\"noopener noreferrer\"><span class='av-partner-fake-img' style='padding-bottom:44.176285414481%; background-image:url(https:\/\/saksa.tln.edu.ee\/de\/wp-content\/uploads\/sites\/2\/2016\/03\/EUflag-Erasmus-vv.png);'><\/span><\/a><\/div><div  class='slide-entry av-2u28zz-e1db92a207e21e53c2b8e6390da5603c flex_column no_margin av_one_fifth real-thumbnail post-entry slide-entry-overview slide-loop-8 slide-parity-odd post-entry-last '><a href=\"http:\/\/www.edlv.ee\/www4\/\" data-rel='slide-1' class='slide-image' title=''  target=\"_blank\"  rel=\"noopener noreferrer\"><span class='av-partner-fake-img' style='padding-bottom:44.176285414481%; background-image:url(https:\/\/saksa.tln.edu.ee\/de\/wp-content\/uploads\/sites\/2\/2016\/03\/EstnischerDeutschlehrerverband.jpg);'><\/span><\/a><\/div><\/div><\/div><\/div>\n","protected":false},"excerpt":{"rendered":"","protected":false},"author":8,"featured_media":0,"parent":0,"menu_order":0,"comment_status":"closed","ping_status":"closed","template":"","meta":{"footnotes":""},"class_list":["post-6603","page","type-page","status-publish","hentry"],"yoast_head":"<!-- This site is optimized with the Yoast SEO plugin v26.7 - https:\/\/yoast.com\/wordpress\/plugins\/seo\/ -->\n<title>Digitale Unterrichtsentwicklung (DUE) - Tallinna Saksa G\u00fcmnaasium - Deutsches Gymnasium Tallinn<\/title>\n<meta name=\"robots\" content=\"index, follow, max-snippet:-1, max-image-preview:large, max-video-preview:-1\" \/>\n<link rel=\"canonical\" href=\"https:\/\/saksa.tln.edu.ee\/de\/digitale-unterrichtsentwicklung\/\" \/>\n<meta property=\"og:locale\" content=\"de_DE\" \/>\n<meta property=\"og:type\" content=\"article\" \/>\n<meta property=\"og:title\" content=\"Digitale Unterrichtsentwicklung (DUE) - Tallinna Saksa G\u00fcmnaasium - Deutsches Gymnasium Tallinn\" \/>\n<meta property=\"og:url\" content=\"https:\/\/saksa.tln.edu.ee\/de\/digitale-unterrichtsentwicklung\/\" \/>\n<meta property=\"og:site_name\" content=\"Tallinna Saksa G\u00fcmnaasium - Deutsches Gymnasium Tallinn\" \/>\n<meta property=\"article:publisher\" content=\"https:\/\/www.facebook.com\/tallinnasaksagymnaasium\" \/>\n<meta property=\"article:modified_time\" content=\"2024-07-27T14:00:00+00:00\" \/>\n<meta property=\"og:image\" content=\"https:\/\/saksa.tln.edu.ee\/de\/wp-content\/uploads\/sites\/2\/2022\/04\/matrix-1030x659.jpg\" \/>\n<meta name=\"twitter:card\" content=\"summary_large_image\" \/>\n<meta name=\"twitter:label1\" content=\"Gesch\u00e4tzte Lesezeit\" \/>\n\t<meta name=\"twitter:data1\" content=\"2\u00a0Minuten\" \/>\n<script type=\"application\/ld+json\" class=\"yoast-schema-graph\">{\"@context\":\"https:\/\/schema.org\",\"@graph\":[{\"@type\":\"WebPage\",\"@id\":\"https:\/\/saksa.tln.edu.ee\/de\/digitale-unterrichtsentwicklung\/\",\"url\":\"https:\/\/saksa.tln.edu.ee\/de\/digitale-unterrichtsentwicklung\/\",\"name\":\"Digitale Unterrichtsentwicklung (DUE) - Tallinna Saksa G\u00fcmnaasium - Deutsches Gymnasium Tallinn\",\"isPartOf\":{\"@id\":\"https:\/\/saksa.tln.edu.ee\/de\/#website\"},\"primaryImageOfPage\":{\"@id\":\"https:\/\/saksa.tln.edu.ee\/de\/digitale-unterrichtsentwicklung\/#primaryimage\"},\"image\":{\"@id\":\"https:\/\/saksa.tln.edu.ee\/de\/digitale-unterrichtsentwicklung\/#primaryimage\"},\"thumbnailUrl\":\"https:\/\/saksa.tln.edu.ee\/de\/wp-content\/uploads\/sites\/2\/2022\/04\/matrix-1030x659.jpg\",\"datePublished\":\"2022-01-21T14:21:48+00:00\",\"dateModified\":\"2024-07-27T14:00:00+00:00\",\"breadcrumb\":{\"@id\":\"https:\/\/saksa.tln.edu.ee\/de\/digitale-unterrichtsentwicklung\/#breadcrumb\"},\"inLanguage\":\"de\",\"potentialAction\":[{\"@type\":\"ReadAction\",\"target\":[\"https:\/\/saksa.tln.edu.ee\/de\/digitale-unterrichtsentwicklung\/\"]}]},{\"@type\":\"ImageObject\",\"inLanguage\":\"de\",\"@id\":\"https:\/\/saksa.tln.edu.ee\/de\/digitale-unterrichtsentwicklung\/#primaryimage\",\"url\":\"https:\/\/saksa.tln.edu.ee\/de\/wp-content\/uploads\/sites\/2\/2022\/04\/matrix.jpg\",\"contentUrl\":\"https:\/\/saksa.tln.edu.ee\/de\/wp-content\/uploads\/sites\/2\/2022\/04\/matrix.jpg\",\"width\":1471,\"height\":941},{\"@type\":\"BreadcrumbList\",\"@id\":\"https:\/\/saksa.tln.edu.ee\/de\/digitale-unterrichtsentwicklung\/#breadcrumb\",\"itemListElement\":[{\"@type\":\"ListItem\",\"position\":1,\"name\":\"Home\",\"item\":\"https:\/\/saksa.tln.edu.ee\/de\/\"},{\"@type\":\"ListItem\",\"position\":2,\"name\":\"Digitale Unterrichtsentwicklung (DUE)\"}]},{\"@type\":\"WebSite\",\"@id\":\"https:\/\/saksa.tln.edu.ee\/de\/#website\",\"url\":\"https:\/\/saksa.tln.edu.ee\/de\/\",\"name\":\"Tallinna Saksa G\u00fcmnaasium - Deutsches Gymnasium Tallinn\",\"description\":\"DPS-Schule | Deutsch-Profil-Schule in Estlands Hauptstadt Tallinn\",\"publisher\":{\"@id\":\"https:\/\/saksa.tln.edu.ee\/de\/#organization\"},\"potentialAction\":[{\"@type\":\"SearchAction\",\"target\":{\"@type\":\"EntryPoint\",\"urlTemplate\":\"https:\/\/saksa.tln.edu.ee\/de\/?s={search_term_string}\"},\"query-input\":{\"@type\":\"PropertyValueSpecification\",\"valueRequired\":true,\"valueName\":\"search_term_string\"}}],\"inLanguage\":\"de\"},{\"@type\":\"Organization\",\"@id\":\"https:\/\/saksa.tln.edu.ee\/de\/#organization\",\"name\":\"Tallinna Saksa G\u00fcmnaasium\",\"url\":\"https:\/\/saksa.tln.edu.ee\/de\/\",\"logo\":{\"@type\":\"ImageObject\",\"inLanguage\":\"de\",\"@id\":\"https:\/\/saksa.tln.edu.ee\/de\/#\/schema\/logo\/image\/\",\"url\":\"https:\/\/saksa.tln.edu.ee\/de\/wp-content\/uploads\/sites\/2\/2020\/09\/tsg.png\",\"contentUrl\":\"https:\/\/saksa.tln.edu.ee\/de\/wp-content\/uploads\/sites\/2\/2020\/09\/tsg.png\",\"width\":261,\"height\":278,\"caption\":\"Tallinna Saksa G\u00fcmnaasium\"},\"image\":{\"@id\":\"https:\/\/saksa.tln.edu.ee\/de\/#\/schema\/logo\/image\/\"},\"sameAs\":[\"https:\/\/www.facebook.com\/tallinnasaksagymnaasium\",\"https:\/\/www.instagram.com\/tallinnasaksagymnaasium\/\",\"https:\/\/www.youtube.com\/user\/TSGVideoTV\",\"https:\/\/et.wikipedia.org\/wiki\/Tallinna_Saksa_G\u00fcmnaasium\"]}]}<\/script>\n<!-- \/ Yoast SEO plugin. -->","yoast_head_json":{"title":"Digitale Unterrichtsentwicklung (DUE) - Tallinna Saksa G\u00fcmnaasium - Deutsches Gymnasium Tallinn","robots":{"index":"index","follow":"follow","max-snippet":"max-snippet:-1","max-image-preview":"max-image-preview:large","max-video-preview":"max-video-preview:-1"},"canonical":"https:\/\/saksa.tln.edu.ee\/de\/digitale-unterrichtsentwicklung\/","og_locale":"de_DE","og_type":"article","og_title":"Digitale Unterrichtsentwicklung (DUE) - Tallinna Saksa G\u00fcmnaasium - Deutsches Gymnasium Tallinn","og_url":"https:\/\/saksa.tln.edu.ee\/de\/digitale-unterrichtsentwicklung\/","og_site_name":"Tallinna Saksa G\u00fcmnaasium - Deutsches Gymnasium Tallinn","article_publisher":"https:\/\/www.facebook.com\/tallinnasaksagymnaasium","article_modified_time":"2024-07-27T14:00:00+00:00","og_image":[{"url":"https:\/\/saksa.tln.edu.ee\/de\/wp-content\/uploads\/sites\/2\/2022\/04\/matrix-1030x659.jpg","type":"","width":"","height":""}],"twitter_card":"summary_large_image","twitter_misc":{"Gesch\u00e4tzte Lesezeit":"2\u00a0Minuten"},"schema":{"@context":"https:\/\/schema.org","@graph":[{"@type":"WebPage","@id":"https:\/\/saksa.tln.edu.ee\/de\/digitale-unterrichtsentwicklung\/","url":"https:\/\/saksa.tln.edu.ee\/de\/digitale-unterrichtsentwicklung\/","name":"Digitale Unterrichtsentwicklung (DUE) - Tallinna Saksa G\u00fcmnaasium - Deutsches Gymnasium Tallinn","isPartOf":{"@id":"https:\/\/saksa.tln.edu.ee\/de\/#website"},"primaryImageOfPage":{"@id":"https:\/\/saksa.tln.edu.ee\/de\/digitale-unterrichtsentwicklung\/#primaryimage"},"image":{"@id":"https:\/\/saksa.tln.edu.ee\/de\/digitale-unterrichtsentwicklung\/#primaryimage"},"thumbnailUrl":"https:\/\/saksa.tln.edu.ee\/de\/wp-content\/uploads\/sites\/2\/2022\/04\/matrix-1030x659.jpg","datePublished":"2022-01-21T14:21:48+00:00","dateModified":"2024-07-27T14:00:00+00:00","breadcrumb":{"@id":"https:\/\/saksa.tln.edu.ee\/de\/digitale-unterrichtsentwicklung\/#breadcrumb"},"inLanguage":"de","potentialAction":[{"@type":"ReadAction","target":["https:\/\/saksa.tln.edu.ee\/de\/digitale-unterrichtsentwicklung\/"]}]},{"@type":"ImageObject","inLanguage":"de","@id":"https:\/\/saksa.tln.edu.ee\/de\/digitale-unterrichtsentwicklung\/#primaryimage","url":"https:\/\/saksa.tln.edu.ee\/de\/wp-content\/uploads\/sites\/2\/2022\/04\/matrix.jpg","contentUrl":"https:\/\/saksa.tln.edu.ee\/de\/wp-content\/uploads\/sites\/2\/2022\/04\/matrix.jpg","width":1471,"height":941},{"@type":"BreadcrumbList","@id":"https:\/\/saksa.tln.edu.ee\/de\/digitale-unterrichtsentwicklung\/#breadcrumb","itemListElement":[{"@type":"ListItem","position":1,"name":"Home","item":"https:\/\/saksa.tln.edu.ee\/de\/"},{"@type":"ListItem","position":2,"name":"Digitale Unterrichtsentwicklung (DUE)"}]},{"@type":"WebSite","@id":"https:\/\/saksa.tln.edu.ee\/de\/#website","url":"https:\/\/saksa.tln.edu.ee\/de\/","name":"Tallinna Saksa G\u00fcmnaasium - Deutsches Gymnasium Tallinn","description":"DPS-Schule | Deutsch-Profil-Schule in Estlands Hauptstadt Tallinn","publisher":{"@id":"https:\/\/saksa.tln.edu.ee\/de\/#organization"},"potentialAction":[{"@type":"SearchAction","target":{"@type":"EntryPoint","urlTemplate":"https:\/\/saksa.tln.edu.ee\/de\/?s={search_term_string}"},"query-input":{"@type":"PropertyValueSpecification","valueRequired":true,"valueName":"search_term_string"}}],"inLanguage":"de"},{"@type":"Organization","@id":"https:\/\/saksa.tln.edu.ee\/de\/#organization","name":"Tallinna Saksa G\u00fcmnaasium","url":"https:\/\/saksa.tln.edu.ee\/de\/","logo":{"@type":"ImageObject","inLanguage":"de","@id":"https:\/\/saksa.tln.edu.ee\/de\/#\/schema\/logo\/image\/","url":"https:\/\/saksa.tln.edu.ee\/de\/wp-content\/uploads\/sites\/2\/2020\/09\/tsg.png","contentUrl":"https:\/\/saksa.tln.edu.ee\/de\/wp-content\/uploads\/sites\/2\/2020\/09\/tsg.png","width":261,"height":278,"caption":"Tallinna Saksa G\u00fcmnaasium"},"image":{"@id":"https:\/\/saksa.tln.edu.ee\/de\/#\/schema\/logo\/image\/"},"sameAs":["https:\/\/www.facebook.com\/tallinnasaksagymnaasium","https:\/\/www.instagram.com\/tallinnasaksagymnaasium\/","https:\/\/www.youtube.com\/user\/TSGVideoTV","https:\/\/et.wikipedia.org\/wiki\/Tallinna_Saksa_G\u00fcmnaasium"]}]}},"_links":{"self":[{"href":"https:\/\/saksa.tln.edu.ee\/de\/wp-json\/wp\/v2\/pages\/6603","targetHints":{"allow":["GET"]}}],"collection":[{"href":"https:\/\/saksa.tln.edu.ee\/de\/wp-json\/wp\/v2\/pages"}],"about":[{"href":"https:\/\/saksa.tln.edu.ee\/de\/wp-json\/wp\/v2\/types\/page"}],"author":[{"embeddable":true,"href":"https:\/\/saksa.tln.edu.ee\/de\/wp-json\/wp\/v2\/users\/8"}],"replies":[{"embeddable":true,"href":"https:\/\/saksa.tln.edu.ee\/de\/wp-json\/wp\/v2\/comments?post=6603"}],"version-history":[{"count":5,"href":"https:\/\/saksa.tln.edu.ee\/de\/wp-json\/wp\/v2\/pages\/6603\/revisions"}],"predecessor-version":[{"id":8583,"href":"https:\/\/saksa.tln.edu.ee\/de\/wp-json\/wp\/v2\/pages\/6603\/revisions\/8583"}],"wp:attachment":[{"href":"https:\/\/saksa.tln.edu.ee\/de\/wp-json\/wp\/v2\/media?parent=6603"}],"curies":[{"name":"wp","href":"https:\/\/api.w.org\/{rel}","templated":true}]}}