{"id":6710,"date":"2022-01-26T09:11:21","date_gmt":"2022-01-26T07:11:21","guid":{"rendered":"https:\/\/saksa.tln.edu.ee\/de\/?page_id=6710"},"modified":"2025-09-11T14:50:03","modified_gmt":"2025-09-11T11:50:03","slug":"seitenweise","status":"publish","type":"page","link":"https:\/\/saksa.tln.edu.ee\/de\/seitenweise\/","title":{"rendered":"SEITENWEISE &#8211; Dein Projekt zum Buch"},"content":{"rendered":"\n<style type=\"text\/css\" data-created_by=\"avia_inline_auto\" id=\"style-css-av-kybe449c-e29024059ca6dd2684f6113339782ba3\">\n#top .av-special-heading.av-kybe449c-e29024059ca6dd2684f6113339782ba3{\npadding-bottom:10px;\n}\nbody .av-special-heading.av-kybe449c-e29024059ca6dd2684f6113339782ba3 .av-special-heading-tag .heading-char{\nfont-size:25px;\n}\n.av-special-heading.av-kybe449c-e29024059ca6dd2684f6113339782ba3 .av-subheading{\nfont-size:15px;\n}\n<\/style>\n<div  class='av-special-heading av-kybe449c-e29024059ca6dd2684f6113339782ba3 av-special-heading-h1  avia-builder-el-0  el_before_av_textblock  avia-builder-el-first '><h1 class='av-special-heading-tag '  itemprop=\"headline\"  >SEITENWEISE &#8211; Dein Projekt zum Buch<\/h1><div class=\"special-heading-border\"><div class=\"special-heading-inner-border\"><\/div><\/div><\/div>\n<section  class='av_textblock_section av-kt9ob44j-b7a447c25316ee4e346b2619f890bd35 '   itemscope=\"itemscope\" itemtype=\"https:\/\/schema.org\/CreativeWork\" ><div class='avia_textblock'  itemprop=\"text\" ><p><strong>Seitenweise &#8211; Dein Projekt zum Buch ist ein Wettbewerb der Zentralstelle f\u00fcr das Auslandsschulwesen (ZfA) f\u00fcr Sch\u00fclerinnen und Sch\u00fcler bis einschlie\u00dflich Klasse 10. Im Mittelpunkt dieses Wettbewerbs steht die kreative Auseinandersetzung mit literarischen Werken.<\/strong><\/p>\n<p><strong>Was ist die Aufgabe?<\/strong><\/p>\n<p>Der Kreativwettbewerb f\u00fcr das Sprachniveau B1 m\u00f6chte Freude am Lesen vermitteln, individuelle Leseerlebnisse schaffen und Neugierde auf aktuelle deutschsprachige Jugendliteratur wecken, indem die Sch\u00fclerinnen und Sch\u00fcler zun\u00e4chst ihr individuelles Lesetagebuch erstellen, das die Basis f\u00fcr die sp\u00e4tere vertiefte Auseinandersetzung bildet.<\/p>\n<p>Im Anschluss geht es um die szenische, musikalische, k\u00fcnstlerische Umsetzung von Teilaspekten des Buches &#8211; der Kreativit\u00e4t sind keine Grenzen gesetzt: Theaterst\u00fcck, Sketch, Videoclip, Film, Rap, Comic etc. sind m\u00f6glich, auch ein Gedicht oder Poetry Slam zum Buch kann geschrieben werden.<\/p>\n<p>Damit f\u00f6rdert der Wettbewerb Seitenweise die literarische Kompetenz und erm\u00f6glicht den jungen DaF-Lernenden einen kreativen Zugang zu authentischer Jugendliteratur. Bei der Projektarbeit sind Selbstst\u00e4ndigkeit und Teamf\u00e4higkeit gefragt und der kreative handlungsorientierte Ansatz f\u00f6rdert<\/p>\n<p><strong>Welche B\u00fccher werden gelesen?<\/strong><\/p>\n<p>Die B\u00fccher besch\u00e4ftigen sich mit einer aktuellen, global gesellschaftlichen Problematik oder Herausforderung wie z.B. \u00f6kologische Nachhaltigkeit, gelebte Diversit\u00e4t&#8230;<\/p>\n<p>Mit der Auswahl der B\u00fccher wird ein Beitrag zur Vermittlung der auf Menschenrechten basierenden Werte geleistet und die Demokratiebildung gef\u00f6rdert. Dar\u00fcber hinaus erm\u00f6glicht die kreative Auseinandersetzung eine individuelle Positionierung zu Themen von globaler Bedeutung.<\/p>\n<p>Im Wettbewerbsjahr 2022\/23 wird das Buch &#8222;Dazwischen: wir&#8220; von Julya Rabinowich gelesen. Das Buch erz\u00e4hlt von Madina, die ihren Weg in ihre neue Heimat findet und dabei Ausgrenzung erf\u00e4hrt. Madina beschlie\u00dft, nicht wegzuschauen und findet Verb\u00fcndete.<\/p>\n<p><strong>Wer kann mitmachen?<\/strong><\/p>\n<p>Die teilnehmenden Sch\u00fclerinnen und Sch\u00fcler besuchen die achten bis zehnten Klassen an Sprachdiplomschulen, die von der ZfA betreut werden und zum Deutschen Sprachdiplom (DSD) der Kultusministerkonferenz f\u00fchren. Zur Zeit nehmen Sch\u00fclerinnen und Sch\u00fcler von DSD-Schulen in Bulgarien, Rum\u00e4nien, Ungarn, Georgien, der Mongolei, Russland, Lettland, Litauen und Estland teil.<\/p>\n<p>Voraussetzung ist ein Sprachniveau B1.<\/p>\n<p><strong>Wie wird bewertet?<\/strong><\/p>\n<p>Die eingereichten Projekte, die individuell oder in Kleingruppen von bis zu drei Personen erstellt sind, werden von einer unabh\u00e4ngigen Jury bewertet.<\/p>\n<p>Die Bewertungskriterien sind:<\/p>\n<ul>\n<li>inhaltliche Umsetzung, Bezug zur literarischen Vorlage (Thema, Motiv, Figuren\u2026)<\/li>\n<li>k\u00fcnstlerische Umsetzung (Originalit\u00e4t, Qualit\u00e4t)<\/li>\n<li>sprachliche Umsetzung<\/li>\n<\/ul>\n<p>Ansprechpartnerin: Claudia Host (<a href=\"&#x6d;&#x61;&#x69;&#108;&#116;o:&#x63;&#x2e;&#x68;&#x6f;&#115;&#116;&#64;s&#x61;&#x6b;&#x73;&#97;&#46;&#116;ln&#x2e;&#x65;&#x64;&#117;&#46;ee\">&#x63;&#46;&#x68;&#111;s&#x74;&#64;s&#x61;&#107;&#x73;&#x61;&#46;&#x74;&#108;n&#x2e;&#101;&#x64;&#x75;&#46;&#x65;&#101;<\/a>)<\/p>\n<p>Quelle: <a href=\"https:\/\/www.auslandsschulwesen.de\/Webs\/ZfA\/DE\/Schulnetz\/Wettbewerbe-Projekte\/aktuelle_Wettbewerbe_Projekte\/Seitenweise_Lesewettbewerb.html\">ZfA &#8211; Aktuelle Wettbewerbe und Projekte &#8211; Seitenweise &#8211; Dein Projekt zum Buch (auslandsschulwesen.de)<\/a><\/p>\n<\/div><\/section>\n\n<style type=\"text\/css\" data-created_by=\"avia_inline_auto\" id=\"style-css-av-led4a7we-7f0a7b8224edf3041465e6241c901743\">\n.avia-image-container.av-led4a7we-7f0a7b8224edf3041465e6241c901743 img.avia_image{\nbox-shadow:none;\n}\n.avia-image-container.av-led4a7we-7f0a7b8224edf3041465e6241c901743 .av-image-caption-overlay-center{\ncolor:#ffffff;\n}\n<\/style>\n<div  class='avia-image-container av-led4a7we-7f0a7b8224edf3041465e6241c901743 av-styling- avia-align-center  avia-builder-el-2  el_after_av_textblock  el_before_av_partner '   itemprop=\"image\" itemscope=\"itemscope\" itemtype=\"https:\/\/schema.org\/ImageObject\" ><div class=\"avia-image-container-inner\"><div class=\"avia-image-overlay-wrap\"><img decoding=\"async\" fetchpriority=\"high\" class='wp-image-7861 avia-img-lazy-loading-not-7861 avia_image ' src=\"https:\/\/saksa.tln.edu.ee\/de\/wp-content\/uploads\/sites\/2\/2023\/02\/HP_Seitenweise-300x284.png\" alt='' title='HP_Seitenweise'  height=\"284\" width=\"300\"  itemprop=\"thumbnailUrl\" srcset=\"https:\/\/saksa.tln.edu.ee\/de\/wp-content\/uploads\/sites\/2\/2023\/02\/HP_Seitenweise-300x284.png 300w, https:\/\/saksa.tln.edu.ee\/de\/wp-content\/uploads\/sites\/2\/2023\/02\/HP_Seitenweise.png 460w\" sizes=\"(max-width: 300px) 100vw, 300px\" \/><\/div><\/div><\/div>\n<div  class='avia-logo-element-container av-fp6hm7-bd79d725084a437d89a1c6964b525344 av-border-deactivate avia-logo-grid avia-content-slider avia-smallarrow-slider avia-content-grid-active noHover avia-content-slider-odd  avia-builder-el-3  el_after_av_image  avia-builder-el-last  avia-content-slider1' ><div class='avia-smallarrow-slider-heading  no-logo-slider-heading '><div class='new-special-heading'>&nbsp;<\/div><\/div><div class=\"avia-content-slider-inner\"><div class=\"slide-entry-wrap\"><div  class='slide-entry av-dwhj0v-154144ad9ca984670933828b6541e330 flex_column no_margin av_one_fifth real-thumbnail post-entry slide-entry-overview slide-loop-1 slide-parity-odd  first'><a href=\"http:\/\/www.tallinn.diplo.de\/Vertretung\/tallinn\/de\/Startseite.html\" data-rel='slide-1' class='slide-image' title=''  target=\"_blank\"  rel=\"noopener noreferrer\"><span class='av-partner-fake-img' style='padding-bottom:44.176285414481%; background-image:url(https:\/\/saksa.tln.edu.ee\/de\/wp-content\/uploads\/sites\/2\/2017\/03\/Tallinn_deut_o_c.jpg);'><\/span><\/a><\/div><div  class='slide-entry av-cey8b3-9bdc39d9b9dab422950f79f17e635984 flex_column no_margin av_one_fifth real-thumbnail post-entry slide-entry-overview slide-loop-2 slide-parity-even  '><a href=\"http:\/\/www.bva.bund.de\/DE\/Organisation\/Abteilungen\/Abteilung_ZfA\/DieZfA\/node.html\" data-rel='slide-1' class='slide-image' title=''  target=\"_blank\"  rel=\"noopener noreferrer\"><span class='av-partner-fake-img' style='padding-bottom:44.176285414481%; background-image:url(https:\/\/saksa.tln.edu.ee\/de\/wp-content\/uploads\/sites\/2\/2016\/03\/zfa.jpg);'><\/span><\/a><\/div><div  class='slide-entry av-afl7qn-570205f2f7b5136a8609b1216ddba22d flex_column no_margin av_one_fifth real-thumbnail post-entry slide-entry-overview slide-loop-3 slide-parity-odd  '><a href=\"http:\/\/www.bva.bund.de\/DE\/Organisation\/Abteilungen\/Abteilung_ZfA\/Auslandsschularbeit\/Schulen_im_Ausland\/Deutsch-Profil-Schulen\/node.html\" data-rel='slide-1' class='slide-image' title=''  target=\"_blank\"  rel=\"noopener noreferrer\"><span class='av-partner-fake-img' style='padding-bottom:44.176285414481%; background-image:url(https:\/\/saksa.tln.edu.ee\/de\/wp-content\/uploads\/sites\/2\/2016\/03\/Logo_DPS.png);'><\/span><\/a><\/div><div  class='slide-entry av-8s0snz-317024621016f3860f8222b41b230abb flex_column no_margin av_one_fifth real-thumbnail post-entry slide-entry-overview slide-loop-4 slide-parity-even  '><a href=\"http:\/\/www.pasch-net.de\/de\/index.html\" data-rel='slide-1' class='slide-image' title=''  target=\"_blank\"  rel=\"noopener noreferrer\"><span class='av-partner-fake-img' style='padding-bottom:44.176285414481%; background-image:url(https:\/\/saksa.tln.edu.ee\/de\/wp-content\/uploads\/sites\/2\/2016\/03\/partner_der_zukunft.jpg);'><\/span><\/a><\/div><div  class='slide-entry av-76cr0f-5839ec29130146c17b4de2ed11dde0dc flex_column no_margin av_one_fifth real-thumbnail post-entry slide-entry-overview slide-loop-5 slide-parity-odd  '><a href=\"https:\/\/www.goethe.de\/ins\/ee\/de\/index.html\" data-rel='slide-1' class='slide-image' title=''  target=\"_blank\"  rel=\"noopener noreferrer\"><span class='av-partner-fake-img' style='padding-bottom:44.176285414481%; background-image:url(https:\/\/saksa.tln.edu.ee\/de\/wp-content\/uploads\/sites\/2\/2017\/10\/GoetheInstitut201709.png);'><\/span><\/a><\/div><\/div><div class=\"slide-entry-wrap\"><div  class='slide-entry av-5dx7xb-98f2034637efbc894b82c71dd4c87fa3 flex_column no_margin av_one_fifth real-thumbnail post-entry slide-entry-overview slide-loop-6 slide-parity-odd  first'><a href=\"http:\/\/www.planpolitik.de\/projekt\/erasmus-projekt-imteam4eu\/\" data-rel='slide-1' class='slide-image' title=''  target=\"_blank\"  rel=\"noopener noreferrer\"><span class='av-partner-fake-img' style='padding-bottom:44.176285414481%; background-image:url(https:\/\/saksa.tln.edu.ee\/de\/wp-content\/uploads\/sites\/2\/2016\/03\/ImTeam4EU-v.png);'><\/span><\/a><\/div><div  class='slide-entry av-4xe867-48c2b259613441d4d8ee07fd21ffd943 flex_column no_margin av_one_fifth real-thumbnail post-entry slide-entry-overview slide-loop-7 slide-parity-even  '><a href=\"https:\/\/ec.europa.eu\/programmes\/erasmus-plus\/node_en\" data-rel='slide-1' class='slide-image' title=''  target=\"_blank\"  rel=\"noopener noreferrer\"><span class='av-partner-fake-img' style='padding-bottom:44.176285414481%; background-image:url(https:\/\/saksa.tln.edu.ee\/de\/wp-content\/uploads\/sites\/2\/2016\/03\/EUflag-Erasmus-vv.png);'><\/span><\/a><\/div><div  class='slide-entry av-2u28zz-e1db92a207e21e53c2b8e6390da5603c flex_column no_margin av_one_fifth real-thumbnail post-entry slide-entry-overview slide-loop-8 slide-parity-odd post-entry-last '><a href=\"http:\/\/www.edlv.ee\/www4\/\" data-rel='slide-1' class='slide-image' title=''  target=\"_blank\"  rel=\"noopener noreferrer\"><span class='av-partner-fake-img' style='padding-bottom:44.176285414481%; background-image:url(https:\/\/saksa.tln.edu.ee\/de\/wp-content\/uploads\/sites\/2\/2016\/03\/EstnischerDeutschlehrerverband.jpg);'><\/span><\/a><\/div><\/div><\/div><\/div>\n","protected":false},"excerpt":{"rendered":"","protected":false},"author":8,"featured_media":0,"parent":0,"menu_order":0,"comment_status":"closed","ping_status":"closed","template":"","meta":{"footnotes":""},"class_list":["post-6710","page","type-page","status-publish","hentry"],"yoast_head":"<!-- This site is optimized with the Yoast SEO plugin v26.7 - https:\/\/yoast.com\/wordpress\/plugins\/seo\/ -->\n<title>SEITENWEISE - Dein Projekt zum Buch - Tallinna Saksa G\u00fcmnaasium - Deutsches Gymnasium Tallinn<\/title>\n<meta name=\"robots\" content=\"index, follow, max-snippet:-1, max-image-preview:large, max-video-preview:-1\" \/>\n<link rel=\"canonical\" href=\"https:\/\/saksa.tln.edu.ee\/de\/seitenweise\/\" \/>\n<meta property=\"og:locale\" content=\"de_DE\" \/>\n<meta property=\"og:type\" content=\"article\" \/>\n<meta property=\"og:title\" content=\"SEITENWEISE - Dein Projekt zum Buch - Tallinna Saksa G\u00fcmnaasium - Deutsches Gymnasium Tallinn\" \/>\n<meta property=\"og:url\" content=\"https:\/\/saksa.tln.edu.ee\/de\/seitenweise\/\" \/>\n<meta property=\"og:site_name\" content=\"Tallinna Saksa G\u00fcmnaasium - Deutsches Gymnasium Tallinn\" \/>\n<meta property=\"article:publisher\" content=\"https:\/\/www.facebook.com\/tallinnasaksagymnaasium\" \/>\n<meta property=\"article:modified_time\" content=\"2025-09-11T11:50:03+00:00\" \/>\n<meta name=\"twitter:card\" content=\"summary_large_image\" \/>\n<meta name=\"twitter:label1\" content=\"Gesch\u00e4tzte Lesezeit\" \/>\n\t<meta name=\"twitter:data1\" content=\"3\u00a0Minuten\" \/>\n<script type=\"application\/ld+json\" class=\"yoast-schema-graph\">{\"@context\":\"https:\/\/schema.org\",\"@graph\":[{\"@type\":\"WebPage\",\"@id\":\"https:\/\/saksa.tln.edu.ee\/de\/seitenweise\/\",\"url\":\"https:\/\/saksa.tln.edu.ee\/de\/seitenweise\/\",\"name\":\"SEITENWEISE - Dein Projekt zum Buch - Tallinna Saksa G\u00fcmnaasium - Deutsches Gymnasium Tallinn\",\"isPartOf\":{\"@id\":\"https:\/\/saksa.tln.edu.ee\/de\/#website\"},\"datePublished\":\"2022-01-26T07:11:21+00:00\",\"dateModified\":\"2025-09-11T11:50:03+00:00\",\"breadcrumb\":{\"@id\":\"https:\/\/saksa.tln.edu.ee\/de\/seitenweise\/#breadcrumb\"},\"inLanguage\":\"de\",\"potentialAction\":[{\"@type\":\"ReadAction\",\"target\":[\"https:\/\/saksa.tln.edu.ee\/de\/seitenweise\/\"]}]},{\"@type\":\"BreadcrumbList\",\"@id\":\"https:\/\/saksa.tln.edu.ee\/de\/seitenweise\/#breadcrumb\",\"itemListElement\":[{\"@type\":\"ListItem\",\"position\":1,\"name\":\"Home\",\"item\":\"https:\/\/saksa.tln.edu.ee\/de\/\"},{\"@type\":\"ListItem\",\"position\":2,\"name\":\"SEITENWEISE &#8211; Dein Projekt zum Buch\"}]},{\"@type\":\"WebSite\",\"@id\":\"https:\/\/saksa.tln.edu.ee\/de\/#website\",\"url\":\"https:\/\/saksa.tln.edu.ee\/de\/\",\"name\":\"Tallinna Saksa G\u00fcmnaasium - Deutsches Gymnasium Tallinn\",\"description\":\"DPS-Schule | Deutsch-Profil-Schule in Estlands Hauptstadt Tallinn\",\"publisher\":{\"@id\":\"https:\/\/saksa.tln.edu.ee\/de\/#organization\"},\"potentialAction\":[{\"@type\":\"SearchAction\",\"target\":{\"@type\":\"EntryPoint\",\"urlTemplate\":\"https:\/\/saksa.tln.edu.ee\/de\/?s={search_term_string}\"},\"query-input\":{\"@type\":\"PropertyValueSpecification\",\"valueRequired\":true,\"valueName\":\"search_term_string\"}}],\"inLanguage\":\"de\"},{\"@type\":\"Organization\",\"@id\":\"https:\/\/saksa.tln.edu.ee\/de\/#organization\",\"name\":\"Tallinna Saksa G\u00fcmnaasium\",\"url\":\"https:\/\/saksa.tln.edu.ee\/de\/\",\"logo\":{\"@type\":\"ImageObject\",\"inLanguage\":\"de\",\"@id\":\"https:\/\/saksa.tln.edu.ee\/de\/#\/schema\/logo\/image\/\",\"url\":\"https:\/\/saksa.tln.edu.ee\/de\/wp-content\/uploads\/sites\/2\/2020\/09\/tsg.png\",\"contentUrl\":\"https:\/\/saksa.tln.edu.ee\/de\/wp-content\/uploads\/sites\/2\/2020\/09\/tsg.png\",\"width\":261,\"height\":278,\"caption\":\"Tallinna Saksa G\u00fcmnaasium\"},\"image\":{\"@id\":\"https:\/\/saksa.tln.edu.ee\/de\/#\/schema\/logo\/image\/\"},\"sameAs\":[\"https:\/\/www.facebook.com\/tallinnasaksagymnaasium\",\"https:\/\/www.instagram.com\/tallinnasaksagymnaasium\/\",\"https:\/\/www.youtube.com\/user\/TSGVideoTV\",\"https:\/\/et.wikipedia.org\/wiki\/Tallinna_Saksa_G\u00fcmnaasium\"]}]}<\/script>\n<!-- \/ Yoast SEO plugin. -->","yoast_head_json":{"title":"SEITENWEISE - Dein Projekt zum Buch - Tallinna Saksa G\u00fcmnaasium - Deutsches Gymnasium Tallinn","robots":{"index":"index","follow":"follow","max-snippet":"max-snippet:-1","max-image-preview":"max-image-preview:large","max-video-preview":"max-video-preview:-1"},"canonical":"https:\/\/saksa.tln.edu.ee\/de\/seitenweise\/","og_locale":"de_DE","og_type":"article","og_title":"SEITENWEISE - Dein Projekt zum Buch - Tallinna Saksa G\u00fcmnaasium - Deutsches Gymnasium Tallinn","og_url":"https:\/\/saksa.tln.edu.ee\/de\/seitenweise\/","og_site_name":"Tallinna Saksa G\u00fcmnaasium - Deutsches Gymnasium Tallinn","article_publisher":"https:\/\/www.facebook.com\/tallinnasaksagymnaasium","article_modified_time":"2025-09-11T11:50:03+00:00","twitter_card":"summary_large_image","twitter_misc":{"Gesch\u00e4tzte Lesezeit":"3\u00a0Minuten"},"schema":{"@context":"https:\/\/schema.org","@graph":[{"@type":"WebPage","@id":"https:\/\/saksa.tln.edu.ee\/de\/seitenweise\/","url":"https:\/\/saksa.tln.edu.ee\/de\/seitenweise\/","name":"SEITENWEISE - Dein Projekt zum Buch - Tallinna Saksa G\u00fcmnaasium - Deutsches Gymnasium Tallinn","isPartOf":{"@id":"https:\/\/saksa.tln.edu.ee\/de\/#website"},"datePublished":"2022-01-26T07:11:21+00:00","dateModified":"2025-09-11T11:50:03+00:00","breadcrumb":{"@id":"https:\/\/saksa.tln.edu.ee\/de\/seitenweise\/#breadcrumb"},"inLanguage":"de","potentialAction":[{"@type":"ReadAction","target":["https:\/\/saksa.tln.edu.ee\/de\/seitenweise\/"]}]},{"@type":"BreadcrumbList","@id":"https:\/\/saksa.tln.edu.ee\/de\/seitenweise\/#breadcrumb","itemListElement":[{"@type":"ListItem","position":1,"name":"Home","item":"https:\/\/saksa.tln.edu.ee\/de\/"},{"@type":"ListItem","position":2,"name":"SEITENWEISE &#8211; Dein Projekt zum Buch"}]},{"@type":"WebSite","@id":"https:\/\/saksa.tln.edu.ee\/de\/#website","url":"https:\/\/saksa.tln.edu.ee\/de\/","name":"Tallinna Saksa G\u00fcmnaasium - Deutsches Gymnasium Tallinn","description":"DPS-Schule | Deutsch-Profil-Schule in Estlands Hauptstadt Tallinn","publisher":{"@id":"https:\/\/saksa.tln.edu.ee\/de\/#organization"},"potentialAction":[{"@type":"SearchAction","target":{"@type":"EntryPoint","urlTemplate":"https:\/\/saksa.tln.edu.ee\/de\/?s={search_term_string}"},"query-input":{"@type":"PropertyValueSpecification","valueRequired":true,"valueName":"search_term_string"}}],"inLanguage":"de"},{"@type":"Organization","@id":"https:\/\/saksa.tln.edu.ee\/de\/#organization","name":"Tallinna Saksa G\u00fcmnaasium","url":"https:\/\/saksa.tln.edu.ee\/de\/","logo":{"@type":"ImageObject","inLanguage":"de","@id":"https:\/\/saksa.tln.edu.ee\/de\/#\/schema\/logo\/image\/","url":"https:\/\/saksa.tln.edu.ee\/de\/wp-content\/uploads\/sites\/2\/2020\/09\/tsg.png","contentUrl":"https:\/\/saksa.tln.edu.ee\/de\/wp-content\/uploads\/sites\/2\/2020\/09\/tsg.png","width":261,"height":278,"caption":"Tallinna Saksa G\u00fcmnaasium"},"image":{"@id":"https:\/\/saksa.tln.edu.ee\/de\/#\/schema\/logo\/image\/"},"sameAs":["https:\/\/www.facebook.com\/tallinnasaksagymnaasium","https:\/\/www.instagram.com\/tallinnasaksagymnaasium\/","https:\/\/www.youtube.com\/user\/TSGVideoTV","https:\/\/et.wikipedia.org\/wiki\/Tallinna_Saksa_G\u00fcmnaasium"]}]}},"_links":{"self":[{"href":"https:\/\/saksa.tln.edu.ee\/de\/wp-json\/wp\/v2\/pages\/6710","targetHints":{"allow":["GET"]}}],"collection":[{"href":"https:\/\/saksa.tln.edu.ee\/de\/wp-json\/wp\/v2\/pages"}],"about":[{"href":"https:\/\/saksa.tln.edu.ee\/de\/wp-json\/wp\/v2\/types\/page"}],"author":[{"embeddable":true,"href":"https:\/\/saksa.tln.edu.ee\/de\/wp-json\/wp\/v2\/users\/8"}],"replies":[{"embeddable":true,"href":"https:\/\/saksa.tln.edu.ee\/de\/wp-json\/wp\/v2\/comments?post=6710"}],"version-history":[{"count":5,"href":"https:\/\/saksa.tln.edu.ee\/de\/wp-json\/wp\/v2\/pages\/6710\/revisions"}],"predecessor-version":[{"id":9233,"href":"https:\/\/saksa.tln.edu.ee\/de\/wp-json\/wp\/v2\/pages\/6710\/revisions\/9233"}],"wp:attachment":[{"href":"https:\/\/saksa.tln.edu.ee\/de\/wp-json\/wp\/v2\/media?parent=6710"}],"curies":[{"name":"wp","href":"https:\/\/api.w.org\/{rel}","templated":true}]}}