{"id":6800,"date":"2022-02-10T12:56:52","date_gmt":"2022-02-10T10:56:52","guid":{"rendered":"https:\/\/saksa.tln.edu.ee\/de\/?page_id=6800"},"modified":"2023-02-13T08:56:05","modified_gmt":"2023-02-13T06:56:05","slug":"faqs","status":"publish","type":"page","link":"https:\/\/saksa.tln.edu.ee\/de\/faqs\/","title":{"rendered":"Fragen und Antworten zur Deutschsprachigen Abteilung (FAQs)"},"content":{"rendered":"\n<style type=\"text\/css\" data-created_by=\"avia_inline_auto\" id=\"style-css-av-kybe449c-a01b7b28ab83dc50988d98810da76897\">\n#top .av-special-heading.av-kybe449c-a01b7b28ab83dc50988d98810da76897{\npadding-bottom:10px;\n}\nbody .av-special-heading.av-kybe449c-a01b7b28ab83dc50988d98810da76897 .av-special-heading-tag .heading-char{\nfont-size:25px;\n}\n.av-special-heading.av-kybe449c-a01b7b28ab83dc50988d98810da76897 .av-subheading{\nfont-size:15px;\n}\n<\/style>\n<div  class='av-special-heading av-kybe449c-a01b7b28ab83dc50988d98810da76897 av-special-heading-h1  avia-builder-el-0  el_before_av_textblock  avia-builder-el-first '><h1 class='av-special-heading-tag '  itemprop=\"headline\"  >Fragen und Antworten zur Deutschsprachigen Abteilung<\/h1><div class=\"special-heading-border\"><div class=\"special-heading-inner-border\"><\/div><\/div><\/div>\n<section  class='av_textblock_section av-kt9ob44j-c38393481fba984f8f40895cfb0724f6 '   itemscope=\"itemscope\" itemtype=\"https:\/\/schema.org\/CreativeWork\" ><div class='avia_textblock'  itemprop=\"text\" ><p><em>Die folgenden Fragen wurden von Kindern und Eltern gestellt und werden stetig erweitert. Falls Sie Fragen haben sollten, z\u00f6gern Sie nicht, <a href=\"&#x64;&#x70;&#x73;&#x2e;&#x62;&#x2e;&#x74;&#x61;&#108;&#108;&#105;&#110;&#110;&#64;&#97;usla&#x6e;&#x64;&#x73;&#x73;&#x63;&#x68;&#x75;&#x6c;&#x77;&#101;&#115;&#101;&#110;&#46;&#100;&#101;\">Kontakt<\/a> mit uns aufzunehmen: sprechen Sie uns pers\u00f6nlich an oder schreiben Sie uns eine Email. Wir freuen uns sehr \u00fcber Ihr Interesse!<\/em><\/p>\n<p><strong>Was bedeutet DA?<\/strong><\/p>\n<p>Deutschsprachige Abteilung.<\/p>\n<p><strong>Ist die Deutschsprachige Abteilung besonders?<\/strong><\/p>\n<p>Ja, sie ist besonders. In allen drei baltischen L\u00e4ndern gibt es nur eine Schule (unser TSG!), in welchem die Sch\u00fcler*innen das deutsche Abitur erwerben k\u00f6nnen.<\/p>\n<p><strong>Was ist eine Klassenarbeit und eine Klausur?<\/strong><\/p>\n<p>Beides sind schriftliche Tests. Die Klassenarbeit wird in der Mittelstufe geschrieben (7-9), die Klausur in der Oberstufe (10-12).<\/p>\n<p>Klassenarbeiten gibt es in der Mittelstufe 3 pro Schuljahr. In der Oberstufe schreibt man in der Regel 4 Klausuren.<\/p>\n<p>Ein regul\u00e4rer, klassischer &#8222;Test&#8220; ist oftmals nur 20 min. lang. Eine Klassenarbeit oder Klausur kann von 45 min. bis zu 4h (im Abitur) reichen.<\/p>\n<p><strong>Wie benoten die Lehrer:innen in der DA?<\/strong><\/p>\n<p>50% bilden die Ergebnisse der Klassenarbeit oder Klausur.<\/p>\n<p>Die anderen 50% ist die Sonstige Mitarbeit (SoMi).<\/p>\n<p><strong>Was bedeutet SoMi-Note?<\/strong><\/p>\n<p>Sonstige Mitarbeit (SoMi).<\/p>\n<p>Die SoMi-Note wird oftmals individuell gebildet und besteht aus<\/p>\n<ol>\n<li>Mitarbeit im Unterricht<\/li>\n<li>Ergebnissen von Tests<\/li>\n<li>anderen Leistungsfeststellungen (wie Projekte, Wettbewerbe, o.\u00c4.)<\/li>\n<\/ol>\n<p><strong>Ist es schwer, in der Deutschsprachigen Abteilung zu lernen?<\/strong><\/p>\n<p>Das Lernen ist auf jeden Fall anspruchsvoller, da die Hauptf\u00e4cher und einige Nebenf\u00e4cher komplett auf Deutsch und von deutschen Lehrkr\u00e4ften unterrichtet wird.<\/p>\n<p><strong>Gibt es in der Deutschsprachigen Abteilung deutsche oder estnische Noten?<\/strong><\/p>\n<p>Es gibt deutsche Noten, von 1 &#8211; 6, wobei 1s die Beste und 6s die schlechteste Note ist. Sie werden mit einem s (f\u00fcr saksa) auf allen Zeugnissen vermerkt. Die Note 2s entspricht einer estnischen 5.<\/p>\n<p><strong>Was ist mit &#8222;Abitur&#8220; gemeint?<\/strong><\/p>\n<p>Der erfolgreiche Abschluss der Deutschsprachigen Abteilung endet nach der Klasse 12 mit dem Erwerb des sog. Hochschulreifezeugnisses, oder k\u00fcrzer &#8222;Abitur&#8220;. Es ist lateinisch und bedeutet soviel wie &#8222;Man geht weg&#8220;, n\u00e4mlich weg von der Schule. Das Abitur entspricht dem estnischen <em>riigieksam<\/em>.<\/p>\n<p><strong>Was bedeutet &#8222;M\u00fcndliche Mitarbeit&#8220;?<\/strong><\/p>\n<p>In der Deutschsprachigen Abteilung gibt es Noten f\u00fcr die Mitarbeit im Unterricht. Das ist ganz anders, als im estnischen Schulsystem, wo nur schriftliche Leistungen bewertet werden. Dies stellt zun\u00e4chst eine gro\u00dfe H\u00fcrde f\u00fcr die estnischen Sch\u00fcler*innen dar. Sie gew\u00f6hnen sich aber mit der Zeit daran und stellt eine Hilfe dar, das eigene Deutsch kontinuierlich zu verbessern.<\/p>\n<p><strong>Welche F\u00e4cher werden in der DA unterrichtet?<\/strong><\/p>\n<p>Neben Deutsch sind es Mathematik, Geschichte, Biologie und Physik.<\/p>\n<p><strong>Wer unterrichtet die F\u00e4cher in der DA?<\/strong><\/p>\n<p>Es sind ausschlie\u00dflich deutsche Lehrer:innen (Muttersprachler), welche in Deutschland i.d.R. mindestens zwei F\u00e4cher studiert haben (Master-Niveau) und das Zweite Staatsexamen abgelegt haben.<\/p>\n<p>Estnische Deutschlehrerinnen geben \u00fcberdies noch eine &#8222;Zusatzstunde&#8220; Grammatikunterricht. Sie sind also auch Teil der DA.<\/p>\n<p><strong>Wer ist klassijuhataja in der DA?<\/strong><\/p>\n<p>Es sind immer zwei: eine deutsche <em>und<\/em> eine estnische Lehrkraft.<\/p>\n<p><strong>Ab welchem Schuljahr kann man in die Deutschsprachige Abteilung gehen?<\/strong><\/p>\n<p>Die Deutschsprachige Abteilung beginnt ab der Klasse 7. Es sind immer die &#8222;a&#8220;-Klassen, also 7a, 8a, 9a usw.<\/p>\n<p><strong>Was bedeutet DSD1 und DSD2?<\/strong><\/p>\n<p>DSD steht f\u00fcr Deutsches Sprachdiplom. Es sind Bescheinigungen f\u00fcr die Kenntnis der deutschen Sprache auf dem Niveau B1 (DSD1) bzw. B2\/C1 (DSD2). Die Sch\u00fcler*innen unserer Abteilung erwerben diese Diplome automatisch nach erfolgreichem Abschluss der Klasse 9 bzw. 11.<\/p>\n<p><strong>Warum muss ich Abitur machen? Reicht nicht das DSD1 oder DSD2?<\/strong><\/p>\n<p>Nur mit dem Abiturzeugnis kann man direkt an einer deutschen Universit\u00e4t studieren. Das DSD1 reicht daf\u00fcr nicht aus. Mit dem DSD2 hat man zwar gute Chancen, muss aber ggf. einen gesonderten Bewerbungsprozess durchlaufen.<\/p>\n<p><strong>Wann kann ich mich f\u00fcr die DA bewerben?<\/strong><\/p>\n<p>Normalerweise immer im Februar.<\/p>\n<p>Klicke den folgenden Button, um aktuelle Infos zu erhalten:<\/p>\n<\/div><\/section>\n<div  class='avia-button-wrap av-le2gosde-a1255edbc93f404945d373f2bdf88c75-wrap avia-button-center  avia-builder-el-2  el_after_av_textblock  el_before_av_partner '><a href='https:\/\/saksa.tln.edu.ee\/de\/unsere-schule\/aufnahme-neuer-schueler\/siebte-klasse\/'  class='avia-button av-le2gosde-a1255edbc93f404945d373f2bdf88c75 av-link-btn avia-icon_select-yes-right-icon avia-size-x-large avia-position-center avia-color-orange'   aria-label=\"Aufnahme in die Deutschsprachige Abteilung - Jetzt bewerben\"><span class='avia_iconbox_title' >Aufnahme in die Deutschsprachige Abteilung - Jetzt bewerben<\/span><span class='avia_button_icon avia_button_icon_right avia-iconfont avia-font-entypo-fontello' data-av_icon='\ue82b' data-av_iconfont='entypo-fontello' ><\/span><\/a><\/div>\n<div  class='avia-logo-element-container av-fp6hm7-bd79d725084a437d89a1c6964b525344 av-border-deactivate avia-logo-grid avia-content-slider avia-smallarrow-slider avia-content-grid-active noHover avia-content-slider-odd  avia-builder-el-3  el_after_av_button  avia-builder-el-last  avia-content-slider1' ><div class='avia-smallarrow-slider-heading  no-logo-slider-heading '><div class='new-special-heading'>&nbsp;<\/div><\/div><div class=\"avia-content-slider-inner\"><div class=\"slide-entry-wrap\"><div  class='slide-entry av-dwhj0v-154144ad9ca984670933828b6541e330 flex_column no_margin av_one_fifth real-thumbnail post-entry slide-entry-overview slide-loop-1 slide-parity-odd  first'><a href=\"http:\/\/www.tallinn.diplo.de\/Vertretung\/tallinn\/de\/Startseite.html\" data-rel='slide-1' class='slide-image' title=''  target=\"_blank\"  rel=\"noopener noreferrer\"><span class='av-partner-fake-img' style='padding-bottom:44.176285414481%; background-image:url(https:\/\/saksa.tln.edu.ee\/de\/wp-content\/uploads\/sites\/2\/2017\/03\/Tallinn_deut_o_c.jpg);'><\/span><\/a><\/div><div  class='slide-entry av-cey8b3-9bdc39d9b9dab422950f79f17e635984 flex_column no_margin av_one_fifth real-thumbnail post-entry slide-entry-overview slide-loop-2 slide-parity-even  '><a href=\"http:\/\/www.bva.bund.de\/DE\/Organisation\/Abteilungen\/Abteilung_ZfA\/DieZfA\/node.html\" data-rel='slide-1' class='slide-image' title=''  target=\"_blank\"  rel=\"noopener noreferrer\"><span class='av-partner-fake-img' style='padding-bottom:44.176285414481%; background-image:url(https:\/\/saksa.tln.edu.ee\/de\/wp-content\/uploads\/sites\/2\/2016\/03\/zfa.jpg);'><\/span><\/a><\/div><div  class='slide-entry av-afl7qn-570205f2f7b5136a8609b1216ddba22d flex_column no_margin av_one_fifth real-thumbnail post-entry slide-entry-overview slide-loop-3 slide-parity-odd  '><a href=\"http:\/\/www.bva.bund.de\/DE\/Organisation\/Abteilungen\/Abteilung_ZfA\/Auslandsschularbeit\/Schulen_im_Ausland\/Deutsch-Profil-Schulen\/node.html\" data-rel='slide-1' class='slide-image' title=''  target=\"_blank\"  rel=\"noopener noreferrer\"><span class='av-partner-fake-img' style='padding-bottom:44.176285414481%; background-image:url(https:\/\/saksa.tln.edu.ee\/de\/wp-content\/uploads\/sites\/2\/2016\/03\/Logo_DPS.png);'><\/span><\/a><\/div><div  class='slide-entry av-8s0snz-317024621016f3860f8222b41b230abb flex_column no_margin av_one_fifth real-thumbnail post-entry slide-entry-overview slide-loop-4 slide-parity-even  '><a href=\"http:\/\/www.pasch-net.de\/de\/index.html\" data-rel='slide-1' class='slide-image' title=''  target=\"_blank\"  rel=\"noopener noreferrer\"><span class='av-partner-fake-img' style='padding-bottom:44.176285414481%; background-image:url(https:\/\/saksa.tln.edu.ee\/de\/wp-content\/uploads\/sites\/2\/2016\/03\/partner_der_zukunft.jpg);'><\/span><\/a><\/div><div  class='slide-entry av-76cr0f-5839ec29130146c17b4de2ed11dde0dc flex_column no_margin av_one_fifth real-thumbnail post-entry slide-entry-overview slide-loop-5 slide-parity-odd  '><a href=\"https:\/\/www.goethe.de\/ins\/ee\/de\/index.html\" data-rel='slide-1' class='slide-image' title=''  target=\"_blank\"  rel=\"noopener noreferrer\"><span class='av-partner-fake-img' style='padding-bottom:44.176285414481%; background-image:url(https:\/\/saksa.tln.edu.ee\/de\/wp-content\/uploads\/sites\/2\/2017\/10\/GoetheInstitut201709.png);'><\/span><\/a><\/div><\/div><div class=\"slide-entry-wrap\"><div  class='slide-entry av-5dx7xb-98f2034637efbc894b82c71dd4c87fa3 flex_column no_margin av_one_fifth real-thumbnail post-entry slide-entry-overview slide-loop-6 slide-parity-odd  first'><a href=\"http:\/\/www.planpolitik.de\/projekt\/erasmus-projekt-imteam4eu\/\" data-rel='slide-1' class='slide-image' title=''  target=\"_blank\"  rel=\"noopener noreferrer\"><span class='av-partner-fake-img' style='padding-bottom:44.176285414481%; background-image:url(https:\/\/saksa.tln.edu.ee\/de\/wp-content\/uploads\/sites\/2\/2016\/03\/ImTeam4EU-v.png);'><\/span><\/a><\/div><div  class='slide-entry av-4xe867-48c2b259613441d4d8ee07fd21ffd943 flex_column no_margin av_one_fifth real-thumbnail post-entry slide-entry-overview slide-loop-7 slide-parity-even  '><a href=\"https:\/\/ec.europa.eu\/programmes\/erasmus-plus\/node_en\" data-rel='slide-1' class='slide-image' title=''  target=\"_blank\"  rel=\"noopener noreferrer\"><span class='av-partner-fake-img' style='padding-bottom:44.176285414481%; background-image:url(https:\/\/saksa.tln.edu.ee\/de\/wp-content\/uploads\/sites\/2\/2016\/03\/EUflag-Erasmus-vv.png);'><\/span><\/a><\/div><div  class='slide-entry av-2u28zz-e1db92a207e21e53c2b8e6390da5603c flex_column no_margin av_one_fifth real-thumbnail post-entry slide-entry-overview slide-loop-8 slide-parity-odd post-entry-last '><a href=\"http:\/\/www.edlv.ee\/www4\/\" data-rel='slide-1' class='slide-image' title=''  target=\"_blank\"  rel=\"noopener noreferrer\"><span class='av-partner-fake-img' style='padding-bottom:44.176285414481%; background-image:url(https:\/\/saksa.tln.edu.ee\/de\/wp-content\/uploads\/sites\/2\/2016\/03\/EstnischerDeutschlehrerverband.jpg);'><\/span><\/a><\/div><\/div><\/div><\/div>\n","protected":false},"excerpt":{"rendered":"","protected":false},"author":8,"featured_media":0,"parent":0,"menu_order":0,"comment_status":"closed","ping_status":"closed","template":"","meta":{"footnotes":""},"class_list":["post-6800","page","type-page","status-publish","hentry"],"yoast_head":"<!-- This site is optimized with the Yoast SEO plugin v26.7 - https:\/\/yoast.com\/wordpress\/plugins\/seo\/ -->\n<title>Fragen und Antworten zur Deutschsprachigen Abteilung (FAQs) - Tallinna Saksa G\u00fcmnaasium - Deutsches Gymnasium Tallinn<\/title>\n<meta name=\"robots\" content=\"index, follow, max-snippet:-1, max-image-preview:large, max-video-preview:-1\" \/>\n<link rel=\"canonical\" href=\"https:\/\/saksa.tln.edu.ee\/de\/faqs\/\" \/>\n<meta property=\"og:locale\" content=\"de_DE\" \/>\n<meta property=\"og:type\" content=\"article\" \/>\n<meta property=\"og:title\" content=\"Fragen und Antworten zur Deutschsprachigen Abteilung (FAQs) - Tallinna Saksa G\u00fcmnaasium - Deutsches Gymnasium Tallinn\" \/>\n<meta property=\"og:url\" content=\"https:\/\/saksa.tln.edu.ee\/de\/faqs\/\" \/>\n<meta property=\"og:site_name\" content=\"Tallinna Saksa G\u00fcmnaasium - Deutsches Gymnasium Tallinn\" \/>\n<meta property=\"article:publisher\" content=\"https:\/\/www.facebook.com\/tallinnasaksagymnaasium\" \/>\n<meta property=\"article:modified_time\" content=\"2023-02-13T06:56:05+00:00\" \/>\n<meta name=\"twitter:card\" content=\"summary_large_image\" \/>\n<meta name=\"twitter:label1\" content=\"Gesch\u00e4tzte Lesezeit\" \/>\n\t<meta name=\"twitter:data1\" content=\"1\u00a0Minute\" \/>\n<script type=\"application\/ld+json\" class=\"yoast-schema-graph\">{\"@context\":\"https:\/\/schema.org\",\"@graph\":[{\"@type\":\"WebPage\",\"@id\":\"https:\/\/saksa.tln.edu.ee\/de\/faqs\/\",\"url\":\"https:\/\/saksa.tln.edu.ee\/de\/faqs\/\",\"name\":\"Fragen und Antworten zur Deutschsprachigen Abteilung (FAQs) - Tallinna Saksa G\u00fcmnaasium - Deutsches Gymnasium Tallinn\",\"isPartOf\":{\"@id\":\"https:\/\/saksa.tln.edu.ee\/de\/#website\"},\"datePublished\":\"2022-02-10T10:56:52+00:00\",\"dateModified\":\"2023-02-13T06:56:05+00:00\",\"breadcrumb\":{\"@id\":\"https:\/\/saksa.tln.edu.ee\/de\/faqs\/#breadcrumb\"},\"inLanguage\":\"de\",\"potentialAction\":[{\"@type\":\"ReadAction\",\"target\":[\"https:\/\/saksa.tln.edu.ee\/de\/faqs\/\"]}]},{\"@type\":\"BreadcrumbList\",\"@id\":\"https:\/\/saksa.tln.edu.ee\/de\/faqs\/#breadcrumb\",\"itemListElement\":[{\"@type\":\"ListItem\",\"position\":1,\"name\":\"Home\",\"item\":\"https:\/\/saksa.tln.edu.ee\/de\/\"},{\"@type\":\"ListItem\",\"position\":2,\"name\":\"Fragen und Antworten zur Deutschen Abteilung\"}]},{\"@type\":\"WebSite\",\"@id\":\"https:\/\/saksa.tln.edu.ee\/de\/#website\",\"url\":\"https:\/\/saksa.tln.edu.ee\/de\/\",\"name\":\"Tallinna Saksa G\u00fcmnaasium - Deutsches Gymnasium Tallinn\",\"description\":\"DPS-Schule | Deutsch-Profil-Schule in Estlands Hauptstadt Tallinn\",\"publisher\":{\"@id\":\"https:\/\/saksa.tln.edu.ee\/de\/#organization\"},\"potentialAction\":[{\"@type\":\"SearchAction\",\"target\":{\"@type\":\"EntryPoint\",\"urlTemplate\":\"https:\/\/saksa.tln.edu.ee\/de\/?s={search_term_string}\"},\"query-input\":{\"@type\":\"PropertyValueSpecification\",\"valueRequired\":true,\"valueName\":\"search_term_string\"}}],\"inLanguage\":\"de\"},{\"@type\":\"Organization\",\"@id\":\"https:\/\/saksa.tln.edu.ee\/de\/#organization\",\"name\":\"Tallinna Saksa G\u00fcmnaasium\",\"url\":\"https:\/\/saksa.tln.edu.ee\/de\/\",\"logo\":{\"@type\":\"ImageObject\",\"inLanguage\":\"de\",\"@id\":\"https:\/\/saksa.tln.edu.ee\/de\/#\/schema\/logo\/image\/\",\"url\":\"https:\/\/saksa.tln.edu.ee\/de\/wp-content\/uploads\/sites\/2\/2020\/09\/tsg.png\",\"contentUrl\":\"https:\/\/saksa.tln.edu.ee\/de\/wp-content\/uploads\/sites\/2\/2020\/09\/tsg.png\",\"width\":261,\"height\":278,\"caption\":\"Tallinna Saksa G\u00fcmnaasium\"},\"image\":{\"@id\":\"https:\/\/saksa.tln.edu.ee\/de\/#\/schema\/logo\/image\/\"},\"sameAs\":[\"https:\/\/www.facebook.com\/tallinnasaksagymnaasium\",\"https:\/\/www.instagram.com\/tallinnasaksagymnaasium\/\",\"https:\/\/www.youtube.com\/user\/TSGVideoTV\",\"https:\/\/et.wikipedia.org\/wiki\/Tallinna_Saksa_G\u00fcmnaasium\"]}]}<\/script>\n<!-- \/ Yoast SEO plugin. -->","yoast_head_json":{"title":"Fragen und Antworten zur Deutschsprachigen Abteilung (FAQs) - Tallinna Saksa G\u00fcmnaasium - Deutsches Gymnasium Tallinn","robots":{"index":"index","follow":"follow","max-snippet":"max-snippet:-1","max-image-preview":"max-image-preview:large","max-video-preview":"max-video-preview:-1"},"canonical":"https:\/\/saksa.tln.edu.ee\/de\/faqs\/","og_locale":"de_DE","og_type":"article","og_title":"Fragen und Antworten zur Deutschsprachigen Abteilung (FAQs) - Tallinna Saksa G\u00fcmnaasium - Deutsches Gymnasium Tallinn","og_url":"https:\/\/saksa.tln.edu.ee\/de\/faqs\/","og_site_name":"Tallinna Saksa G\u00fcmnaasium - Deutsches Gymnasium Tallinn","article_publisher":"https:\/\/www.facebook.com\/tallinnasaksagymnaasium","article_modified_time":"2023-02-13T06:56:05+00:00","twitter_card":"summary_large_image","twitter_misc":{"Gesch\u00e4tzte Lesezeit":"1\u00a0Minute"},"schema":{"@context":"https:\/\/schema.org","@graph":[{"@type":"WebPage","@id":"https:\/\/saksa.tln.edu.ee\/de\/faqs\/","url":"https:\/\/saksa.tln.edu.ee\/de\/faqs\/","name":"Fragen und Antworten zur Deutschsprachigen Abteilung (FAQs) - Tallinna Saksa G\u00fcmnaasium - Deutsches Gymnasium Tallinn","isPartOf":{"@id":"https:\/\/saksa.tln.edu.ee\/de\/#website"},"datePublished":"2022-02-10T10:56:52+00:00","dateModified":"2023-02-13T06:56:05+00:00","breadcrumb":{"@id":"https:\/\/saksa.tln.edu.ee\/de\/faqs\/#breadcrumb"},"inLanguage":"de","potentialAction":[{"@type":"ReadAction","target":["https:\/\/saksa.tln.edu.ee\/de\/faqs\/"]}]},{"@type":"BreadcrumbList","@id":"https:\/\/saksa.tln.edu.ee\/de\/faqs\/#breadcrumb","itemListElement":[{"@type":"ListItem","position":1,"name":"Home","item":"https:\/\/saksa.tln.edu.ee\/de\/"},{"@type":"ListItem","position":2,"name":"Fragen und Antworten zur Deutschen Abteilung"}]},{"@type":"WebSite","@id":"https:\/\/saksa.tln.edu.ee\/de\/#website","url":"https:\/\/saksa.tln.edu.ee\/de\/","name":"Tallinna Saksa G\u00fcmnaasium - Deutsches Gymnasium Tallinn","description":"DPS-Schule | Deutsch-Profil-Schule in Estlands Hauptstadt Tallinn","publisher":{"@id":"https:\/\/saksa.tln.edu.ee\/de\/#organization"},"potentialAction":[{"@type":"SearchAction","target":{"@type":"EntryPoint","urlTemplate":"https:\/\/saksa.tln.edu.ee\/de\/?s={search_term_string}"},"query-input":{"@type":"PropertyValueSpecification","valueRequired":true,"valueName":"search_term_string"}}],"inLanguage":"de"},{"@type":"Organization","@id":"https:\/\/saksa.tln.edu.ee\/de\/#organization","name":"Tallinna Saksa G\u00fcmnaasium","url":"https:\/\/saksa.tln.edu.ee\/de\/","logo":{"@type":"ImageObject","inLanguage":"de","@id":"https:\/\/saksa.tln.edu.ee\/de\/#\/schema\/logo\/image\/","url":"https:\/\/saksa.tln.edu.ee\/de\/wp-content\/uploads\/sites\/2\/2020\/09\/tsg.png","contentUrl":"https:\/\/saksa.tln.edu.ee\/de\/wp-content\/uploads\/sites\/2\/2020\/09\/tsg.png","width":261,"height":278,"caption":"Tallinna Saksa G\u00fcmnaasium"},"image":{"@id":"https:\/\/saksa.tln.edu.ee\/de\/#\/schema\/logo\/image\/"},"sameAs":["https:\/\/www.facebook.com\/tallinnasaksagymnaasium","https:\/\/www.instagram.com\/tallinnasaksagymnaasium\/","https:\/\/www.youtube.com\/user\/TSGVideoTV","https:\/\/et.wikipedia.org\/wiki\/Tallinna_Saksa_G\u00fcmnaasium"]}]}},"_links":{"self":[{"href":"https:\/\/saksa.tln.edu.ee\/de\/wp-json\/wp\/v2\/pages\/6800","targetHints":{"allow":["GET"]}}],"collection":[{"href":"https:\/\/saksa.tln.edu.ee\/de\/wp-json\/wp\/v2\/pages"}],"about":[{"href":"https:\/\/saksa.tln.edu.ee\/de\/wp-json\/wp\/v2\/types\/page"}],"author":[{"embeddable":true,"href":"https:\/\/saksa.tln.edu.ee\/de\/wp-json\/wp\/v2\/users\/8"}],"replies":[{"embeddable":true,"href":"https:\/\/saksa.tln.edu.ee\/de\/wp-json\/wp\/v2\/comments?post=6800"}],"version-history":[{"count":5,"href":"https:\/\/saksa.tln.edu.ee\/de\/wp-json\/wp\/v2\/pages\/6800\/revisions"}],"predecessor-version":[{"id":7845,"href":"https:\/\/saksa.tln.edu.ee\/de\/wp-json\/wp\/v2\/pages\/6800\/revisions\/7845"}],"wp:attachment":[{"href":"https:\/\/saksa.tln.edu.ee\/de\/wp-json\/wp\/v2\/media?parent=6800"}],"curies":[{"name":"wp","href":"https:\/\/api.w.org\/{rel}","templated":true}]}}