{"id":6820,"date":"2022-02-25T09:43:04","date_gmt":"2022-02-25T07:43:04","guid":{"rendered":"https:\/\/saksa.tln.edu.ee\/de\/?page_id=6820"},"modified":"2025-09-10T19:16:20","modified_gmt":"2025-09-10T16:16:20","slug":"arbeiten-am-tsg","status":"publish","type":"page","link":"https:\/\/saksa.tln.edu.ee\/de\/kontakt\/arbeiten-am-tsg\/","title":{"rendered":"Arbeiten am TSG"},"content":{"rendered":"\n<style type=\"text\/css\" data-created_by=\"avia_inline_auto\" id=\"style-css-av-kymvo3p0-efc5c596fdd002ac594fe3ee7807a618\">\n#top .av-special-heading.av-kymvo3p0-efc5c596fdd002ac594fe3ee7807a618{\npadding-bottom:10px;\n}\nbody .av-special-heading.av-kymvo3p0-efc5c596fdd002ac594fe3ee7807a618 .av-special-heading-tag .heading-char{\nfont-size:25px;\n}\n.av-special-heading.av-kymvo3p0-efc5c596fdd002ac594fe3ee7807a618 .av-subheading{\nfont-size:15px;\n}\n<\/style>\n<div  class='av-special-heading av-kymvo3p0-efc5c596fdd002ac594fe3ee7807a618 av-special-heading-h1  avia-builder-el-0  el_before_av_textblock  avia-builder-el-first '><h1 class='av-special-heading-tag '  itemprop=\"headline\"  >Arbeiten am TSG<\/h1><div class=\"special-heading-border\"><div class=\"special-heading-inner-border\"><\/div><\/div><\/div>\n<section  class='av_textblock_section av-kp50x7nk-49bd3d48218b01b404cec848da6d9b9c '   itemscope=\"itemscope\" itemtype=\"https:\/\/schema.org\/CreativeWork\" ><div class='avia_textblock'  itemprop=\"text\" ><p>Derzeit ist eine BPLK Stelle zu besetzen.<\/p>\n<p>BPLK Deutsch und Beifach<\/p>\n<p>Wir freuen uns auf Ihre Bewerbung an <a href=\"&#x6d;&#x61;&#105;l&#x74;&#x6f;&#58;dp&#x73;&#x2e;&#98;&#46;&#x74;&#x61;&#108;&#108;i&#x6e;&#x6e;&#64;a&#x75;&#x73;&#108;&#97;n&#x64;&#x73;&#115;c&#x68;&#x75;&#108;&#119;e&#x73;&#x65;&#110;&#46;&#x64;&#x65;\">&#x64;&#x70;&#x73;&#x2e;&#98;&#46;&#116;&#97;lli&#x6e;&#x6e;&#x40;&#x61;&#x75;&#115;&#108;&#97;nds&#x73;&#x63;&#x68;&#x75;&#x6c;&#119;&#101;&#115;en&#46;&#x64;&#x65;<\/a>.<\/p>\n<\/div><\/section>\n<div  class='av-social-sharing-box av-2vwpr8-f85e35f1aa53917504ec1b04bb995d4c av-social-sharing-box-default  avia-builder-el-2  el_after_av_textblock  el_before_av_one_full  av-social-sharing-box-fullwidth'><div class=\"av-share-box\"><h5 class='av-share-link-description av-no-toc '>Eintrag teilen<\/h5><ul class=\"av-share-box-list noLightbox\"><li class='av-share-link av-social-link-facebook avia_social_iconfont' ><a target=\"_blank\" aria-label=\"Teilen auf Facebook\" href='https:\/\/www.facebook.com\/sharer.php?u=https:\/\/saksa.tln.edu.ee\/de\/kontakt\/arbeiten-am-tsg\/&#038;t=Arbeiten%20am%20TSG' data-av_icon='\ue8f3' data-av_iconfont='entypo-fontello'  title='' data-avia-related-tooltip='Teilen auf Facebook'><span class='avia_hidden_link_text'>Teilen auf Facebook<\/span><\/a><\/li><li class='av-share-link av-social-link-twitter avia_social_iconfont' ><a target=\"_blank\" aria-label=\"Teilen auf X\" href='https:\/\/twitter.com\/share?text=Arbeiten%20am%20TSG&#038;url=https:\/\/saksa.tln.edu.ee\/de\/?p=6820' data-av_icon='\ue932' data-av_iconfont='entypo-fontello'  title='' data-avia-related-tooltip='Teilen auf X'><span class='avia_hidden_link_text'>Teilen auf X<\/span><\/a><\/li><li class='av-share-link av-social-link-whatsapp avia_social_iconfont' ><a target=\"_blank\" aria-label=\"Teilen auf WhatsApp\" href='https:\/\/api.whatsapp.com\/send?text=https:\/\/saksa.tln.edu.ee\/de\/kontakt\/arbeiten-am-tsg\/' data-av_icon='\uf232' data-av_iconfont='entypo-fontello'  title='' data-avia-related-tooltip='Teilen auf WhatsApp'><span class='avia_hidden_link_text'>Teilen auf WhatsApp<\/span><\/a><\/li><li class='av-share-link av-social-link-pinterest avia_social_iconfont' ><a target=\"_blank\" aria-label=\"Teilen auf Pinterest\" href='https:\/\/pinterest.com\/pin\/create\/button\/?url=https%3A%2F%2Fsaksa.tln.edu.ee%2Fde%2Fkontakt%2Farbeiten-am-tsg%2F&#038;description=Arbeiten%20am%20TSG&#038;media=https%3A%2F%2Fsaksa.tln.edu.ee%2Fde%2Fwp-content%2Fuploads%2Fsites%2F2%2F2019%2F01%2FHeinroos-Postimees-705x370.jpg' data-av_icon='\ue8f8' data-av_iconfont='entypo-fontello'  title='' data-avia-related-tooltip='Teilen auf Pinterest'><span class='avia_hidden_link_text'>Teilen auf Pinterest<\/span><\/a><\/li><li class='av-share-link av-social-link-tumblr avia_social_iconfont' ><a target=\"_blank\" aria-label=\"Teilen auf Tumblr\" href='https:\/\/www.tumblr.com\/share\/link?url=https%3A%2F%2Fsaksa.tln.edu.ee%2Fde%2Fkontakt%2Farbeiten-am-tsg%2F&#038;name=Arbeiten%20am%20TSG&#038;description=' data-av_icon='\ue8fa' data-av_iconfont='entypo-fontello'  title='' data-avia-related-tooltip='Teilen auf Tumblr'><span class='avia_hidden_link_text'>Teilen auf Tumblr<\/span><\/a><\/li><li class='av-share-link av-social-link-vk avia_social_iconfont' ><a target=\"_blank\" aria-label=\"Teilen auf Vk\" href='https:\/\/vk.com\/share.php?url=https:\/\/saksa.tln.edu.ee\/de\/kontakt\/arbeiten-am-tsg\/' data-av_icon='\ue926' data-av_iconfont='entypo-fontello'  title='' data-avia-related-tooltip='Teilen auf Vk'><span class='avia_hidden_link_text'>Teilen auf Vk<\/span><\/a><\/li><li class='av-share-link av-social-link-mail avia_social_iconfont' ><a  aria-label=\"Per E-Mail teilen\" href='mailto:?subject=Arbeiten%20am%20TSG&#038;body=https:\/\/saksa.tln.edu.ee\/de\/kontakt\/arbeiten-am-tsg\/' data-av_icon='\ue805' data-av_iconfont='entypo-fontello'  title='' data-avia-related-tooltip='Per E-Mail teilen'><span class='avia_hidden_link_text'>Per E-Mail teilen<\/span><\/a><\/li><\/ul><\/div><\/div>\n\n<style type=\"text\/css\" data-created_by=\"avia_inline_auto\" id=\"style-css-av-k6h8gq-b9e186f8f6d1a9551c5942ee82fe8a18\">\n.flex_column.av-k6h8gq-b9e186f8f6d1a9551c5942ee82fe8a18{\nborder-radius:0px 0px 0px 0px;\npadding:0px 0px 0px 0px;\n}\n<\/style>\n<div  class='flex_column av-k6h8gq-b9e186f8f6d1a9551c5942ee82fe8a18 av_one_full  avia-builder-el-3  el_after_av_social_share  avia-builder-el-last  first flex_column_div av-zero-column-padding  '     ><div  class='avia-logo-element-container av-jqc696-face06f89103404606bf78631ef48afc av-border-deactivate avia-logo-grid avia-content-slider avia-smallarrow-slider avia-content-grid-active noHover avia-content-slider-odd  avia-builder-el-4  avia-builder-el-no-sibling  avia-content-slider1' ><div class='avia-smallarrow-slider-heading  no-logo-slider-heading '><div class='new-special-heading'>&nbsp;<\/div><\/div><div class=\"avia-content-slider-inner\"><div class=\"slide-entry-wrap\"><div  class='slide-entry av-gvpwfe-d2cbc95fe9a6ddbda2aa5a146643deb6 flex_column no_margin av_one_fifth real-thumbnail post-entry slide-entry-overview slide-loop-1 slide-parity-odd  first'><a href=\"http:\/\/www.tallinn.diplo.de\/Vertretung\/tallinn\/de\/Startseite.html\" data-rel='slide-1' class='slide-image' title=''  target=\"_blank\"  rel=\"noopener noreferrer\"><span class='av-partner-fake-img' style='padding-bottom:44.333333333333%; background-image:url(https:\/\/saksa.tln.edu.ee\/de\/wp-content\/uploads\/sites\/2\/2017\/03\/Tallinn_deut_o_c-300x133.jpg);'><\/span><\/a><\/div><div  class='slide-entry av-gbw5ze-e8d296232ac5ae9c4a330e74c15cab13 flex_column no_margin av_one_fifth real-thumbnail post-entry slide-entry-overview slide-loop-2 slide-parity-even  '><a href=\"http:\/\/www.bva.bund.de\/DE\/Organisation\/Abteilungen\/Abteilung_ZfA\/DieZfA\/node.html\" data-rel='slide-1' class='slide-image' title=''  target=\"_blank\"  rel=\"noopener noreferrer\"><span class='av-partner-fake-img' style='padding-bottom:44.333333333333%; background-image:url(https:\/\/saksa.tln.edu.ee\/de\/wp-content\/uploads\/sites\/2\/2016\/03\/zfa.jpg);'><\/span><\/a><\/div><div  class='slide-entry av-1fzgy2-0b1b6fac10556d1895a2b843ec7e1245 flex_column no_margin av_one_fifth real-thumbnail post-entry slide-entry-overview slide-loop-3 slide-parity-odd  '><a href=\"http:\/\/www.bva.bund.de\/DE\/Organisation\/Abteilungen\/Abteilung_ZfA\/Auslandsschularbeit\/Schulen_im_Ausland\/Deutsch-Profil-Schulen\/node.html\" data-rel='slide-1' class='slide-image' title=''  target=\"_blank\"  rel=\"noopener noreferrer\"><span class='av-partner-fake-img' style='padding-bottom:44.333333333333%; background-image:url(https:\/\/saksa.tln.edu.ee\/de\/wp-content\/uploads\/sites\/2\/2016\/03\/Logo_DPS.png);'><\/span><\/a><\/div><div  class='slide-entry av-cx6ihm-acf0543e640e89a15ea443fc28414f67 flex_column no_margin av_one_fifth real-thumbnail post-entry slide-entry-overview slide-loop-4 slide-parity-even  '><a href=\"http:\/\/www.pasch-net.de\/de\/index.html\" data-rel='slide-1' class='slide-image' title=''  target=\"_blank\"  rel=\"noopener noreferrer\"><span class='av-partner-fake-img' style='padding-bottom:44.333333333333%; background-image:url(https:\/\/saksa.tln.edu.ee\/de\/wp-content\/uploads\/sites\/2\/2016\/03\/partner_der_zukunft.jpg);'><\/span><\/a><\/div><div  class='slide-entry av-11ns4q-c4e47f43ef1e8bb05a7b199ad8c51977 flex_column no_margin av_one_fifth real-thumbnail post-entry slide-entry-overview slide-loop-5 slide-parity-odd  '><a href=\"https:\/\/www.kmk.org\" data-rel='slide-1' class='slide-image' title='' ><span class='av-partner-fake-img' style='padding-bottom:44.333333333333%; background-image:url(https:\/\/saksa.tln.edu.ee\/de\/wp-content\/uploads\/sites\/2\/2017\/05\/kmk-logo.png);'><\/span><\/a><\/div><\/div><div class=\"slide-entry-wrap\"><div  class='slide-entry av-9eojl6-60b8e06c2eb4c68a188e6d23d4d8d990 flex_column no_margin av_one_fifth real-thumbnail post-entry slide-entry-overview slide-loop-6 slide-parity-odd  first'><a href=\"https:\/\/www.goethe.de\/ins\/ee\/de\/index.html\" data-rel='slide-1' class='slide-image' title=''  target=\"_blank\"  rel=\"noopener noreferrer\"><span class='av-partner-fake-img' style='padding-bottom:44.333333333333%; background-image:url(https:\/\/saksa.tln.edu.ee\/de\/wp-content\/uploads\/sites\/2\/2017\/10\/GoetheInstitut201709-300x141.png);'><\/span><\/a><\/div><div  class='slide-entry av-7oh6ay-7f17655183fa5def9993ed924bcb089c flex_column no_margin av_one_fifth real-thumbnail post-entry slide-entry-overview slide-loop-7 slide-parity-even  '><a href=\"http:\/\/www.planpolitik.de\/projekt\/erasmus-projekt-imteam4eu\/\" data-rel='slide-1' class='slide-image' title=''  target=\"_blank\"  rel=\"noopener noreferrer\"><span class='av-partner-fake-img' style='padding-bottom:44.333333333333%; background-image:url(https:\/\/saksa.tln.edu.ee\/de\/wp-content\/uploads\/sites\/2\/2016\/03\/ImTeam4EU-v.png);'><\/span><\/a><\/div><div  class='slide-entry av-n8vkq-d9baf5a115b65a2683ec224f012cff75 flex_column no_margin av_one_fifth real-thumbnail post-entry slide-entry-overview slide-loop-8 slide-parity-odd  '><a href=\"https:\/\/ec.europa.eu\/programmes\/erasmus-plus\/node_en\" data-rel='slide-1' class='slide-image' title=''  target=\"_blank\"  rel=\"noopener noreferrer\"><span class='av-partner-fake-img' style='padding-bottom:44.333333333333%; background-image:url(https:\/\/saksa.tln.edu.ee\/de\/wp-content\/uploads\/sites\/2\/2016\/03\/EUflag-Erasmus-vv.png);'><\/span><\/a><\/div><div  class='slide-entry av-3xx7l6-c1bf1d9938ece9ad27a5f31cfb53a198 flex_column no_margin av_one_fifth real-thumbnail post-entry slide-entry-overview slide-loop-9 slide-parity-even  '><a href=\"http:\/\/www.edlv.ee\/www4\/\" data-rel='slide-1' class='slide-image' title=''  target=\"_blank\"  rel=\"noopener noreferrer\"><span class='av-partner-fake-img' style='padding-bottom:44.333333333333%; background-image:url(https:\/\/saksa.tln.edu.ee\/de\/wp-content\/uploads\/sites\/2\/2016\/03\/EstnischerDeutschlehrerverband-300x119.jpg);'><\/span><\/a><\/div><div  class='slide-entry av-1ulvka-04b3f45b5b30894eea53416c3277f9bb flex_column no_margin av_one_fifth real-thumbnail post-entry slide-entry-overview slide-loop-10 slide-parity-odd post-entry-last '><a href=\"http:\/\/deutsch.ee\/de\/\" data-rel='slide-1' class='slide-image' title='' ><span class='av-partner-fake-img' style='padding-bottom:44.333333333333%; background-image:url(https:\/\/saksa.tln.edu.ee\/de\/wp-content\/uploads\/sites\/2\/2016\/03\/DeutschesKulturinstitut-300x45.png);'><\/span><\/a><\/div><\/div><\/div><\/div><\/div>\n","protected":false},"excerpt":{"rendered":"","protected":false},"author":8,"featured_media":4309,"parent":14,"menu_order":0,"comment_status":"closed","ping_status":"closed","template":"","meta":{"footnotes":""},"class_list":["post-6820","page","type-page","status-publish","has-post-thumbnail","hentry"],"yoast_head":"<!-- This site is optimized with the Yoast SEO plugin v26.7 - https:\/\/yoast.com\/wordpress\/plugins\/seo\/ -->\n<title>Arbeiten am TSG - Tallinna Saksa G\u00fcmnaasium - Deutsches Gymnasium Tallinn<\/title>\n<meta name=\"robots\" content=\"index, follow, max-snippet:-1, max-image-preview:large, max-video-preview:-1\" \/>\n<link rel=\"canonical\" href=\"https:\/\/saksa.tln.edu.ee\/de\/kontakt\/arbeiten-am-tsg\/\" \/>\n<meta property=\"og:locale\" content=\"de_DE\" \/>\n<meta property=\"og:type\" content=\"article\" \/>\n<meta property=\"og:title\" content=\"Arbeiten am TSG - Tallinna Saksa G\u00fcmnaasium - Deutsches Gymnasium Tallinn\" \/>\n<meta property=\"og:url\" content=\"https:\/\/saksa.tln.edu.ee\/de\/kontakt\/arbeiten-am-tsg\/\" \/>\n<meta property=\"og:site_name\" content=\"Tallinna Saksa G\u00fcmnaasium - Deutsches Gymnasium Tallinn\" \/>\n<meta property=\"article:publisher\" content=\"https:\/\/www.facebook.com\/tallinnasaksagymnaasium\" \/>\n<meta property=\"article:modified_time\" content=\"2025-09-10T16:16:20+00:00\" \/>\n<meta property=\"og:image\" content=\"https:\/\/saksa.tln.edu.ee\/de\/wp-content\/uploads\/sites\/2\/2019\/01\/Heinroos-Postimees.jpg\" \/>\n\t<meta property=\"og:image:width\" content=\"1200\" \/>\n\t<meta property=\"og:image:height\" content=\"630\" \/>\n\t<meta property=\"og:image:type\" content=\"image\/jpeg\" \/>\n<meta name=\"twitter:card\" content=\"summary_large_image\" \/>\n<meta name=\"twitter:label1\" content=\"Gesch\u00e4tzte Lesezeit\" \/>\n\t<meta name=\"twitter:data1\" content=\"1\u00a0Minute\" \/>\n<script type=\"application\/ld+json\" class=\"yoast-schema-graph\">{\"@context\":\"https:\/\/schema.org\",\"@graph\":[{\"@type\":\"WebPage\",\"@id\":\"https:\/\/saksa.tln.edu.ee\/de\/kontakt\/arbeiten-am-tsg\/\",\"url\":\"https:\/\/saksa.tln.edu.ee\/de\/kontakt\/arbeiten-am-tsg\/\",\"name\":\"Arbeiten am TSG - Tallinna Saksa G\u00fcmnaasium - Deutsches Gymnasium Tallinn\",\"isPartOf\":{\"@id\":\"https:\/\/saksa.tln.edu.ee\/de\/#website\"},\"primaryImageOfPage\":{\"@id\":\"https:\/\/saksa.tln.edu.ee\/de\/kontakt\/arbeiten-am-tsg\/#primaryimage\"},\"image\":{\"@id\":\"https:\/\/saksa.tln.edu.ee\/de\/kontakt\/arbeiten-am-tsg\/#primaryimage\"},\"thumbnailUrl\":\"https:\/\/saksa.tln.edu.ee\/de\/wp-content\/uploads\/sites\/2\/2019\/01\/Heinroos-Postimees.jpg\",\"datePublished\":\"2022-02-25T07:43:04+00:00\",\"dateModified\":\"2025-09-10T16:16:20+00:00\",\"breadcrumb\":{\"@id\":\"https:\/\/saksa.tln.edu.ee\/de\/kontakt\/arbeiten-am-tsg\/#breadcrumb\"},\"inLanguage\":\"de\",\"potentialAction\":[{\"@type\":\"ReadAction\",\"target\":[\"https:\/\/saksa.tln.edu.ee\/de\/kontakt\/arbeiten-am-tsg\/\"]}]},{\"@type\":\"ImageObject\",\"inLanguage\":\"de\",\"@id\":\"https:\/\/saksa.tln.edu.ee\/de\/kontakt\/arbeiten-am-tsg\/#primaryimage\",\"url\":\"https:\/\/saksa.tln.edu.ee\/de\/wp-content\/uploads\/sites\/2\/2019\/01\/Heinroos-Postimees.jpg\",\"contentUrl\":\"https:\/\/saksa.tln.edu.ee\/de\/wp-content\/uploads\/sites\/2\/2019\/01\/Heinroos-Postimees.jpg\",\"width\":1200,\"height\":630,\"caption\":\"TSG saksa keele \u00f5petaja K\u00e4tlin Heinroos. FOTO: Eero Vabam\u00e4gi\"},{\"@type\":\"BreadcrumbList\",\"@id\":\"https:\/\/saksa.tln.edu.ee\/de\/kontakt\/arbeiten-am-tsg\/#breadcrumb\",\"itemListElement\":[{\"@type\":\"ListItem\",\"position\":1,\"name\":\"Home\",\"item\":\"https:\/\/saksa.tln.edu.ee\/de\/\"},{\"@type\":\"ListItem\",\"position\":2,\"name\":\"Kontakt\",\"item\":\"https:\/\/saksa.tln.edu.ee\/de\/kontakt\/\"},{\"@type\":\"ListItem\",\"position\":3,\"name\":\"Arbeiten am TSG\"}]},{\"@type\":\"WebSite\",\"@id\":\"https:\/\/saksa.tln.edu.ee\/de\/#website\",\"url\":\"https:\/\/saksa.tln.edu.ee\/de\/\",\"name\":\"Tallinna Saksa G\u00fcmnaasium - Deutsches Gymnasium Tallinn\",\"description\":\"DPS-Schule | Deutsch-Profil-Schule in Estlands Hauptstadt Tallinn\",\"publisher\":{\"@id\":\"https:\/\/saksa.tln.edu.ee\/de\/#organization\"},\"potentialAction\":[{\"@type\":\"SearchAction\",\"target\":{\"@type\":\"EntryPoint\",\"urlTemplate\":\"https:\/\/saksa.tln.edu.ee\/de\/?s={search_term_string}\"},\"query-input\":{\"@type\":\"PropertyValueSpecification\",\"valueRequired\":true,\"valueName\":\"search_term_string\"}}],\"inLanguage\":\"de\"},{\"@type\":\"Organization\",\"@id\":\"https:\/\/saksa.tln.edu.ee\/de\/#organization\",\"name\":\"Tallinna Saksa G\u00fcmnaasium\",\"url\":\"https:\/\/saksa.tln.edu.ee\/de\/\",\"logo\":{\"@type\":\"ImageObject\",\"inLanguage\":\"de\",\"@id\":\"https:\/\/saksa.tln.edu.ee\/de\/#\/schema\/logo\/image\/\",\"url\":\"https:\/\/saksa.tln.edu.ee\/de\/wp-content\/uploads\/sites\/2\/2020\/09\/tsg.png\",\"contentUrl\":\"https:\/\/saksa.tln.edu.ee\/de\/wp-content\/uploads\/sites\/2\/2020\/09\/tsg.png\",\"width\":261,\"height\":278,\"caption\":\"Tallinna Saksa G\u00fcmnaasium\"},\"image\":{\"@id\":\"https:\/\/saksa.tln.edu.ee\/de\/#\/schema\/logo\/image\/\"},\"sameAs\":[\"https:\/\/www.facebook.com\/tallinnasaksagymnaasium\",\"https:\/\/www.instagram.com\/tallinnasaksagymnaasium\/\",\"https:\/\/www.youtube.com\/user\/TSGVideoTV\",\"https:\/\/et.wikipedia.org\/wiki\/Tallinna_Saksa_G\u00fcmnaasium\"]}]}<\/script>\n<!-- \/ Yoast SEO plugin. -->","yoast_head_json":{"title":"Arbeiten am TSG - Tallinna Saksa G\u00fcmnaasium - Deutsches Gymnasium Tallinn","robots":{"index":"index","follow":"follow","max-snippet":"max-snippet:-1","max-image-preview":"max-image-preview:large","max-video-preview":"max-video-preview:-1"},"canonical":"https:\/\/saksa.tln.edu.ee\/de\/kontakt\/arbeiten-am-tsg\/","og_locale":"de_DE","og_type":"article","og_title":"Arbeiten am TSG - Tallinna Saksa G\u00fcmnaasium - Deutsches Gymnasium Tallinn","og_url":"https:\/\/saksa.tln.edu.ee\/de\/kontakt\/arbeiten-am-tsg\/","og_site_name":"Tallinna Saksa G\u00fcmnaasium - Deutsches Gymnasium Tallinn","article_publisher":"https:\/\/www.facebook.com\/tallinnasaksagymnaasium","article_modified_time":"2025-09-10T16:16:20+00:00","og_image":[{"width":1200,"height":630,"url":"https:\/\/saksa.tln.edu.ee\/de\/wp-content\/uploads\/sites\/2\/2019\/01\/Heinroos-Postimees.jpg","type":"image\/jpeg"}],"twitter_card":"summary_large_image","twitter_misc":{"Gesch\u00e4tzte Lesezeit":"1\u00a0Minute"},"schema":{"@context":"https:\/\/schema.org","@graph":[{"@type":"WebPage","@id":"https:\/\/saksa.tln.edu.ee\/de\/kontakt\/arbeiten-am-tsg\/","url":"https:\/\/saksa.tln.edu.ee\/de\/kontakt\/arbeiten-am-tsg\/","name":"Arbeiten am TSG - Tallinna Saksa G\u00fcmnaasium - Deutsches Gymnasium Tallinn","isPartOf":{"@id":"https:\/\/saksa.tln.edu.ee\/de\/#website"},"primaryImageOfPage":{"@id":"https:\/\/saksa.tln.edu.ee\/de\/kontakt\/arbeiten-am-tsg\/#primaryimage"},"image":{"@id":"https:\/\/saksa.tln.edu.ee\/de\/kontakt\/arbeiten-am-tsg\/#primaryimage"},"thumbnailUrl":"https:\/\/saksa.tln.edu.ee\/de\/wp-content\/uploads\/sites\/2\/2019\/01\/Heinroos-Postimees.jpg","datePublished":"2022-02-25T07:43:04+00:00","dateModified":"2025-09-10T16:16:20+00:00","breadcrumb":{"@id":"https:\/\/saksa.tln.edu.ee\/de\/kontakt\/arbeiten-am-tsg\/#breadcrumb"},"inLanguage":"de","potentialAction":[{"@type":"ReadAction","target":["https:\/\/saksa.tln.edu.ee\/de\/kontakt\/arbeiten-am-tsg\/"]}]},{"@type":"ImageObject","inLanguage":"de","@id":"https:\/\/saksa.tln.edu.ee\/de\/kontakt\/arbeiten-am-tsg\/#primaryimage","url":"https:\/\/saksa.tln.edu.ee\/de\/wp-content\/uploads\/sites\/2\/2019\/01\/Heinroos-Postimees.jpg","contentUrl":"https:\/\/saksa.tln.edu.ee\/de\/wp-content\/uploads\/sites\/2\/2019\/01\/Heinroos-Postimees.jpg","width":1200,"height":630,"caption":"TSG saksa keele \u00f5petaja K\u00e4tlin Heinroos. FOTO: Eero Vabam\u00e4gi"},{"@type":"BreadcrumbList","@id":"https:\/\/saksa.tln.edu.ee\/de\/kontakt\/arbeiten-am-tsg\/#breadcrumb","itemListElement":[{"@type":"ListItem","position":1,"name":"Home","item":"https:\/\/saksa.tln.edu.ee\/de\/"},{"@type":"ListItem","position":2,"name":"Kontakt","item":"https:\/\/saksa.tln.edu.ee\/de\/kontakt\/"},{"@type":"ListItem","position":3,"name":"Arbeiten am TSG"}]},{"@type":"WebSite","@id":"https:\/\/saksa.tln.edu.ee\/de\/#website","url":"https:\/\/saksa.tln.edu.ee\/de\/","name":"Tallinna Saksa G\u00fcmnaasium - Deutsches Gymnasium Tallinn","description":"DPS-Schule | Deutsch-Profil-Schule in Estlands Hauptstadt Tallinn","publisher":{"@id":"https:\/\/saksa.tln.edu.ee\/de\/#organization"},"potentialAction":[{"@type":"SearchAction","target":{"@type":"EntryPoint","urlTemplate":"https:\/\/saksa.tln.edu.ee\/de\/?s={search_term_string}"},"query-input":{"@type":"PropertyValueSpecification","valueRequired":true,"valueName":"search_term_string"}}],"inLanguage":"de"},{"@type":"Organization","@id":"https:\/\/saksa.tln.edu.ee\/de\/#organization","name":"Tallinna Saksa G\u00fcmnaasium","url":"https:\/\/saksa.tln.edu.ee\/de\/","logo":{"@type":"ImageObject","inLanguage":"de","@id":"https:\/\/saksa.tln.edu.ee\/de\/#\/schema\/logo\/image\/","url":"https:\/\/saksa.tln.edu.ee\/de\/wp-content\/uploads\/sites\/2\/2020\/09\/tsg.png","contentUrl":"https:\/\/saksa.tln.edu.ee\/de\/wp-content\/uploads\/sites\/2\/2020\/09\/tsg.png","width":261,"height":278,"caption":"Tallinna Saksa G\u00fcmnaasium"},"image":{"@id":"https:\/\/saksa.tln.edu.ee\/de\/#\/schema\/logo\/image\/"},"sameAs":["https:\/\/www.facebook.com\/tallinnasaksagymnaasium","https:\/\/www.instagram.com\/tallinnasaksagymnaasium\/","https:\/\/www.youtube.com\/user\/TSGVideoTV","https:\/\/et.wikipedia.org\/wiki\/Tallinna_Saksa_G\u00fcmnaasium"]}]}},"_links":{"self":[{"href":"https:\/\/saksa.tln.edu.ee\/de\/wp-json\/wp\/v2\/pages\/6820","targetHints":{"allow":["GET"]}}],"collection":[{"href":"https:\/\/saksa.tln.edu.ee\/de\/wp-json\/wp\/v2\/pages"}],"about":[{"href":"https:\/\/saksa.tln.edu.ee\/de\/wp-json\/wp\/v2\/types\/page"}],"author":[{"embeddable":true,"href":"https:\/\/saksa.tln.edu.ee\/de\/wp-json\/wp\/v2\/users\/8"}],"replies":[{"embeddable":true,"href":"https:\/\/saksa.tln.edu.ee\/de\/wp-json\/wp\/v2\/comments?post=6820"}],"version-history":[{"count":5,"href":"https:\/\/saksa.tln.edu.ee\/de\/wp-json\/wp\/v2\/pages\/6820\/revisions"}],"predecessor-version":[{"id":9215,"href":"https:\/\/saksa.tln.edu.ee\/de\/wp-json\/wp\/v2\/pages\/6820\/revisions\/9215"}],"up":[{"embeddable":true,"href":"https:\/\/saksa.tln.edu.ee\/de\/wp-json\/wp\/v2\/pages\/14"}],"wp:featuredmedia":[{"embeddable":true,"href":"https:\/\/saksa.tln.edu.ee\/de\/wp-json\/wp\/v2\/media\/4309"}],"wp:attachment":[{"href":"https:\/\/saksa.tln.edu.ee\/de\/wp-json\/wp\/v2\/media?parent=6820"}],"curies":[{"name":"wp","href":"https:\/\/api.w.org\/{rel}","templated":true}]}}